{"id":159,"date":"2022-06-26T11:26:19","date_gmt":"2022-06-26T11:26:19","guid":{"rendered":"https:\/\/www.peacefulpillhandbook.com\/age-verification\/?page_id=159"},"modified":"2023-03-07T11:14:04","modified_gmt":"2023-03-07T11:14:04","slug":"success","status":"publish","type":"page","link":"https:\/\/www.peacefulpillhandbook.com\/age-verification\/success\/","title":{"rendered":"<center>Video OK!"},"content":{"rendered":"<h4 style=\"text-align: center;\">The form &amp; video have been submitted. Thank you very much.<br \/>\nAn Exit Staff Member will contact you shortly.<\/h4>\n<p style=\"text-align: center;\">Het formulier en de video zijn ingediend. Hartelijk dank.<br \/>\nEen medewerker van Exit zal binnenkort contact met u opnemen.<\/p>\n<p style=\"text-align: center;\">Le formulaire et la vid\u00e9o ont \u00e9t\u00e9 soumis. Merci beaucoup.<br \/>\nUn membre du personnel d&#8217;Exit vous contactera prochainement.<\/p>\n<p style=\"text-align: center;\">Das Formular und das Video sind gesendet worden. Vielen Dank.<br \/>\nEin Mitarbeiter von Exit wird sich in K\u00fcrze mit Ihnen in Verbindung setzen.<\/p>\n<p style=\"text-align: center;\">El formulario y el v\u00eddeo han sido enviados. Muchas gracias.<br \/>\nUn miembro del personal de salidas se pondr\u00e1 en contacto con usted en breve.<\/p>\n<p style=\"text-align: center;\">Il modulo e il video sono stati inviati. Grazie mille.<br \/>\nUn membro dello staff di Exit la contatter\u00e0 a breve.<\/p>\n<p>&nbsp;<\/p>\n<p style=\"text-align: center;\">\n","protected":false},"excerpt":{"rendered":"<p>The form &amp; video have been submitted. Thank you very much. An Exit Staff Member will contact you shortly. Het formulier en de video zijn ingediend. Hartelijk dank. Een medewerker van Exit zal binnenkort contact met u opnemen. Le formulaire et la vid\u00e9o ont \u00e9t\u00e9 soumis. Merci beaucoup. Un membre du personnel d&#8217;Exit vous contactera&hellip; <a class=\"more-link\" href=\"https:\/\/www.peacefulpillhandbook.com\/age-verification\/success\/\">Continue reading <span class=\"screen-reader-text\"><center>Video OK!<\/span><\/a><\/p>\n","protected":false},"author":1,"featured_media":0,"parent":0,"menu_order":0,"comment_status":"closed","ping_status":"closed","template":"","meta":{"footnotes":""},"_links":{"self":[{"href":"https:\/\/www.peacefulpillhandbook.com\/age-verification\/wp-json\/wp\/v2\/pages\/159"}],"collection":[{"href":"https:\/\/www.peacefulpillhandbook.com\/age-verification\/wp-json\/wp\/v2\/pages"}],"about":[{"href":"https:\/\/www.peacefulpillhandbook.com\/age-verification\/wp-json\/wp\/v2\/types\/page"}],"author":[{"embeddable":true,"href":"https:\/\/www.peacefulpillhandbook.com\/age-verification\/wp-json\/wp\/v2\/users\/1"}],"replies":[{"embeddable":true,"href":"https:\/\/www.peacefulpillhandbook.com\/age-verification\/wp-json\/wp\/v2\/comments?post=159"}],"version-history":[{"count":10,"href":"https:\/\/www.peacefulpillhandbook.com\/age-verification\/wp-json\/wp\/v2\/pages\/159\/revisions"}],"predecessor-version":[{"id":4711,"href":"https:\/\/www.peacefulpillhandbook.com\/age-verification\/wp-json\/wp\/v2\/pages\/159\/revisions\/4711"}],"wp:attachment":[{"href":"https:\/\/www.peacefulpillhandbook.com\/age-verification\/wp-json\/wp\/v2\/media?parent=159"}],"curies":[{"name":"wp","href":"https:\/\/api.w.org\/{rel}","templated":true}]}}