{"id":49,"date":"2021-12-21T10:47:25","date_gmt":"2021-12-21T10:47:25","guid":{"rendered":"https:\/\/www.peacefulpillhandbook.com\/age-verification\/?page_id=49"},"modified":"2023-07-03T12:06:30","modified_gmt":"2023-07-03T12:06:30","slug":"italian","status":"publish","type":"page","link":"https:\/\/www.peacefulpillhandbook.com\/age-verification\/italian\/","title":{"rendered":"<center>Verifica dell&#8217;et\u00e0"},"content":{"rendered":"<p><img decoding=\"async\" loading=\"lazy\" class=\"alignnone size-full wp-image-3766\" src=\"https:\/\/www.peacefulpillhandbook.com\/age-verification\/wp-content\/uploads\/2023\/01\/italian.png\" alt=\"\" width=\"700\" height=\"277\" srcset=\"https:\/\/www.peacefulpillhandbook.com\/age-verification\/wp-content\/uploads\/2023\/01\/italian.png 700w, https:\/\/www.peacefulpillhandbook.com\/age-verification\/wp-content\/uploads\/2023\/01\/italian-300x119.png 300w\" sizes=\"(max-width: 700px) 100vw, 700px\" \/><\/p>\n<p>Per assicurarci che le condizioni di vendita siano rispettate e data la sensibilit\u00e0 politica della questione, dobbiamo verificare la Sua et\u00e0.<\/p>\n<noscript class=\"ninja-forms-noscript-message\">\n\tNotice: JavaScript is required for this content.<\/noscript>\n<div id=\"nf-form-3-cont\" class=\"nf-form-cont\" aria-live=\"polite\" aria-labelledby=\"nf-form-title-3\" aria-describedby=\"nf-form-errors-3\" role=\"form\">\n\n    <div class=\"nf-loading-spinner\"><\/div>\n\n<\/div>\n        <!-- That data is being printed as a workaround to page builders reordering the order of the scripts loaded-->\n        <script>var formDisplay=1;var nfForms=nfForms||[];var form=[];form.id='3';form.settings={\"objectType\":\"Form Setting\",\"editActive\":true,\"title\":\"Verification Video - Italian\",\"created_at\":\"2021-12-21 10:33:08\",\"default_label_pos\":\"above\",\"show_title\":\"0\",\"clear_complete\":\"0\",\"hide_complete\":\"0\",\"logged_in\":\"\",\"drawerDisabled\":false,\"formContentData\":[\"nome_completo_1640082808052\",\"indirizzo_email_1640082837850\",\"hr_1637448852422\",\"html_1637448860849\",\"videomail_1637448885300\",\"html_1637448943382\",\"invia_1640083197154\"],\"calculations\":[],\"sub_limit_msg\":\"The form has reached its submission limit.\",\"not_logged_in_msg\":\"\",\"unique_field_error\":\"A form with this value has already been submitted.\",\"currency\":\"\",\"repeatable_fieldsets\":\"\",\"honeypotHoneypotError\":\"Honeypot Error\",\"fieldsMarkedRequired\":\"I campi contrassegnati da un asterisco * sono obbligatori\",\"validateRequiredField\":\"Questo campo \\u00e8 richiesto\",\"fieldNumberIncrementBy\":\"Please increment by \",\"formErrorsCorrectErrors\":\"Please correct errors before submitting this form.\",\"fieldNumberNumMaxError\":\"Number Max Error\",\"fieldNumberNumMinError\":\"Number Min Error\",\"confirmFieldErrorMsg\":\"These fields must match!\",\"changeDateErrorMsg\":\"Please enter a valid date!\",\"changeEmailErrorMsg\":\"Inserire un indirizzo email valido\",\"key\":\"\",\"add_submit\":\"0\",\"wrapper_class\":\"\",\"element_class\":\"\",\"allow_public_link\":0,\"embed_form\":\"\",\"ninjaForms\":\"Ninja Forms\",\"fieldTextareaRTEInsertLink\":\"Insert Link\",\"fieldTextareaRTEInsertMedia\":\"Insert Media\",\"fieldTextareaRTESelectAFile\":\"Select a file\",\"formHoneypot\":\"If you are a human seeing this field, please leave it empty.\",\"fileUploadOldCodeFileUploadInProgress\":\"File Upload in Progress.\",\"fileUploadOldCodeFileUpload\":\"FILE UPLOAD\",\"currencySymbol\":\"&#36;\",\"thousands_sep\":\",\",\"decimal_point\":\".\",\"siteLocale\":\"en_US\",\"dateFormat\":\"m\\\/d\\\/Y\",\"startOfWeek\":\"1\",\"of\":\"of\",\"previousMonth\":\"Previous Month\",\"nextMonth\":\"Next Month\",\"months\":[\"January\",\"February\",\"March\",\"April\",\"May\",\"June\",\"July\",\"August\",\"September\",\"October\",\"November\",\"December\"],\"monthsShort\":[\"Jan\",\"Feb\",\"Mar\",\"Apr\",\"May\",\"Jun\",\"Jul\",\"Aug\",\"Sep\",\"Oct\",\"Nov\",\"Dec\"],\"weekdays\":[\"Sunday\",\"Monday\",\"Tuesday\",\"Wednesday\",\"Thursday\",\"Friday\",\"Saturday\"],\"weekdaysShort\":[\"Sun\",\"Mon\",\"Tue\",\"Wed\",\"Thu\",\"Fri\",\"Sat\"],\"weekdaysMin\":[\"Su\",\"Mo\",\"Tu\",\"We\",\"Th\",\"Fr\",\"Sa\"],\"recaptchaConsentMissing\":\"reCaptcha validation couldn&#039;t load.\",\"recaptchaMissingCookie\":\"reCaptcha v3 validation couldn&#039;t load the cookie needed to submit the form.\",\"recaptchaConsentEvent\":\"Accept reCaptcha cookies before sending the form.\",\"currency_symbol\":\"\",\"beforeForm\":\"\",\"beforeFields\":\"\",\"afterFields\":\"\",\"afterForm\":\"\"};form.fields=[{\"objectType\":\"Field\",\"objectDomain\":\"fields\",\"editActive\":false,\"order\":2,\"idAttribute\":\"id\",\"value\":\"\",\"drawerDisabled\":false,\"personally_identifiable\":\"\",\"custom_mask\":\"\",\"custom_name_attribute\":\"\",\"mask\":\"\",\"admin_label\":\"\",\"help_text\":\"\",\"manual_key\":\"\",\"input_limit_msg\":\"Character(s) left\",\"input_limit_type\":\"characters\",\"input_limit\":\"\",\"element_class\":\"\",\"container_class\":\"\",\"required\":1,\"default\":\"\",\"placeholder\":\"Inserire il proprio nome come appare sul documento di identit\\u00e0\",\"label_pos\":\"above\",\"key\":\"nome_completo_1640082808052\",\"type\":\"textbox\",\"label\":\"Nome completo\",\"field_label\":\"Your Full Name\",\"field_key\":\"your_full_name_1637448782803\",\"desc_text\":\"<p><br><\\\/p>\",\"id\":13,\"beforeField\":\"\",\"afterField\":\"\",\"parentType\":\"textbox\",\"element_templates\":[\"textbox\",\"input\"],\"old_classname\":\"\",\"wrap_template\":\"wrap\"},{\"objectType\":\"Field\",\"objectDomain\":\"fields\",\"editActive\":false,\"order\":3,\"idAttribute\":\"id\",\"drawerDisabled\":false,\"value\":\"\",\"personally_identifiable\":1,\"custom_name_attribute\":\"email\",\"help_text\":\"\",\"admin_label\":\"\",\"element_class\":\"\",\"container_class\":\"\",\"placeholder\":\"Inserire lo stesso indirizzo email usato per l'ordine\",\"default\":\"\",\"required\":1,\"label_pos\":\"above\",\"type\":\"email\",\"key\":\"indirizzo_email_1640082837850\",\"label\":\"Indirizzo Email\",\"field_label\":\"Your Email\",\"field_key\":\"your_email_1637448831787\",\"id\":14,\"beforeField\":\"\",\"afterField\":\"\",\"parentType\":\"email\",\"element_templates\":[\"email\",\"input\"],\"old_classname\":\"\",\"wrap_template\":\"wrap\"},{\"objectType\":\"Field\",\"objectDomain\":\"fields\",\"editActive\":false,\"order\":4,\"idAttribute\":\"id\",\"key\":\"hr_1637448852422\",\"element_class\":\"\",\"container_class\":\"\",\"type\":\"hr\",\"label\":\"Divider\",\"field_label\":\"Divider\",\"field_key\":\"hr_1637448852422\",\"id\":15,\"beforeField\":\"\",\"afterField\":\"\",\"value\":\"\",\"label_pos\":\"above\",\"parentType\":\"hr\",\"element_templates\":[\"hr\",\"input\"],\"old_classname\":\"\",\"wrap_template\":\"wrap\"},{\"objectType\":\"Field\",\"objectDomain\":\"fields\",\"editActive\":false,\"order\":5,\"idAttribute\":\"id\",\"key\":\"html_1637448860849\",\"element_class\":\"\",\"container_class\":\"\",\"type\":\"html\",\"default\":\"<p><span style=\\\"font-weight: 600;\\\">Ora registri un breve video di s\\u00e9 tenendo in mano un documento di identit\\u00e0.<\\\/span><\\\/p><p>Dovrebbe vedere la propria immagine qua sotto. In caso contrartio permetta a questo sito di utilizzare la webcam.&nbsp;<br><i>(In base al browser usato potrebbe apparire un popup o una piccola icona a forma di videocamera nella barra degli indirizzi. Potrebbe essere necessario aggiornare questa pagina.<\\\/i><\\\/p>\",\"label\":\"HTML\",\"drawerDisabled\":false,\"field_label\":\"HTML\",\"field_key\":\"html_1637448860849\",\"id\":16,\"beforeField\":\"\",\"afterField\":\"\",\"value\":\"<p><span style=\\\"font-weight: 600;\\\">Ora registri un breve video di s\\u00e9 tenendo in mano un documento di identit\\u00e0.<\\\/span><\\\/p><p>Dovrebbe vedere la propria immagine qua sotto. In caso contrartio permetta a questo sito di utilizzare la webcam.&nbsp;<br><i>(In base al browser usato potrebbe apparire un popup o una piccola icona a forma di videocamera nella barra degli indirizzi. Potrebbe essere necessario aggiornare questa pagina.<\\\/i><\\\/p>\",\"label_pos\":\"above\",\"parentType\":\"html\",\"element_templates\":[\"html\",\"input\"],\"old_classname\":\"\",\"wrap_template\":\"wrap\"},{\"objectType\":\"Field\",\"objectDomain\":\"fields\",\"editActive\":false,\"order\":6,\"idAttribute\":\"id\",\"drawerDisabled\":false,\"verbose\":\"\",\"image_quality\":40,\"width\":800,\"countdown\":3,\"limit_seconds\":60,\"email_body\":\"\",\"email_subject\":\"\",\"email_to\":\"\",\"email_from\":\"\",\"site_name\":\"peaceful-pill\",\"audio_enabled\":1,\"media_library\":\"false\",\"key\":\"videomail_1637448885300\",\"required\":1,\"label_pos\":\"above\",\"type\":\"videomail\",\"label\":\"\",\"field_label\":\"\",\"field_key\":\"videomail_1637448885300\",\"id\":17,\"beforeField\":\"\",\"afterField\":\"\",\"value\":\"\",\"parentType\":\"textbox\",\"element_templates\":[\"videomail\",\"input\"],\"old_classname\":\"\",\"wrap_template\":\"wrap\"},{\"objectType\":\"Field\",\"objectDomain\":\"fields\",\"editActive\":false,\"order\":7,\"idAttribute\":\"id\",\"drawerDisabled\":false,\"key\":\"html_1637448943382\",\"element_class\":\"\",\"container_class\":\"\",\"default\":\"<div><img decoding=\\\"async\\\" src=\\\"https:\\\/\\\/www.peacefulpillhandbook.com\\\/age-verification\\\/wp-content\\\/uploads\\\/2021\\\/11\\\/arrow1.png\\\" style=\\\"width: 700px;\\\"><br><\\\/div><ul><li>Quando si \\u00e8 pronti cliccare su \\\"<b>Record<\\\/b>\\\" per iniziare a riprendere.<\\\/li><li><li>Il volto dovr\\u00e0 essere chiaramente visibile nel video.<\\\/li><li>Avvicinare il documento alla videocamera in modo che il nome e la data di nascita siano leggibili.&nbsp;<\\\/li><\\\/li><li>Il tempo di ripresa massimo \\u00e8 di 1 minuto.<\\\/li><li>Cliccare su <b>Stop <\\\/b>per terminare la ripresa.<\\\/li><li>Si potr\\u00e0 rivedere il video appena registrato.<\\\/li><li>Se va bene, cliccare su <b>Invia&nbsp;<\\\/b>per inviarlo.<\\\/li><\\\/ul><p><img decoding=\\\"async\\\" src=\\\"https:\\\/\\\/www.peacefulpillhandbook.com\\\/age-verification\\\/wp-content\\\/uploads\\\/2021\\\/11\\\/arrow2.png\\\" style=\\\"width: 700px;\\\"><br><\\\/p>\",\"type\":\"html\",\"label\":\"HTML\",\"field_label\":\"HTML\",\"field_key\":\"html_1637448943382\",\"id\":18,\"beforeField\":\"\",\"afterField\":\"\",\"value\":\"<div><img decoding=\\\"async\\\" src=\\\"https:\\\/\\\/www.peacefulpillhandbook.com\\\/age-verification\\\/wp-content\\\/uploads\\\/2021\\\/11\\\/arrow1.png\\\" style=\\\"width: 700px;\\\"><br><\\\/div><ul><li>Quando si \\u00e8 pronti cliccare su \\\"<b>Record<\\\/b>\\\" per iniziare a riprendere.<\\\/li><li><li>Il volto dovr\\u00e0 essere chiaramente visibile nel video.<\\\/li><li>Avvicinare il documento alla videocamera in modo che il nome e la data di nascita siano leggibili.&nbsp;<\\\/li><\\\/li><li>Il tempo di ripresa massimo \\u00e8 di 1 minuto.<\\\/li><li>Cliccare su <b>Stop <\\\/b>per terminare la ripresa.<\\\/li><li>Si potr\\u00e0 rivedere il video appena registrato.<\\\/li><li>Se va bene, cliccare su <b>Invia&nbsp;<\\\/b>per inviarlo.<\\\/li><\\\/ul><p><img decoding=\\\"async\\\" src=\\\"https:\\\/\\\/www.peacefulpillhandbook.com\\\/age-verification\\\/wp-content\\\/uploads\\\/2021\\\/11\\\/arrow2.png\\\" style=\\\"width: 700px;\\\"><br><\\\/p>\",\"label_pos\":\"above\",\"parentType\":\"html\",\"element_templates\":[\"html\",\"input\"],\"old_classname\":\"\",\"wrap_template\":\"wrap\"},{\"objectType\":\"Field\",\"objectDomain\":\"fields\",\"editActive\":false,\"order\":8,\"idAttribute\":\"id\",\"drawerDisabled\":false,\"key\":\"invia_1640083197154\",\"element_class\":\"\",\"container_class\":\"\",\"processing_label\":\"Processing\",\"type\":\"submit\",\"label\":\"Invia\",\"field_label\":\"Submit\",\"field_key\":\"submit_1637448969492\",\"id\":19,\"beforeField\":\"\",\"afterField\":\"\",\"value\":\"\",\"label_pos\":\"above\",\"parentType\":\"textbox\",\"element_templates\":[\"submit\",\"button\",\"input\"],\"old_classname\":\"\",\"wrap_template\":\"wrap-no-label\"}];nfForms.push(form);<\/script>\n        \n<p>Il video sar\u00e0 visionato solamente da un membro dello staff di Exit International e sar\u00e0 automaticamente cancellato dal server dopo 1 mese.<\/p>\n","protected":false},"excerpt":{"rendered":"<p>Per assicurarci che le condizioni di vendita siano rispettate e data la sensibilit\u00e0 politica della questione, dobbiamo verificare la Sua et\u00e0. Il video sar\u00e0 visionato solamente da un membro dello staff di Exit International e sar\u00e0 automaticamente cancellato dal server dopo 1 mese.<\/p>\n","protected":false},"author":1,"featured_media":0,"parent":0,"menu_order":0,"comment_status":"closed","ping_status":"closed","template":"","meta":{"footnotes":""},"_links":{"self":[{"href":"https:\/\/www.peacefulpillhandbook.com\/age-verification\/wp-json\/wp\/v2\/pages\/49"}],"collection":[{"href":"https:\/\/www.peacefulpillhandbook.com\/age-verification\/wp-json\/wp\/v2\/pages"}],"about":[{"href":"https:\/\/www.peacefulpillhandbook.com\/age-verification\/wp-json\/wp\/v2\/types\/page"}],"author":[{"embeddable":true,"href":"https:\/\/www.peacefulpillhandbook.com\/age-verification\/wp-json\/wp\/v2\/users\/1"}],"replies":[{"embeddable":true,"href":"https:\/\/www.peacefulpillhandbook.com\/age-verification\/wp-json\/wp\/v2\/comments?post=49"}],"version-history":[{"count":5,"href":"https:\/\/www.peacefulpillhandbook.com\/age-verification\/wp-json\/wp\/v2\/pages\/49\/revisions"}],"predecessor-version":[{"id":5810,"href":"https:\/\/www.peacefulpillhandbook.com\/age-verification\/wp-json\/wp\/v2\/pages\/49\/revisions\/5810"}],"wp:attachment":[{"href":"https:\/\/www.peacefulpillhandbook.com\/age-verification\/wp-json\/wp\/v2\/media?parent=49"}],"curies":[{"name":"wp","href":"https:\/\/api.w.org\/{rel}","templated":true}]}}