{"id":86,"date":"2022-05-01T21:53:26","date_gmt":"2022-05-01T21:53:26","guid":{"rendered":"https:\/\/www.peacefulpillhandbook.com\/age-verification\/?page_id=86"},"modified":"2023-07-03T12:06:20","modified_gmt":"2023-07-03T12:06:20","slug":"german","status":"publish","type":"page","link":"https:\/\/www.peacefulpillhandbook.com\/age-verification\/german\/","title":{"rendered":"<center>Altersbest\u00e4tigung"},"content":{"rendered":"<p><img decoding=\"async\" loading=\"lazy\" class=\"alignnone size-full wp-image-3760\" src=\"https:\/\/www.peacefulpillhandbook.com\/age-verification\/wp-content\/uploads\/2023\/01\/german.png\" alt=\"\" width=\"700\" height=\"277\" srcset=\"https:\/\/www.peacefulpillhandbook.com\/age-verification\/wp-content\/uploads\/2023\/01\/german.png 700w, https:\/\/www.peacefulpillhandbook.com\/age-verification\/wp-content\/uploads\/2023\/01\/german-300x119.png 300w\" sizes=\"(max-width: 700px) 100vw, 700px\" \/><\/p>\n<p>Um sicherzustellen, dass die Verkaufsbedingungen eingehalten werden, und in Anbetracht der Sensibilit\u00e4t des Themas, ist es notwendig, Ihr Alter zu \u00fcberpr\u00fcfen.<\/p>\n<noscript class=\"ninja-forms-noscript-message\">\n\tNotice: JavaScript is required for this content.<\/noscript>\n<div id=\"nf-form-4-cont\" class=\"nf-form-cont\" aria-live=\"polite\" aria-labelledby=\"nf-form-title-4\" aria-describedby=\"nf-form-errors-4\" role=\"form\">\n\n    <div class=\"nf-loading-spinner\"><\/div>\n\n<\/div>\n        <!-- That data is being printed as a workaround to page builders reordering the order of the scripts loaded-->\n        <script>var formDisplay=1;var nfForms=nfForms||[];var form=[];form.id='4';form.settings={\"objectType\":\"Form Setting\",\"editActive\":true,\"title\":\"Verification Video - German\",\"show_title\":0,\"allow_public_link\":0,\"embed_form\":\"\",\"clear_complete\":0,\"hide_complete\":0,\"default_label_pos\":\"above\",\"wrapper_class\":\"\",\"element_class\":\"\",\"key\":\"\",\"add_submit\":1,\"changeEmailErrorMsg\":\"BITTE GEBEN SIE EINE G\\u00dcLTIGE E-MAIL ADRESSE EIN!\",\"changeDateErrorMsg\":\"Please enter a valid date!\",\"confirmFieldErrorMsg\":\"These fields must match!\",\"fieldNumberNumMinError\":\"Number Min Error\",\"fieldNumberNumMaxError\":\"Number Max Error\",\"fieldNumberIncrementBy\":\"Please increment by \",\"formErrorsCorrectErrors\":\"Please correct errors before submitting this form.\",\"validateRequiredField\":\"DIES IST EIN PFLICHTFELD.\",\"honeypotHoneypotError\":\"Honeypot Error\",\"fieldsMarkedRequired\":\"Die mit einem * gekennzeichneten Felder sind Pflichtfelder\",\"currency\":\"\",\"repeatable_fieldsets\":\"\",\"unique_field_error\":\"A form with this value has already been submitted.\",\"logged_in\":false,\"not_logged_in_msg\":\"\",\"sub_limit_msg\":\"The form has reached its submission limit.\",\"calculations\":[],\"formContentData\":[\"vollstaendiger_name_1651442069226\",\"ihre_e-mail_adresse_1651442164910\",\"hr_1651442247467\",\"html_1651442255658\",\"video_1688730346666\",\"html_1651442492299\",\"senden_1651443063827\"],\"drawerDisabled\":false,\"ninjaForms\":\"Ninja Forms\",\"fieldTextareaRTEInsertLink\":\"Insert Link\",\"fieldTextareaRTEInsertMedia\":\"Insert Media\",\"fieldTextareaRTESelectAFile\":\"Select a file\",\"formHoneypot\":\"If you are a human seeing this field, please leave it empty.\",\"fileUploadOldCodeFileUploadInProgress\":\"File Upload in Progress.\",\"fileUploadOldCodeFileUpload\":\"FILE UPLOAD\",\"currencySymbol\":\"&#36;\",\"thousands_sep\":\",\",\"decimal_point\":\".\",\"siteLocale\":\"en_US\",\"dateFormat\":\"m\\\/d\\\/Y\",\"startOfWeek\":\"1\",\"of\":\"of\",\"previousMonth\":\"Previous Month\",\"nextMonth\":\"Next Month\",\"months\":[\"January\",\"February\",\"March\",\"April\",\"May\",\"June\",\"July\",\"August\",\"September\",\"October\",\"November\",\"December\"],\"monthsShort\":[\"Jan\",\"Feb\",\"Mar\",\"Apr\",\"May\",\"Jun\",\"Jul\",\"Aug\",\"Sep\",\"Oct\",\"Nov\",\"Dec\"],\"weekdays\":[\"Sunday\",\"Monday\",\"Tuesday\",\"Wednesday\",\"Thursday\",\"Friday\",\"Saturday\"],\"weekdaysShort\":[\"Sun\",\"Mon\",\"Tue\",\"Wed\",\"Thu\",\"Fri\",\"Sat\"],\"weekdaysMin\":[\"Su\",\"Mo\",\"Tu\",\"We\",\"Th\",\"Fr\",\"Sa\"],\"recaptchaConsentMissing\":\"reCaptcha validation couldn&#039;t load.\",\"recaptchaMissingCookie\":\"reCaptcha v3 validation couldn&#039;t load the cookie needed to submit the form.\",\"recaptchaConsentEvent\":\"Accept reCaptcha cookies before sending the form.\",\"currency_symbol\":\"\",\"beforeForm\":\"\",\"beforeFields\":\"\",\"afterFields\":\"\",\"afterForm\":\"\"};form.fields=[{\"objectType\":\"Field\",\"objectDomain\":\"fields\",\"editActive\":false,\"order\":999,\"idAttribute\":\"id\",\"type\":\"textbox\",\"label\":\"Vollst\\u00e4ndiger Name\",\"key\":\"vollstaendiger_name_1651442069226\",\"label_pos\":\"above\",\"required\":1,\"default\":\"\",\"placeholder\":\"Bitte geben Sie hier Ihren Namen ein, wie er in Ihrem Ausweis angegeben ist\",\"container_class\":\"\",\"element_class\":\"\",\"input_limit\":\"\",\"input_limit_type\":\"characters\",\"input_limit_msg\":\"Character(s) left\",\"manual_key\":false,\"admin_label\":\"\",\"help_text\":\"\",\"desc_text\":\"<p><br><\\\/p>\",\"mask\":\"\",\"custom_mask\":\"\",\"custom_name_attribute\":\"\",\"personally_identifiable\":\"\",\"value\":\"\",\"drawerDisabled\":false,\"id\":20,\"beforeField\":\"\",\"afterField\":\"\",\"parentType\":\"textbox\",\"element_templates\":[\"textbox\",\"input\"],\"old_classname\":\"\",\"wrap_template\":\"wrap\"},{\"objectType\":\"Field\",\"objectDomain\":\"fields\",\"editActive\":false,\"order\":999,\"idAttribute\":\"id\",\"type\":\"email\",\"label\":\"Ihre E-mail Adresse\",\"key\":\"ihre_e-mail_adresse_1651442164910\",\"label_pos\":\"above\",\"required\":1,\"default\":\"\",\"placeholder\":\"Geben Sie hier dieselbe E-Mail-Adresse ein, mit der Sie Ihre Bestellung get\\u00e4tigt haben.\",\"container_class\":\"\",\"element_class\":\"\",\"admin_label\":\"\",\"help_text\":\"\",\"custom_name_attribute\":\"email\",\"personally_identifiable\":1,\"value\":\"\",\"drawerDisabled\":false,\"id\":21,\"beforeField\":\"\",\"afterField\":\"\",\"parentType\":\"email\",\"element_templates\":[\"email\",\"input\"],\"old_classname\":\"\",\"wrap_template\":\"wrap\"},{\"objectType\":\"Field\",\"objectDomain\":\"fields\",\"editActive\":false,\"order\":999,\"idAttribute\":\"id\",\"type\":\"hr\",\"label\":\"Divider\",\"container_class\":\"\",\"element_class\":\"\",\"key\":\"hr_1651442247467\",\"id\":22,\"beforeField\":\"\",\"afterField\":\"\",\"value\":\"\",\"label_pos\":\"above\",\"parentType\":\"hr\",\"element_templates\":[\"hr\",\"input\"],\"old_classname\":\"\",\"wrap_template\":\"wrap\"},{\"objectType\":\"Field\",\"objectDomain\":\"fields\",\"editActive\":false,\"order\":999,\"idAttribute\":\"id\",\"type\":\"html\",\"label\":\"HTML\",\"default\":\"<p><b>Nehmen Sie nun bitte ein kurzes Video auf, in dem Sie einen Personalausweis mit Foto in Ihrer Hand halten.<\\\/b><\\\/p><p>Sie sollten Ihr Bild hier unten sehen. Wenn dies nicht der Fall ist, geben Sie bitte dieser Website die Erlaubnis, Ihre Webcam zu aktivieren. <br><i>(Je nach Browser kann dies ein Pop-up-Fenster oder ein kleines Kamerasymbol in der Adressleiste sein. Eventuell m\\u00fcssen Sie diese Seite aktualisieren.)<\\\/i><\\\/p>\",\"container_class\":\"\",\"element_class\":\"\",\"key\":\"html_1651442255658\",\"drawerDisabled\":false,\"id\":23,\"beforeField\":\"\",\"afterField\":\"\",\"value\":\"<p><b>Nehmen Sie nun bitte ein kurzes Video auf, in dem Sie einen Personalausweis mit Foto in Ihrer Hand halten.<\\\/b><\\\/p><p>Sie sollten Ihr Bild hier unten sehen. Wenn dies nicht der Fall ist, geben Sie bitte dieser Website die Erlaubnis, Ihre Webcam zu aktivieren. <br><i>(Je nach Browser kann dies ein Pop-up-Fenster oder ein kleines Kamerasymbol in der Adressleiste sein. Eventuell m\\u00fcssen Sie diese Seite aktualisieren.)<\\\/i><\\\/p>\",\"label_pos\":\"above\",\"parentType\":\"html\",\"element_templates\":[\"html\",\"input\"],\"old_classname\":\"\",\"wrap_template\":\"wrap\"},{\"objectType\":\"Field\",\"objectDomain\":\"fields\",\"editActive\":false,\"order\":999,\"idAttribute\":\"id\",\"type\":\"videomail\",\"label\":\"\",\"label_pos\":\"above\",\"required\":1,\"key\":\"video_1688730346666\",\"media_library\":\"false\",\"audio_enabled\":true,\"site_name\":\"peaceful-pill\",\"email_from\":\"\",\"email_to\":\"\",\"email_subject\":\"\",\"email_body\":\"\",\"limit_seconds\":60,\"countdown\":3,\"width\":800,\"image_quality\":40,\"verbose\":false,\"drawerDisabled\":false,\"id\":24,\"beforeField\":\"\",\"afterField\":\"\",\"value\":\"\",\"parentType\":\"textbox\",\"element_templates\":[\"videomail\",\"input\"],\"old_classname\":\"\",\"wrap_template\":\"wrap\"},{\"objectType\":\"Field\",\"objectDomain\":\"fields\",\"editActive\":false,\"order\":999,\"idAttribute\":\"id\",\"type\":\"html\",\"label\":\"HTML\",\"default\":\"<div><img decoding=\\\"async\\\" src=\\\"https:\\\/\\\/www.peacefulpillhandbook.com\\\/age-verification\\\/wp-content\\\/uploads\\\/2021\\\/11\\\/arrow1.png\\\" style=\\\"width: 700px;\\\"><br><\\\/div><ul><li>Wenn Sie bereit sind, starten Sie die Aufnahme, indem Sie auf \\\"Record\\\" klicken.<\\\/li><li><li>Ihr Gesicht sollte auf dem Video deutlich zu sehen sein.<\\\/li><li>Bringen Sie Ihren Ausweis so nah an die Kamera, dass Ihr Name und Ihr Geburtsdatum lesbar sind.&nbsp;<\\\/li><\\\/li><li>Die maximale Aufnahmezeit betr\\u00e4gt 1 Minute.<\\\/li><li>Wenn Sie fertig sind, klicken Sie auf Stopp.<\\\/li><li>Sie k\\u00f6nnen sich das soeben aufgenommene Video ansehen.<\\\/li><li>Wenn Sie damit zufrieden sind, klicken Sie hier unten auf&nbsp; \\\"Senden\\\".<\\\/li><\\\/ul><p><img decoding=\\\"async\\\" src=\\\"https:\\\/\\\/www.peacefulpillhandbook.com\\\/age-verification\\\/wp-content\\\/uploads\\\/2021\\\/11\\\/arrow2.png\\\" style=\\\"width: 700px;\\\"><br><\\\/p>\",\"container_class\":\"\",\"element_class\":\"\",\"key\":\"html_1651442492299\",\"drawerDisabled\":false,\"id\":25,\"beforeField\":\"\",\"afterField\":\"\",\"value\":\"<div><img decoding=\\\"async\\\" src=\\\"https:\\\/\\\/www.peacefulpillhandbook.com\\\/age-verification\\\/wp-content\\\/uploads\\\/2021\\\/11\\\/arrow1.png\\\" style=\\\"width: 700px;\\\"><br><\\\/div><ul><li>Wenn Sie bereit sind, starten Sie die Aufnahme, indem Sie auf \\\"Record\\\" klicken.<\\\/li><li><li>Ihr Gesicht sollte auf dem Video deutlich zu sehen sein.<\\\/li><li>Bringen Sie Ihren Ausweis so nah an die Kamera, dass Ihr Name und Ihr Geburtsdatum lesbar sind.&nbsp;<\\\/li><\\\/li><li>Die maximale Aufnahmezeit betr\\u00e4gt 1 Minute.<\\\/li><li>Wenn Sie fertig sind, klicken Sie auf Stopp.<\\\/li><li>Sie k\\u00f6nnen sich das soeben aufgenommene Video ansehen.<\\\/li><li>Wenn Sie damit zufrieden sind, klicken Sie hier unten auf&nbsp; \\\"Senden\\\".<\\\/li><\\\/ul><p><img decoding=\\\"async\\\" src=\\\"https:\\\/\\\/www.peacefulpillhandbook.com\\\/age-verification\\\/wp-content\\\/uploads\\\/2021\\\/11\\\/arrow2.png\\\" style=\\\"width: 700px;\\\"><br><\\\/p>\",\"label_pos\":\"above\",\"parentType\":\"html\",\"element_templates\":[\"html\",\"input\"],\"old_classname\":\"\",\"wrap_template\":\"wrap\"},{\"objectType\":\"Field\",\"objectDomain\":\"fields\",\"editActive\":false,\"order\":9999,\"idAttribute\":\"id\",\"type\":\"submit\",\"label\":\"Senden\",\"processing_label\":\"Processing\",\"container_class\":\"\",\"element_class\":\"\",\"key\":\"senden_1651443063827\",\"drawerDisabled\":false,\"id\":26,\"beforeField\":\"\",\"afterField\":\"\",\"value\":\"\",\"label_pos\":\"above\",\"parentType\":\"textbox\",\"element_templates\":[\"submit\",\"button\",\"input\"],\"old_classname\":\"\",\"wrap_template\":\"wrap-no-label\"}];nfForms.push(form);<\/script>\n        \n<p>Das Video wird ausschlie\u00dflich von einem Mitarbeiter von Exit International gesichtet und wird nach 1 Monat automatisch von den Servern gel\u00f6scht.<\/p>\n","protected":false},"excerpt":{"rendered":"<p>Um sicherzustellen, dass die Verkaufsbedingungen eingehalten werden, und in Anbetracht der Sensibilit\u00e4t des Themas, ist es notwendig, Ihr Alter zu \u00fcberpr\u00fcfen. Das Video wird ausschlie\u00dflich von einem Mitarbeiter von Exit International gesichtet und wird nach 1 Monat automatisch von den Servern gel\u00f6scht.<\/p>\n","protected":false},"author":1,"featured_media":0,"parent":0,"menu_order":0,"comment_status":"closed","ping_status":"closed","template":"","meta":{"footnotes":""},"_links":{"self":[{"href":"https:\/\/www.peacefulpillhandbook.com\/age-verification\/wp-json\/wp\/v2\/pages\/86"}],"collection":[{"href":"https:\/\/www.peacefulpillhandbook.com\/age-verification\/wp-json\/wp\/v2\/pages"}],"about":[{"href":"https:\/\/www.peacefulpillhandbook.com\/age-verification\/wp-json\/wp\/v2\/types\/page"}],"author":[{"embeddable":true,"href":"https:\/\/www.peacefulpillhandbook.com\/age-verification\/wp-json\/wp\/v2\/users\/1"}],"replies":[{"embeddable":true,"href":"https:\/\/www.peacefulpillhandbook.com\/age-verification\/wp-json\/wp\/v2\/comments?post=86"}],"version-history":[{"count":5,"href":"https:\/\/www.peacefulpillhandbook.com\/age-verification\/wp-json\/wp\/v2\/pages\/86\/revisions"}],"predecessor-version":[{"id":3757,"href":"https:\/\/www.peacefulpillhandbook.com\/age-verification\/wp-json\/wp\/v2\/pages\/86\/revisions\/3757"}],"wp:attachment":[{"href":"https:\/\/www.peacefulpillhandbook.com\/age-verification\/wp-json\/wp\/v2\/media?parent=86"}],"curies":[{"name":"wp","href":"https:\/\/api.w.org\/{rel}","templated":true}]}}