{"id":88,"date":"2022-05-02T08:24:02","date_gmt":"2022-05-02T08:24:02","guid":{"rendered":"https:\/\/www.peacefulpillhandbook.com\/age-verification\/?page_id=88"},"modified":"2023-07-03T12:06:41","modified_gmt":"2023-07-03T12:06:41","slug":"spanish","status":"publish","type":"page","link":"https:\/\/www.peacefulpillhandbook.com\/age-verification\/spanish\/","title":{"rendered":"<center>Verificaci\u00f3n de la edad"},"content":{"rendered":"<p><img decoding=\"async\" loading=\"lazy\" class=\"alignnone size-full wp-image-3764\" src=\"https:\/\/www.peacefulpillhandbook.com\/age-verification\/wp-content\/uploads\/2023\/01\/spanish.png\" alt=\"\" width=\"700\" height=\"277\" srcset=\"https:\/\/www.peacefulpillhandbook.com\/age-verification\/wp-content\/uploads\/2023\/01\/spanish.png 700w, https:\/\/www.peacefulpillhandbook.com\/age-verification\/wp-content\/uploads\/2023\/01\/spanish-300x119.png 300w\" sizes=\"(max-width: 700px) 100vw, 700px\" \/><\/p>\n<p>Para garantizar el cumplimiento de nuestras condiciones de venta, y dada la sensibilidad del asunto, necesitamos verificar su edad.<\/p>\n<noscript class=\"ninja-forms-noscript-message\">\n\tNotice: JavaScript is required for this content.<\/noscript>\n<div id=\"nf-form-6-cont\" class=\"nf-form-cont\" aria-live=\"polite\" aria-labelledby=\"nf-form-title-6\" aria-describedby=\"nf-form-errors-6\" role=\"form\">\n\n    <div class=\"nf-loading-spinner\"><\/div>\n\n<\/div>\n        <!-- That data is being printed as a workaround to page builders reordering the order of the scripts loaded-->\n        <script>var formDisplay=1;var nfForms=nfForms||[];var form=[];form.id='6';form.settings={\"objectType\":\"Form Setting\",\"editActive\":true,\"title\":\"Verification Video - Spanish\",\"created_at\":\"2022-05-02 08:14:23\",\"default_label_pos\":\"above\",\"show_title\":\"0\",\"clear_complete\":\"0\",\"hide_complete\":\"0\",\"logged_in\":\"\",\"wrapper_class\":\"\",\"element_class\":\"\",\"key\":\"\",\"add_submit\":\"0\",\"changeEmailErrorMsg\":\"POR FAVOR, INTRODUZCA UNA DIRECCI\\u00d3N DE CORREO ELECTR\\u00d3NICO V\\u00c1LIDA.\",\"changeDateErrorMsg\":\"Please enter a valid date!\",\"confirmFieldErrorMsg\":\"These fields must match!\",\"fieldNumberNumMinError\":\"Number Min Error\",\"fieldNumberNumMaxError\":\"Number Max Error\",\"fieldNumberIncrementBy\":\"Please increment by \",\"formErrorsCorrectErrors\":\"Please correct errors before submitting this form.\",\"validateRequiredField\":\"ESTE ES UN CAMPO OBLIGATORIO.\",\"honeypotHoneypotError\":\"Honeypot Error\",\"fieldsMarkedRequired\":\"Los campos marcados con un * son obligatorios.\",\"currency\":\"\",\"repeatable_fieldsets\":\"\",\"unique_field_error\":\"A form with this value has already been submitted.\",\"not_logged_in_msg\":\"\",\"sub_limit_msg\":\"The form has reached its submission limit.\",\"calculations\":[],\"formContentData\":[\"su_nombre_completo_1651479295928\",\"su_correo_electronico_1651479311257\",\"hr_1637448852422\",\"html_1637448860849\",\"videomail_1637448885300\",\"html_1637448943382\",\"enviar_1651479430139\"],\"drawerDisabled\":false,\"allow_public_link\":0,\"embed_form\":\"\",\"ninjaForms\":\"Ninja Forms\",\"fieldTextareaRTEInsertLink\":\"Insert Link\",\"fieldTextareaRTEInsertMedia\":\"Insert Media\",\"fieldTextareaRTESelectAFile\":\"Select a file\",\"formHoneypot\":\"If you are a human seeing this field, please leave it empty.\",\"fileUploadOldCodeFileUploadInProgress\":\"File Upload in Progress.\",\"fileUploadOldCodeFileUpload\":\"FILE UPLOAD\",\"currencySymbol\":\"&#36;\",\"thousands_sep\":\",\",\"decimal_point\":\".\",\"siteLocale\":\"en_US\",\"dateFormat\":\"m\\\/d\\\/Y\",\"startOfWeek\":\"1\",\"of\":\"of\",\"previousMonth\":\"Previous Month\",\"nextMonth\":\"Next Month\",\"months\":[\"January\",\"February\",\"March\",\"April\",\"May\",\"June\",\"July\",\"August\",\"September\",\"October\",\"November\",\"December\"],\"monthsShort\":[\"Jan\",\"Feb\",\"Mar\",\"Apr\",\"May\",\"Jun\",\"Jul\",\"Aug\",\"Sep\",\"Oct\",\"Nov\",\"Dec\"],\"weekdays\":[\"Sunday\",\"Monday\",\"Tuesday\",\"Wednesday\",\"Thursday\",\"Friday\",\"Saturday\"],\"weekdaysShort\":[\"Sun\",\"Mon\",\"Tue\",\"Wed\",\"Thu\",\"Fri\",\"Sat\"],\"weekdaysMin\":[\"Su\",\"Mo\",\"Tu\",\"We\",\"Th\",\"Fr\",\"Sa\"],\"recaptchaConsentMissing\":\"reCaptcha validation couldn&#039;t load.\",\"recaptchaMissingCookie\":\"reCaptcha v3 validation couldn&#039;t load the cookie needed to submit the form.\",\"recaptchaConsentEvent\":\"Accept reCaptcha cookies before sending the form.\",\"currency_symbol\":\"\",\"beforeForm\":\"\",\"beforeFields\":\"\",\"afterFields\":\"\",\"afterForm\":\"\"};form.fields=[{\"objectType\":\"Field\",\"objectDomain\":\"fields\",\"editActive\":false,\"order\":2,\"idAttribute\":\"id\",\"label\":\"Su nombre completo\",\"type\":\"textbox\",\"key\":\"su_nombre_completo_1651479295928\",\"label_pos\":\"above\",\"required\":1,\"default\":\"\",\"placeholder\":\"Por favor, introduzca aqu\\u00ed su nombre tal y como aparece en su documento de identidad\",\"container_class\":\"\",\"element_class\":\"\",\"input_limit\":\"\",\"input_limit_type\":\"characters\",\"input_limit_msg\":\"Character(s) left\",\"manual_key\":\"\",\"admin_label\":\"\",\"help_text\":\"\",\"mask\":\"\",\"custom_mask\":\"\",\"custom_name_attribute\":\"\",\"personally_identifiable\":\"\",\"value\":\"\",\"drawerDisabled\":\"\",\"field_label\":\"Your Full Name\",\"field_key\":\"your_full_name_1637448782803\",\"id\":34,\"beforeField\":\"\",\"afterField\":\"\",\"parentType\":\"textbox\",\"element_templates\":[\"textbox\",\"input\"],\"old_classname\":\"\",\"wrap_template\":\"wrap\"},{\"objectType\":\"Field\",\"objectDomain\":\"fields\",\"editActive\":false,\"order\":3,\"idAttribute\":\"id\",\"label\":\"Su correo electr\\u00f3nico\",\"type\":\"email\",\"key\":\"su_correo_electronico_1651479311257\",\"label_pos\":\"above\",\"required\":1,\"default\":\"\",\"placeholder\":\"Introduzca aqu\\u00ed el mismo correo electr\\u00f3nico utilizado para realizar su pedido.\",\"container_class\":\"\",\"element_class\":\"\",\"admin_label\":\"\",\"help_text\":\"\",\"custom_name_attribute\":\"email\",\"personally_identifiable\":1,\"value\":\"\",\"drawerDisabled\":\"\",\"field_label\":\"Your Email\",\"field_key\":\"your_email_1637448831787\",\"id\":35,\"beforeField\":\"\",\"afterField\":\"\",\"parentType\":\"email\",\"element_templates\":[\"email\",\"input\"],\"old_classname\":\"\",\"wrap_template\":\"wrap\"},{\"objectType\":\"Field\",\"objectDomain\":\"fields\",\"editActive\":false,\"order\":4,\"idAttribute\":\"id\",\"label\":\"Divider\",\"type\":\"hr\",\"container_class\":\"\",\"element_class\":\"\",\"key\":\"hr_1637448852422\",\"field_label\":\"Divider\",\"field_key\":\"hr_1637448852422\",\"id\":36,\"beforeField\":\"\",\"afterField\":\"\",\"value\":\"\",\"label_pos\":\"above\",\"parentType\":\"hr\",\"element_templates\":[\"hr\",\"input\"],\"old_classname\":\"\",\"wrap_template\":\"wrap\"},{\"objectType\":\"Field\",\"objectDomain\":\"fields\",\"editActive\":false,\"order\":5,\"idAttribute\":\"id\",\"label\":\"HTML\",\"type\":\"html\",\"default\":\"<p><b>Ahora, por favor, grabe un v\\u00eddeo corto de usted mismo teniendo un documento de identidad con foto en la mano.<\\\/b><br><\\\/p><p>Deber\\u00eda ver su imagen a bajo. Si no es as\\u00ed, permite que este sitio web utilice su c\\u00e1mara web.<br><i>(Dependiendo del navegador, esto puede ser una ventana emergente o un peque\\u00f1o icono de c\\u00e1mara en la barra de direcciones. Es posible que tenga que actualizar esta p\\u00e1gina).<\\\/i><br><\\\/p>\",\"container_class\":\"\",\"element_class\":\"\",\"key\":\"html_1637448860849\",\"drawerDisabled\":false,\"field_label\":\"HTML\",\"field_key\":\"html_1637448860849\",\"id\":37,\"beforeField\":\"\",\"afterField\":\"\",\"value\":\"<p><b>Ahora, por favor, grabe un v\\u00eddeo corto de usted mismo teniendo un documento de identidad con foto en la mano.<\\\/b><br><\\\/p><p>Deber\\u00eda ver su imagen a bajo. Si no es as\\u00ed, permite que este sitio web utilice su c\\u00e1mara web.<br><i>(Dependiendo del navegador, esto puede ser una ventana emergente o un peque\\u00f1o icono de c\\u00e1mara en la barra de direcciones. Es posible que tenga que actualizar esta p\\u00e1gina).<\\\/i><br><\\\/p>\",\"label_pos\":\"above\",\"parentType\":\"html\",\"element_templates\":[\"html\",\"input\"],\"old_classname\":\"\",\"wrap_template\":\"wrap\"},{\"objectType\":\"Field\",\"objectDomain\":\"fields\",\"editActive\":false,\"order\":6,\"idAttribute\":\"id\",\"label\":\"\",\"type\":\"videomail\",\"label_pos\":\"above\",\"required\":1,\"key\":\"videomail_1637448885300\",\"media_library\":\"false\",\"audio_enabled\":1,\"site_name\":\"peaceful-pill\",\"email_from\":\"\",\"email_to\":\"\",\"email_subject\":\"\",\"email_body\":\"\",\"limit_seconds\":60,\"countdown\":3,\"width\":800,\"image_quality\":40,\"verbose\":\"\",\"drawerDisabled\":false,\"field_label\":\"\",\"field_key\":\"videomail_1637448885300\",\"id\":38,\"beforeField\":\"\",\"afterField\":\"\",\"value\":\"\",\"parentType\":\"textbox\",\"element_templates\":[\"videomail\",\"input\"],\"old_classname\":\"\",\"wrap_template\":\"wrap\"},{\"objectType\":\"Field\",\"objectDomain\":\"fields\",\"editActive\":false,\"order\":7,\"idAttribute\":\"id\",\"label\":\"HTML\",\"type\":\"html\",\"default\":\"<div><img decoding=\\\"async\\\" src=\\\"https:\\\/\\\/www.peacefulpillhandbook.com\\\/age-verification\\\/wp-content\\\/uploads\\\/2021\\\/11\\\/arrow1.png\\\" style=\\\"width: 700px;\\\"><br><\\\/div><ul><li><li>Cuando est\\u00e9 listo, comience a grabar haciendo clic en el bot\\u00f3n \\\"Record\\\".<\\\/li><li>La cara debe ser claramente visible en el v\\u00eddeo.<\\\/li><li>Acerque su documento de identidad a la c\\u00e1mara para que se pueda leer el nombre y la fecha de nacimiento.&nbsp;<\\\/li><li>El tiempo m\\u00e1ximo de grabaci\\u00f3n es de 1 minuto.&nbsp;<\\\/li><li>Cuando termine haga clic en \\\"Stop\\\".<\\\/li><li>Podr\\u00e1 ver el v\\u00eddeo que acaba de registrar.<\\\/li><li>Si est\\u00e1 satisfecho con \\u00e9l, haga clic en el bot\\u00f3n \\\"Enviar\\\".<\\\/li><\\\/li><\\\/ul><p><img decoding=\\\"async\\\" src=\\\"https:\\\/\\\/www.peacefulpillhandbook.com\\\/age-verification\\\/wp-content\\\/uploads\\\/2021\\\/11\\\/arrow2.png\\\" style=\\\"width: 700px;\\\"><br><\\\/p>\",\"container_class\":\"\",\"element_class\":\"\",\"key\":\"html_1637448943382\",\"drawerDisabled\":false,\"field_label\":\"HTML\",\"field_key\":\"html_1637448943382\",\"id\":39,\"beforeField\":\"\",\"afterField\":\"\",\"value\":\"<div><img decoding=\\\"async\\\" src=\\\"https:\\\/\\\/www.peacefulpillhandbook.com\\\/age-verification\\\/wp-content\\\/uploads\\\/2021\\\/11\\\/arrow1.png\\\" style=\\\"width: 700px;\\\"><br><\\\/div><ul><li><li>Cuando est\\u00e9 listo, comience a grabar haciendo clic en el bot\\u00f3n \\\"Record\\\".<\\\/li><li>La cara debe ser claramente visible en el v\\u00eddeo.<\\\/li><li>Acerque su documento de identidad a la c\\u00e1mara para que se pueda leer el nombre y la fecha de nacimiento.&nbsp;<\\\/li><li>El tiempo m\\u00e1ximo de grabaci\\u00f3n es de 1 minuto.&nbsp;<\\\/li><li>Cuando termine haga clic en \\\"Stop\\\".<\\\/li><li>Podr\\u00e1 ver el v\\u00eddeo que acaba de registrar.<\\\/li><li>Si est\\u00e1 satisfecho con \\u00e9l, haga clic en el bot\\u00f3n \\\"Enviar\\\".<\\\/li><\\\/li><\\\/ul><p><img decoding=\\\"async\\\" src=\\\"https:\\\/\\\/www.peacefulpillhandbook.com\\\/age-verification\\\/wp-content\\\/uploads\\\/2021\\\/11\\\/arrow2.png\\\" style=\\\"width: 700px;\\\"><br><\\\/p>\",\"label_pos\":\"above\",\"parentType\":\"html\",\"element_templates\":[\"html\",\"input\"],\"old_classname\":\"\",\"wrap_template\":\"wrap\"},{\"objectType\":\"Field\",\"objectDomain\":\"fields\",\"editActive\":false,\"order\":8,\"idAttribute\":\"id\",\"label\":\"Enviar\",\"type\":\"submit\",\"processing_label\":\"Processing\",\"container_class\":\"\",\"element_class\":\"\",\"key\":\"enviar_1651479430139\",\"drawerDisabled\":false,\"field_label\":\"Submit\",\"field_key\":\"submit_1637448969492\",\"id\":40,\"beforeField\":\"\",\"afterField\":\"\",\"value\":\"\",\"label_pos\":\"above\",\"parentType\":\"textbox\",\"element_templates\":[\"submit\",\"button\",\"input\"],\"old_classname\":\"\",\"wrap_template\":\"wrap-no-label\"}];nfForms.push(form);<\/script>\n        \n<p>El v\u00eddeo solo lo ver\u00e1 un miembro del personal de Exit International y se eliminar\u00e1 autom\u00e1ticamente del servidor al cabo de 1 mes.<\/p>\n","protected":false},"excerpt":{"rendered":"<p>Para garantizar el cumplimiento de nuestras condiciones de venta, y dada la sensibilidad del asunto, necesitamos verificar su edad. El v\u00eddeo solo lo ver\u00e1 un miembro del personal de Exit International y se eliminar\u00e1 autom\u00e1ticamente del servidor al cabo de 1 mes.<\/p>\n","protected":false},"author":1,"featured_media":0,"parent":0,"menu_order":0,"comment_status":"closed","ping_status":"closed","template":"","meta":{"footnotes":""},"_links":{"self":[{"href":"https:\/\/www.peacefulpillhandbook.com\/age-verification\/wp-json\/wp\/v2\/pages\/88"}],"collection":[{"href":"https:\/\/www.peacefulpillhandbook.com\/age-verification\/wp-json\/wp\/v2\/pages"}],"about":[{"href":"https:\/\/www.peacefulpillhandbook.com\/age-verification\/wp-json\/wp\/v2\/types\/page"}],"author":[{"embeddable":true,"href":"https:\/\/www.peacefulpillhandbook.com\/age-verification\/wp-json\/wp\/v2\/users\/1"}],"replies":[{"embeddable":true,"href":"https:\/\/www.peacefulpillhandbook.com\/age-verification\/wp-json\/wp\/v2\/comments?post=88"}],"version-history":[{"count":4,"href":"https:\/\/www.peacefulpillhandbook.com\/age-verification\/wp-json\/wp\/v2\/pages\/88\/revisions"}],"predecessor-version":[{"id":5811,"href":"https:\/\/www.peacefulpillhandbook.com\/age-verification\/wp-json\/wp\/v2\/pages\/88\/revisions\/5811"}],"wp:attachment":[{"href":"https:\/\/www.peacefulpillhandbook.com\/age-verification\/wp-json\/wp\/v2\/media?parent=88"}],"curies":[{"name":"wp","href":"https:\/\/api.w.org\/{rel}","templated":true}]}}