{"id":90,"date":"2022-05-02T08:25:34","date_gmt":"2022-05-02T08:25:34","guid":{"rendered":"https:\/\/www.peacefulpillhandbook.com\/age-verification\/?page_id=90"},"modified":"2023-07-03T12:06:48","modified_gmt":"2023-07-03T12:06:48","slug":"french","status":"publish","type":"page","link":"https:\/\/www.peacefulpillhandbook.com\/age-verification\/french\/","title":{"rendered":"<center>V\u00e9rification de l&#8217;\u00e2ge"},"content":{"rendered":"<p><img decoding=\"async\" loading=\"lazy\" class=\"alignnone size-full wp-image-3769\" src=\"https:\/\/www.peacefulpillhandbook.com\/age-verification\/wp-content\/uploads\/2023\/01\/french.png\" alt=\"\" width=\"700\" height=\"277\" srcset=\"https:\/\/www.peacefulpillhandbook.com\/age-verification\/wp-content\/uploads\/2023\/01\/french.png 700w, https:\/\/www.peacefulpillhandbook.com\/age-verification\/wp-content\/uploads\/2023\/01\/french-300x119.png 300w\" sizes=\"(max-width: 700px) 100vw, 700px\" \/><\/p>\n<p>Pour garantir le respect de nos conditions de vente, et compte tenu de la sensibilit\u00e9 de la question, nous devons v\u00e9rifier votre \u00e2ge par vid\u00e9o.<\/p>\n<noscript class=\"ninja-forms-noscript-message\">\n\tNotice: JavaScript is required for this content.<\/noscript>\n<div id=\"nf-form-5-cont\" class=\"nf-form-cont\" aria-live=\"polite\" aria-labelledby=\"nf-form-title-5\" aria-describedby=\"nf-form-errors-5\" role=\"form\">\n\n    <div class=\"nf-loading-spinner\"><\/div>\n\n<\/div>\n        <!-- That data is being printed as a workaround to page builders reordering the order of the scripts loaded-->\n        <script>var formDisplay=1;var nfForms=nfForms||[];var form=[];form.id='5';form.settings={\"objectType\":\"Form Setting\",\"editActive\":true,\"title\":\"Verification Video - French\",\"show_title\":0,\"allow_public_link\":0,\"embed_form\":\"\",\"clear_complete\":0,\"hide_complete\":0,\"default_label_pos\":\"above\",\"wrapper_class\":\"\",\"element_class\":\"\",\"key\":\"\",\"add_submit\":1,\"changeEmailErrorMsg\":\"VEUILLEZ SAISIR UNE ADRESSE \\u00c9LECTRONIQUE VALIDE !\",\"changeDateErrorMsg\":\"Please enter a valid date!\",\"confirmFieldErrorMsg\":\"These fields must match!\",\"fieldNumberNumMinError\":\"Number Min Error\",\"fieldNumberNumMaxError\":\"Number Max Error\",\"fieldNumberIncrementBy\":\"Please increment by \",\"formErrorsCorrectErrors\":\"Please correct errors before submitting this form.\",\"validateRequiredField\":\"CE CHAMP EST OBLIGATOIRE.\",\"honeypotHoneypotError\":\"Honeypot Error\",\"fieldsMarkedRequired\":\"Les champs marqu\\u00e9s d'un * sont obligatoires\",\"currency\":\"\",\"repeatable_fieldsets\":\"\",\"unique_field_error\":\"A form with this value has already been submitted.\",\"logged_in\":false,\"not_logged_in_msg\":\"\",\"sub_limit_msg\":\"The form has reached its submission limit.\",\"calculations\":[],\"formContentData\":[\"votre_nom_complet_1651478168524\",\"votre_e-mail_1651478185989\",\"hr_1651478138240\",\"html_1651478140354\",\"videomail_1651478143686\",\"html_1651478146168\",\"envoyer_1651478599846\"],\"drawerDisabled\":false,\"ninjaForms\":\"Ninja Forms\",\"fieldTextareaRTEInsertLink\":\"Insert Link\",\"fieldTextareaRTEInsertMedia\":\"Insert Media\",\"fieldTextareaRTESelectAFile\":\"Select a file\",\"formHoneypot\":\"If you are a human seeing this field, please leave it empty.\",\"fileUploadOldCodeFileUploadInProgress\":\"File Upload in Progress.\",\"fileUploadOldCodeFileUpload\":\"FILE UPLOAD\",\"currencySymbol\":\"&#36;\",\"thousands_sep\":\",\",\"decimal_point\":\".\",\"siteLocale\":\"en_US\",\"dateFormat\":\"m\\\/d\\\/Y\",\"startOfWeek\":\"1\",\"of\":\"of\",\"previousMonth\":\"Previous Month\",\"nextMonth\":\"Next Month\",\"months\":[\"January\",\"February\",\"March\",\"April\",\"May\",\"June\",\"July\",\"August\",\"September\",\"October\",\"November\",\"December\"],\"monthsShort\":[\"Jan\",\"Feb\",\"Mar\",\"Apr\",\"May\",\"Jun\",\"Jul\",\"Aug\",\"Sep\",\"Oct\",\"Nov\",\"Dec\"],\"weekdays\":[\"Sunday\",\"Monday\",\"Tuesday\",\"Wednesday\",\"Thursday\",\"Friday\",\"Saturday\"],\"weekdaysShort\":[\"Sun\",\"Mon\",\"Tue\",\"Wed\",\"Thu\",\"Fri\",\"Sat\"],\"weekdaysMin\":[\"Su\",\"Mo\",\"Tu\",\"We\",\"Th\",\"Fr\",\"Sa\"],\"recaptchaConsentMissing\":\"reCaptcha validation couldn&#039;t load.\",\"recaptchaMissingCookie\":\"reCaptcha v3 validation couldn&#039;t load the cookie needed to submit the form.\",\"recaptchaConsentEvent\":\"Accept reCaptcha cookies before sending the form.\",\"currency_symbol\":\"\",\"beforeForm\":\"\",\"beforeFields\":\"\",\"afterFields\":\"\",\"afterForm\":\"\"};form.fields=[{\"objectType\":\"Field\",\"objectDomain\":\"fields\",\"editActive\":false,\"order\":999,\"idAttribute\":\"id\",\"type\":\"textbox\",\"label\":\"Votre nom complet\",\"key\":\"votre_nom_complet_1651478168524\",\"label_pos\":\"above\",\"required\":1,\"default\":\"\",\"placeholder\":\"Veuillez saisir ici votre nom tel qu'il appara\\u00eet sur votre document d'identit\\u00e9.\",\"container_class\":\"\",\"element_class\":\"\",\"input_limit\":\"\",\"input_limit_type\":\"characters\",\"input_limit_msg\":\"Character(s) left\",\"manual_key\":false,\"admin_label\":\"\",\"help_text\":\"\",\"mask\":\"\",\"custom_mask\":\"\",\"custom_name_attribute\":\"\",\"personally_identifiable\":\"\",\"value\":\"\",\"drawerDisabled\":false,\"id\":27,\"beforeField\":\"\",\"afterField\":\"\",\"parentType\":\"textbox\",\"element_templates\":[\"textbox\",\"input\"],\"old_classname\":\"\",\"wrap_template\":\"wrap\"},{\"objectType\":\"Field\",\"objectDomain\":\"fields\",\"editActive\":false,\"order\":999,\"idAttribute\":\"id\",\"type\":\"email\",\"label\":\"Votre E-mail\",\"key\":\"votre_e-mail_1651478185989\",\"label_pos\":\"above\",\"required\":1,\"default\":\"\",\"placeholder\":\"Entrez le m\\u00eame e-mail que vous avez utilis\\u00e9 pour passer votre commande.\",\"container_class\":\"\",\"element_class\":\"\",\"admin_label\":\"\",\"help_text\":\"\",\"custom_name_attribute\":\"email\",\"personally_identifiable\":1,\"value\":\"\",\"drawerDisabled\":false,\"id\":28,\"beforeField\":\"\",\"afterField\":\"\",\"parentType\":\"email\",\"element_templates\":[\"email\",\"input\"],\"old_classname\":\"\",\"wrap_template\":\"wrap\"},{\"objectType\":\"Field\",\"objectDomain\":\"fields\",\"editActive\":false,\"order\":999,\"idAttribute\":\"id\",\"type\":\"hr\",\"label\":\"Divider\",\"container_class\":\"\",\"element_class\":\"\",\"key\":\"hr_1651478138240\",\"id\":29,\"beforeField\":\"\",\"afterField\":\"\",\"value\":\"\",\"label_pos\":\"above\",\"parentType\":\"hr\",\"element_templates\":[\"hr\",\"input\"],\"old_classname\":\"\",\"wrap_template\":\"wrap\"},{\"objectType\":\"Field\",\"objectDomain\":\"fields\",\"editActive\":false,\"order\":999,\"idAttribute\":\"id\",\"type\":\"html\",\"label\":\"HTML\",\"default\":\"<p><b>Veuillez maintenant enregistrer une courte vid\\u00e9o de vous tenant un document d'identit\\u00e9 dans votre main.<\\\/b><\\\/p><p>Vous devriez voir votre image ci-dessous. Si ce n'est pas le cas, autorisez ce site \\u00e0 utiliser votre webcam. <br><i>(Selon le navigateur, il peut s'agir d'une fen\\u00eatre pop-up ou d'une petite ic\\u00f4ne de cam\\u00e9ra dans la barre d'adresse. Vous pourriez avoir besoin de rafra\\u00eechir cette page).<\\\/i><\\\/p>\",\"container_class\":\"\",\"element_class\":\"\",\"key\":\"html_1651478140354\",\"drawerDisabled\":false,\"id\":30,\"beforeField\":\"\",\"afterField\":\"\",\"value\":\"<p><b>Veuillez maintenant enregistrer une courte vid\\u00e9o de vous tenant un document d'identit\\u00e9 dans votre main.<\\\/b><\\\/p><p>Vous devriez voir votre image ci-dessous. Si ce n'est pas le cas, autorisez ce site \\u00e0 utiliser votre webcam. <br><i>(Selon le navigateur, il peut s'agir d'une fen\\u00eatre pop-up ou d'une petite ic\\u00f4ne de cam\\u00e9ra dans la barre d'adresse. Vous pourriez avoir besoin de rafra\\u00eechir cette page).<\\\/i><\\\/p>\",\"label_pos\":\"above\",\"parentType\":\"html\",\"element_templates\":[\"html\",\"input\"],\"old_classname\":\"\",\"wrap_template\":\"wrap\"},{\"objectType\":\"Field\",\"objectDomain\":\"fields\",\"editActive\":false,\"order\":999,\"idAttribute\":\"id\",\"type\":\"videomail\",\"label\":\"\",\"label_pos\":\"above\",\"required\":1,\"key\":\"videomail_1651478143686\",\"media_library\":\"false\",\"audio_enabled\":true,\"site_name\":\"peaceful-pill\",\"email_from\":\"\",\"email_to\":\"\",\"email_subject\":\"\",\"email_body\":\"\",\"limit_seconds\":60,\"countdown\":3,\"width\":800,\"image_quality\":40,\"verbose\":false,\"drawerDisabled\":false,\"id\":31,\"beforeField\":\"\",\"afterField\":\"\",\"value\":\"\",\"parentType\":\"textbox\",\"element_templates\":[\"videomail\",\"input\"],\"old_classname\":\"\",\"wrap_template\":\"wrap\"},{\"objectType\":\"Field\",\"objectDomain\":\"fields\",\"editActive\":false,\"order\":999,\"idAttribute\":\"id\",\"type\":\"html\",\"label\":\"HTML\",\"default\":\"<div><img decoding=\\\"async\\\" src=\\\"https:\\\/\\\/www.peacefulpillhandbook.com\\\/age-verification\\\/wp-content\\\/uploads\\\/2021\\\/11\\\/arrow1.png\\\" style=\\\"width: 700px;\\\"><br><\\\/div><ul><li><li>Lorsque vous \\u00eates pr\\u00eat, commencez \\u00e0 enregistrer en cliquant sur le bouton \\\"Record\\\".<\\\/li><li>Votre visage doit \\u00eatre clairement visible dans la vid\\u00e9o.<\\\/li><li>Approchez le document d'identit\\u00e9 \\u00e0 la cam\\u00e9ra pour que le nom et la date de naissance soient lisibles.<\\\/li><li>La dur\\u00e9e maximale d'enregistrement est de 1 minute.&nbsp;&nbsp;<\\\/li><li>Lorsque vous avez termin\\u00e9, cliquez sur \\\"Stop\\\".<\\\/li><li>Vous pourrez visionner la vid\\u00e9o que vous venez d'enregistrer.<\\\/li><li>Si vous en \\u00eates satisfait, cliquez sur le bouton \\\"Envoyer\\\" ci-dessous.<\\\/li><\\\/li><\\\/ul><p><img decoding=\\\"async\\\" src=\\\"https:\\\/\\\/www.peacefulpillhandbook.com\\\/age-verification\\\/wp-content\\\/uploads\\\/2021\\\/11\\\/arrow2.png\\\" style=\\\"width: 700px;\\\"><br><\\\/p>\",\"container_class\":\"\",\"element_class\":\"\",\"key\":\"html_1651478146168\",\"drawerDisabled\":false,\"id\":32,\"beforeField\":\"\",\"afterField\":\"\",\"value\":\"<div><img decoding=\\\"async\\\" src=\\\"https:\\\/\\\/www.peacefulpillhandbook.com\\\/age-verification\\\/wp-content\\\/uploads\\\/2021\\\/11\\\/arrow1.png\\\" style=\\\"width: 700px;\\\"><br><\\\/div><ul><li><li>Lorsque vous \\u00eates pr\\u00eat, commencez \\u00e0 enregistrer en cliquant sur le bouton \\\"Record\\\".<\\\/li><li>Votre visage doit \\u00eatre clairement visible dans la vid\\u00e9o.<\\\/li><li>Approchez le document d'identit\\u00e9 \\u00e0 la cam\\u00e9ra pour que le nom et la date de naissance soient lisibles.<\\\/li><li>La dur\\u00e9e maximale d'enregistrement est de 1 minute.&nbsp;&nbsp;<\\\/li><li>Lorsque vous avez termin\\u00e9, cliquez sur \\\"Stop\\\".<\\\/li><li>Vous pourrez visionner la vid\\u00e9o que vous venez d'enregistrer.<\\\/li><li>Si vous en \\u00eates satisfait, cliquez sur le bouton \\\"Envoyer\\\" ci-dessous.<\\\/li><\\\/li><\\\/ul><p><img decoding=\\\"async\\\" src=\\\"https:\\\/\\\/www.peacefulpillhandbook.com\\\/age-verification\\\/wp-content\\\/uploads\\\/2021\\\/11\\\/arrow2.png\\\" style=\\\"width: 700px;\\\"><br><\\\/p>\",\"label_pos\":\"above\",\"parentType\":\"html\",\"element_templates\":[\"html\",\"input\"],\"old_classname\":\"\",\"wrap_template\":\"wrap\"},{\"objectType\":\"Field\",\"objectDomain\":\"fields\",\"editActive\":false,\"order\":9999,\"idAttribute\":\"id\",\"type\":\"submit\",\"label\":\"Envoyer\",\"processing_label\":\"Processing\",\"container_class\":\"\",\"element_class\":\"\",\"key\":\"envoyer_1651478599846\",\"drawerDisabled\":false,\"id\":33,\"beforeField\":\"\",\"afterField\":\"\",\"value\":\"\",\"label_pos\":\"above\",\"parentType\":\"textbox\",\"element_templates\":[\"submit\",\"button\",\"input\"],\"old_classname\":\"\",\"wrap_template\":\"wrap-no-label\"}];nfForms.push(form);<\/script>\n        \n<p>La vid\u00e9o ne sera visionn\u00e9e que par un membre du personnel de Exit International et sera automatiquement supprim\u00e9e du serveur apr\u00e8s 1 mois.<\/p>\n","protected":false},"excerpt":{"rendered":"<p>Pour garantir le respect de nos conditions de vente, et compte tenu de la sensibilit\u00e9 de la question, nous devons v\u00e9rifier votre \u00e2ge par vid\u00e9o. La vid\u00e9o ne sera visionn\u00e9e que par un membre du personnel de Exit International et sera automatiquement supprim\u00e9e du serveur apr\u00e8s 1 mois.<\/p>\n","protected":false},"author":1,"featured_media":0,"parent":0,"menu_order":0,"comment_status":"closed","ping_status":"closed","template":"","meta":{"footnotes":""},"_links":{"self":[{"href":"https:\/\/www.peacefulpillhandbook.com\/age-verification\/wp-json\/wp\/v2\/pages\/90"}],"collection":[{"href":"https:\/\/www.peacefulpillhandbook.com\/age-verification\/wp-json\/wp\/v2\/pages"}],"about":[{"href":"https:\/\/www.peacefulpillhandbook.com\/age-verification\/wp-json\/wp\/v2\/types\/page"}],"author":[{"embeddable":true,"href":"https:\/\/www.peacefulpillhandbook.com\/age-verification\/wp-json\/wp\/v2\/users\/1"}],"replies":[{"embeddable":true,"href":"https:\/\/www.peacefulpillhandbook.com\/age-verification\/wp-json\/wp\/v2\/comments?post=90"}],"version-history":[{"count":6,"href":"https:\/\/www.peacefulpillhandbook.com\/age-verification\/wp-json\/wp\/v2\/pages\/90\/revisions"}],"predecessor-version":[{"id":5812,"href":"https:\/\/www.peacefulpillhandbook.com\/age-verification\/wp-json\/wp\/v2\/pages\/90\/revisions\/5812"}],"wp:attachment":[{"href":"https:\/\/www.peacefulpillhandbook.com\/age-verification\/wp-json\/wp\/v2\/media?parent=90"}],"curies":[{"name":"wp","href":"https:\/\/api.w.org\/{rel}","templated":true}]}}