{"id":19,"date":"2014-02-10T01:22:39","date_gmt":"2014-02-09T16:52:39","guid":{"rendered":"http:\/\/www.peacefulpillhandbook.com\/int\/int\/?page_id=19"},"modified":"2021-04-23T21:21:04","modified_gmt":"2021-04-23T12:51:04","slug":"forums","status":"publish","type":"page","link":"https:\/\/www.peacefulpillhandbook.com\/deutsch\/forums\/","title":{"rendered":"Forums"},"content":{"rendered":"<h2>Die &#8222;Peaceful Pill&#8220; Online Forums<\/h2>\n<p><span style=\"line-height: 1.5em;\"><div class='blue-box'><\/span><\/p>\n<p><strong>Die Forums von &#8222;Die friedliche Pille&#8220; sind eine einzigartige Konversationsplatform f\u00fcr Fragen zum Lebensende.<\/strong><\/p>\n<p><strong>Zugang wird nur an Abonnenten des E-Buchs &#8222;Die friedliche Pille&#8220; (nur digitale Ausgabe) oder Exit Mitgliedern gew\u00e4hrleistet. <\/strong><\/p>\n<p><strong>Im Forum k\u00f6nnen Sie:<br \/>\n<\/strong><\/p>\n<ul>\n<li>Weitere Fragen zum <em>Handbuch Die friedliche Pille<\/em> stellen<\/li>\n<li>Meinungen mit anderen Mitglieder des Forums auf der ganzen Welt austauschen*<\/li>\n<li>Antworten von Experten von Exit erhalten (in Rahmen des Gesetzes)<\/li>\n<li>neue, gleichgesinnte Freunde zur gegenseitigen Unterst\u00fctzung finden<\/li>\n<\/ul>\n<p>&nbsp;<\/p>\n<p><\/div><\/p>\n<p>Der Zugang zu den Forums ist NUR auf Anfrage f\u00fcr Exit International Mitglieder und Abonnenten des E-Buches Die friedliche Pille m\u00f6glich, die ein Alter von mindestens 50 Jahre haben und zurechnungsf\u00e4hig oder schwer krank sind und bereit sind dies zu beweisen. F\u00fcr neue Abonnenten besteht eine Wartezeit von 1 Monat. Ihre Anfrage k\u00f6nnen Sie \u00fcber unserer <a href=\"https:\/\/www.peacefulpillhandbook.com\/deutsch\/forums\/forums-beitrittsanfrage\/\">Registrierungsseite<\/a> senden. Ein Bildausweis wird angefordert.<\/p>\n<p>*Die Forums sind vorwiegend in englischer Sprache, es ist jedoch auch eine Sektion in deutscher Sprache vorhanden.<\/p>\n<p style=\"text-align: center;\"><a class=\"maxbutton-5 maxbutton maxbutton-druckausgabe-kaufen\" href=\"https:\/\/www.peacefulpillhandbook.com\/deutsch\/forums\/forums-beitrittsanfrage\/\"><span class='mb-text'>Beitrittsanfrage<\/span><\/a><\/p>\n","protected":false},"excerpt":{"rendered":"<p>Die &#8222;Peaceful Pill&#8220; Online Forums Der Zugang zu den Forums ist NUR auf Anfrage f\u00fcr Exit International Mitglieder und Abonnenten des E-Buches Die friedliche Pille m\u00f6glich, die ein Alter von mindestens 50 Jahre haben und zurechnungsf\u00e4hig oder schwer krank sind und bereit sind dies zu beweisen. F\u00fcr neue Abonnenten besteht eine Wartezeit von 1 Monat. [&hellip;]<\/p>\n","protected":false},"author":4,"featured_media":0,"parent":0,"menu_order":5,"comment_status":"open","ping_status":"closed","template":"","meta":[],"tags":[],"yoast_head":"<!-- This site is optimized with the Yoast SEO plugin v16.0.2 - https:\/\/yoast.com\/wordpress\/plugins\/seo\/ -->\n<meta name=\"description\" content=\"Die Foren Die friedliche Pille ( Peaceful Pill Forums ) sind eine einzigartige Konversationsplatform f\u00fcr Fragen zum Lebensende\" \/>\n<link rel=\"canonical\" href=\"https:\/\/www.peacefulpillhandbook.com\/deutsch\/forums\/\" \/>\n<meta property=\"og:locale\" content=\"de_DE\" \/>\n<meta property=\"og:type\" content=\"article\" \/>\n<meta property=\"og:title\" content=\"Peaceful Pill Forums Die friedliche Pille - Das Handbuch\" \/>\n<meta property=\"og:description\" content=\"Die Foren Die friedliche Pille ( Peaceful Pill Forums ) sind eine einzigartige Konversationsplatform f\u00fcr Fragen zum Lebensende\" \/>\n<meta property=\"og:url\" content=\"https:\/\/www.peacefulpillhandbook.com\/deutsch\/forums\/\" \/>\n<meta property=\"og:site_name\" content=\"Die friedliche Pille - Das Handbuch\" \/>\n<meta property=\"article:publisher\" content=\"https:\/\/www.facebook.com\/philip.nitschke\" \/>\n<meta property=\"article:modified_time\" content=\"2021-04-23T12:51:04+00:00\" \/>\n<meta name=\"twitter:card\" content=\"summary_large_image\" \/>\n<meta name=\"twitter:site\" content=\"@exit_deutsch\" \/>\n<meta name=\"twitter:label1\" content=\"Gesch\u00e4tzte Lesezeit\">\n\t<meta name=\"twitter:data1\" content=\"1 Minute\">\n<script type=\"application\/ld+json\" class=\"yoast-schema-graph\">{\"@context\":\"https:\/\/schema.org\",\"@graph\":[{\"@type\":\"WebSite\",\"@id\":\"https:\/\/www.peacefulpillhandbook.com\/deutsch\/#website\",\"url\":\"https:\/\/www.peacefulpillhandbook.com\/deutsch\/\",\"name\":\"Die friedliche Pille - Das Handbuch\",\"description\":\"Das Handbuch Die friedliche Pille enth\\u00e4lt Informationen \\u00fcber Euthanasie und Sterbehilfe f\\u00fcr Senioren und schwer kranke Menschen.\",\"potentialAction\":[{\"@type\":\"SearchAction\",\"target\":\"https:\/\/www.peacefulpillhandbook.com\/deutsch\/?s={search_term_string}\",\"query-input\":\"required name=search_term_string\"}],\"inLanguage\":\"de-DE\"},{\"@type\":\"WebPage\",\"@id\":\"https:\/\/www.peacefulpillhandbook.com\/deutsch\/forums\/#webpage\",\"url\":\"https:\/\/www.peacefulpillhandbook.com\/deutsch\/forums\/\",\"name\":\"Peaceful Pill Forums Die friedliche Pille - Das Handbuch\",\"isPartOf\":{\"@id\":\"https:\/\/www.peacefulpillhandbook.com\/deutsch\/#website\"},\"datePublished\":\"2014-02-09T16:52:39+00:00\",\"dateModified\":\"2021-04-23T12:51:04+00:00\",\"description\":\"Die Foren Die friedliche Pille ( Peaceful Pill Forums ) sind eine einzigartige Konversationsplatform f\\u00fcr Fragen zum Lebensende\",\"breadcrumb\":{\"@id\":\"https:\/\/www.peacefulpillhandbook.com\/deutsch\/forums\/#breadcrumb\"},\"inLanguage\":\"de-DE\",\"potentialAction\":[{\"@type\":\"ReadAction\",\"target\":[\"https:\/\/www.peacefulpillhandbook.com\/deutsch\/forums\/\"]}]},{\"@type\":\"BreadcrumbList\",\"@id\":\"https:\/\/www.peacefulpillhandbook.com\/deutsch\/forums\/#breadcrumb\",\"itemListElement\":[{\"@type\":\"ListItem\",\"position\":1,\"item\":{\"@type\":\"WebPage\",\"@id\":\"https:\/\/www.peacefulpillhandbook.com\/deutsch\/\",\"url\":\"https:\/\/www.peacefulpillhandbook.com\/deutsch\/\",\"name\":\"Startseite\"}},{\"@type\":\"ListItem\",\"position\":2,\"item\":{\"@type\":\"WebPage\",\"@id\":\"https:\/\/www.peacefulpillhandbook.com\/deutsch\/forums\/\",\"url\":\"https:\/\/www.peacefulpillhandbook.com\/deutsch\/forums\/\",\"name\":\"Forums\"}}]}]}<\/script>\n<!-- \/ Yoast SEO plugin. -->","_links":{"self":[{"href":"https:\/\/www.peacefulpillhandbook.com\/deutsch\/wp-json\/wp\/v2\/pages\/19"}],"collection":[{"href":"https:\/\/www.peacefulpillhandbook.com\/deutsch\/wp-json\/wp\/v2\/pages"}],"about":[{"href":"https:\/\/www.peacefulpillhandbook.com\/deutsch\/wp-json\/wp\/v2\/types\/page"}],"author":[{"embeddable":true,"href":"https:\/\/www.peacefulpillhandbook.com\/deutsch\/wp-json\/wp\/v2\/users\/4"}],"replies":[{"embeddable":true,"href":"https:\/\/www.peacefulpillhandbook.com\/deutsch\/wp-json\/wp\/v2\/comments?post=19"}],"version-history":[{"count":54,"href":"https:\/\/www.peacefulpillhandbook.com\/deutsch\/wp-json\/wp\/v2\/pages\/19\/revisions"}],"predecessor-version":[{"id":3548,"href":"https:\/\/www.peacefulpillhandbook.com\/deutsch\/wp-json\/wp\/v2\/pages\/19\/revisions\/3548"}],"wp:attachment":[{"href":"https:\/\/www.peacefulpillhandbook.com\/deutsch\/wp-json\/wp\/v2\/media?parent=19"}],"wp:term":[{"taxonomy":"post_tag","embeddable":true,"href":"https:\/\/www.peacefulpillhandbook.com\/deutsch\/wp-json\/wp\/v2\/tags?post=19"}],"curies":[{"name":"wp","href":"https:\/\/api.w.org\/{rel}","templated":true}]}}