{"id":2809,"date":"2017-08-11T21:29:44","date_gmt":"2017-08-11T12:59:44","guid":{"rendered":"https:\/\/www.peacefulpillhandbook.com\/int\/?page_id=2809"},"modified":"2023-01-04T16:15:26","modified_gmt":"2023-01-04T15:15:26","slug":"inhalte","status":"publish","type":"page","link":"https:\/\/www.peacefulpillhandbook.com\/deutsch\/inhalte\/","title":{"rendered":"Inhalte"},"content":{"rendered":"<h1 class=\"page-title\">Inhalt<\/h1>\n<div class=\"entry clearfix\">\n<h3>Die Handbuch Serie \u201e<em>Die friedliche Pille<\/em>\u201e &#8211; ein Buch \u00fcber Sterbehilfe<\/h3>\n<p>Die <a href=\"https:\/\/www.peacefulpillhandbook.com\/deutsch\/inhalte-des_handbuchs\/versionen\/\">Druckausgabe<\/a> des Handbuchs <em>Die friedliche Pille, <\/em>ein Buch \u00fcber Sterbehilfe\u00a0wurde erstmals 2006 auf Englisch mit dem Title &#8222;The Peaceful Pill&#8220; ver\u00f6ffentlicht.*<\/p>\n<p>Die <a href=\"https:\/\/www.peacefulpillhandbook.com\/deutsch\/inhalte-des_handbuchs\/versionen\/\">Online-Ausgabe<\/a> des eHandbuchs\u00a0<em>Die friedliche Pille<\/em>\u00a0(Abonnement) wurde erstmals 2008 auf Englisch herausgegeben.<\/p>\n<p>Diese Internetausgabe wird bis zu 6 Mal j\u00e4hrlich aktualisiert, damit Leser stets \u00fcber wichtige Informationen in Bezug auf Freitodbegleitung und Sterbehilfe informiert sind.<\/p>\n<h3>Inhalt des Handbuchs \u201e<em>Die friedliche Pille &#8211; The Essentials<\/em>\u201e<\/h3>\n<div data-post-id='3348' class='insert-page insert-page-3348 '><ul>\n<li>Einf\u00fchrung<\/li>\n<li>Physiologie des Sterbens<\/li>\n<li>Alles \u00fcber t\u00f6dliche Medikamente und Gifte<\/li>\n<li>T\u00f6dliche Beruhigungsmittel<\/li>\n<li>T\u00f6dliche Herzmedikamente<\/li>\n<li>Der 5-Medikamenten-Mix &#8211; DDMAPh<\/li>\n<li>Erg\u00e4nzende Medikamente<\/li>\n<li>Die anorganischen Salze<\/li>\n<li>Hypoxie durch Inertgase<\/li>\n<li>Sarco<\/li>\n<li>Giftige Gase<\/li>\n<li>FVET &#8211; Freiwilliger Verzicht auf Essen und Trinken<\/li>\n<li>Online-Sicherheit und Datenschutz<\/li>\n<li>Weltweite Rechtslage bei Sterbehilfe<\/li>\n<li>Sterbehilfe in der Schweiz<\/li>\n<li>Versagen und Wiederbelebung &#8211; wenn etwas schief geht<\/li>\n<li>Nachwort &amp; VS-Tabelle<\/li>\n<li>Anhang<\/li>\n<\/ul>\n<\/div>\n<h3>Die Zielgruppe<\/h3>\n<p>Die Druckausgabe und die Internetausgabe des Handbuchs Die friedliche Pille hat das Ziel Informationen \u00fcber Euthanasie, Sterbehilfe und assistierten Suizid f\u00fcr \u00e4ltere, schwer kranke Menschen (z. Beispiel an Krebs oder ALS erkrankt) und deren Familienangeh\u00f6rigen und Freunden zu liefern.<\/p>\n<p>Das Mindestalter f\u00fcr Abonnenten des Ebuchs\u00a0<em>Die friedliche Pille<\/em>\u00a0ist 50 Jahre.<\/p>\n<h3>Rechtliche Aspekte<\/h3>\n<p>Das Handbuch\u00a0<em>Die friedliche Pille<\/em>\u00a0wird unter Bewusstsein ver\u00f6ffentlicht, dass assistierter Suizid in den meisten westlichen L\u00e4ndern illegal ist. Die Bitte nach Hilfe an einer nahe stehenden Person kann strenge Strafen bis zu Gef\u00e4ngnisstrafen mit sich bringen.<\/p>\n<p>Wenn ein Mensch jedoch f\u00fcr sich selbst einen Plan f\u00fcr die Zukunft erstellt \u2013 in der Hoffnung, dass es nie gebraucht wird aber mit dem Komfort zu wissen, dass die Option existiert \u2013 werden Freunde und Angeh\u00f6rige rechtlich gesch\u00fctzt bleiben, da ein rationeller Selbsttod kein Verbrechen ist.<\/p>\n<p>Die M\u00f6glichkeit \u00fcber alle Aspekte unseres Lebens informierte Entscheidungen treffen zu k\u00f6nnen ist ein Grundrecht. Gute Information, die sich auf solider Recherche st\u00fctzt, ist daher unentbehrlich.<\/p>\n<p>Daher \u201everdient jeder einen friedlichen Tod\u201c.<\/p>\n<p>*Die Autoren verstehen unter den Bezeichnungen \u201eEuthanasie\u201c und \u201eSterbehilfe\u201c die rationale F\u00e4higkeit eines Erwachsenen die eigenen Optionen zum Lebensende festzulegen., \u00fcblicherweise in Zusammenhang mit hohem Alter und schwerer Erkrankung wie Krebs.<\/p>\n<p>**Anmerkung: Die Autoren haben keinen Zugang, besitzen, verkaufen oder vertrieben keinerlei Medikamente oder Drogen. Bitte fragen Sie nicht!<\/p>\n<h3><strong>Es gibt Hilfe<\/strong><\/h3>\n<p>Falls Sie sich nicht in der Zielgruppe unserer Handb\u00fccher befinden oder falls Sie f\u00fchlen Sie brauchen Hilfe, bitte wenden Sie sich an folgende Nummern:<\/p>\n<p>Deutschland: Notfall-Seelsorge und Suizid-Pr\u00e4vention<br \/>\n0800 \u2013 111 0 111<br \/>\n0800 \u2013 111 0 222<\/p>\n<p>Schweiz: Die dargebotene Hand<br \/>\nTelefon 143<\/p>\n<p>\u00d6sterreich: Telefonseelsorge<br \/>\nTelefon 142<\/p>\n<p>Hotlines anderer L\u00e4nder finden Sie unter:\u00a0<a href=\"http:\/\/www.suicide.org\/international-suicide-hotlines.html\">http:\/\/www.suicide.org\/international-suicide-hotlines.html<\/a><\/p>\n<\/div>\n","protected":false},"excerpt":{"rendered":"<p>Inhalt Die Handbuch Serie \u201eDie friedliche Pille\u201e &#8211; ein Buch \u00fcber Sterbehilfe Die Druckausgabe des Handbuchs Die friedliche Pille, ein Buch \u00fcber Sterbehilfe\u00a0wurde erstmals 2006 auf Englisch mit dem Title &#8222;The Peaceful Pill&#8220; ver\u00f6ffentlicht.* Die Online-Ausgabe des eHandbuchs\u00a0Die friedliche Pille\u00a0(Abonnement) wurde erstmals 2008 auf Englisch herausgegeben. Diese Internetausgabe wird bis zu 6 Mal j\u00e4hrlich aktualisiert, [&hellip;]<\/p>\n","protected":false},"author":2,"featured_media":0,"parent":0,"menu_order":0,"comment_status":"open","ping_status":"closed","template":"","meta":[],"tags":[],"yoast_head":"<!-- This site is optimized with the Yoast SEO plugin v16.0.2 - https:\/\/yoast.com\/wordpress\/plugins\/seo\/ -->\n<meta name=\"description\" content=\"Die friedliche Pille ist ein Buch \u00fcber Sterbehilfe und beinhaltet Informationen \u00fcber Nembutal, Stickstoff, Helium, Nitrit und vieles mehr.\" \/>\n<link rel=\"canonical\" href=\"https:\/\/www.peacefulpillhandbook.com\/deutsch\/inhalte\/\" \/>\n<meta property=\"og:locale\" content=\"de_DE\" \/>\n<meta property=\"og:type\" content=\"article\" \/>\n<meta property=\"og:title\" content=\"Die friedliche Pille - Das Handbuch Buch \u00fcber Sterbehilfe\" \/>\n<meta property=\"og:description\" content=\"Die friedliche Pille ist ein Buch \u00fcber Sterbehilfe und beinhaltet Informationen \u00fcber Nembutal, Stickstoff, Helium, Nitrit und vieles mehr.\" \/>\n<meta property=\"og:url\" content=\"https:\/\/www.peacefulpillhandbook.com\/deutsch\/inhalte\/\" \/>\n<meta property=\"og:site_name\" content=\"Die friedliche Pille - Das Handbuch\" \/>\n<meta property=\"article:publisher\" content=\"https:\/\/www.facebook.com\/philip.nitschke\" \/>\n<meta property=\"article:modified_time\" content=\"2023-01-04T15:15:26+00:00\" \/>\n<meta name=\"twitter:card\" content=\"summary_large_image\" \/>\n<meta name=\"twitter:site\" content=\"@exit_deutsch\" \/>\n<meta name=\"twitter:label1\" content=\"Gesch\u00e4tzte Lesezeit\">\n\t<meta name=\"twitter:data1\" content=\"2 Minuten\">\n<script type=\"application\/ld+json\" class=\"yoast-schema-graph\">{\"@context\":\"https:\/\/schema.org\",\"@graph\":[{\"@type\":\"WebSite\",\"@id\":\"https:\/\/www.peacefulpillhandbook.com\/deutsch\/#website\",\"url\":\"https:\/\/www.peacefulpillhandbook.com\/deutsch\/\",\"name\":\"Die friedliche Pille - Das Handbuch\",\"description\":\"Das Handbuch Die friedliche Pille enth\\u00e4lt Informationen \\u00fcber Euthanasie und Sterbehilfe f\\u00fcr Senioren und schwer kranke Menschen.\",\"potentialAction\":[{\"@type\":\"SearchAction\",\"target\":\"https:\/\/www.peacefulpillhandbook.com\/deutsch\/?s={search_term_string}\",\"query-input\":\"required name=search_term_string\"}],\"inLanguage\":\"de-DE\"},{\"@type\":\"WebPage\",\"@id\":\"https:\/\/www.peacefulpillhandbook.com\/deutsch\/inhalte\/#webpage\",\"url\":\"https:\/\/www.peacefulpillhandbook.com\/deutsch\/inhalte\/\",\"name\":\"Die friedliche Pille - Das Handbuch Buch \\u00fcber Sterbehilfe\",\"isPartOf\":{\"@id\":\"https:\/\/www.peacefulpillhandbook.com\/deutsch\/#website\"},\"datePublished\":\"2017-08-11T12:59:44+00:00\",\"dateModified\":\"2023-01-04T15:15:26+00:00\",\"description\":\"Die friedliche Pille ist ein Buch \\u00fcber Sterbehilfe und beinhaltet Informationen \\u00fcber Nembutal, Stickstoff, Helium, Nitrit und vieles mehr.\",\"breadcrumb\":{\"@id\":\"https:\/\/www.peacefulpillhandbook.com\/deutsch\/inhalte\/#breadcrumb\"},\"inLanguage\":\"de-DE\",\"potentialAction\":[{\"@type\":\"ReadAction\",\"target\":[\"https:\/\/www.peacefulpillhandbook.com\/deutsch\/inhalte\/\"]}]},{\"@type\":\"BreadcrumbList\",\"@id\":\"https:\/\/www.peacefulpillhandbook.com\/deutsch\/inhalte\/#breadcrumb\",\"itemListElement\":[{\"@type\":\"ListItem\",\"position\":1,\"item\":{\"@type\":\"WebPage\",\"@id\":\"https:\/\/www.peacefulpillhandbook.com\/deutsch\/\",\"url\":\"https:\/\/www.peacefulpillhandbook.com\/deutsch\/\",\"name\":\"Startseite\"}},{\"@type\":\"ListItem\",\"position\":2,\"item\":{\"@type\":\"WebPage\",\"@id\":\"https:\/\/www.peacefulpillhandbook.com\/deutsch\/inhalte\/\",\"url\":\"https:\/\/www.peacefulpillhandbook.com\/deutsch\/inhalte\/\",\"name\":\"Inhalte\"}}]}]}<\/script>\n<!-- \/ Yoast SEO plugin. -->","_links":{"self":[{"href":"https:\/\/www.peacefulpillhandbook.com\/deutsch\/wp-json\/wp\/v2\/pages\/2809"}],"collection":[{"href":"https:\/\/www.peacefulpillhandbook.com\/deutsch\/wp-json\/wp\/v2\/pages"}],"about":[{"href":"https:\/\/www.peacefulpillhandbook.com\/deutsch\/wp-json\/wp\/v2\/types\/page"}],"author":[{"embeddable":true,"href":"https:\/\/www.peacefulpillhandbook.com\/deutsch\/wp-json\/wp\/v2\/users\/2"}],"replies":[{"embeddable":true,"href":"https:\/\/www.peacefulpillhandbook.com\/deutsch\/wp-json\/wp\/v2\/comments?post=2809"}],"version-history":[{"count":20,"href":"https:\/\/www.peacefulpillhandbook.com\/deutsch\/wp-json\/wp\/v2\/pages\/2809\/revisions"}],"predecessor-version":[{"id":3728,"href":"https:\/\/www.peacefulpillhandbook.com\/deutsch\/wp-json\/wp\/v2\/pages\/2809\/revisions\/3728"}],"wp:attachment":[{"href":"https:\/\/www.peacefulpillhandbook.com\/deutsch\/wp-json\/wp\/v2\/media?parent=2809"}],"wp:term":[{"taxonomy":"post_tag","embeddable":true,"href":"https:\/\/www.peacefulpillhandbook.com\/deutsch\/wp-json\/wp\/v2\/tags?post=2809"}],"curies":[{"name":"wp","href":"https:\/\/api.w.org\/{rel}","templated":true}]}}