{"id":2883,"date":"2017-08-22T16:24:37","date_gmt":"2017-08-22T07:54:37","guid":{"rendered":"https:\/\/www.peacefulpillhandbook.com\/deutsch\/?page_id=2883"},"modified":"2018-04-30T18:03:01","modified_gmt":"2018-04-30T09:33:01","slug":"datenschutz","status":"publish","type":"page","link":"https:\/\/www.peacefulpillhandbook.com\/deutsch\/datenschutz\/","title":{"rendered":"Datenschutz"},"content":{"rendered":"<p><strong>G\u00fcltigkeit Mai 2018<\/strong><\/p>\n<p>Diese Datenschutzbestimmungen beschreiben wie wir mit den Daten umgehen, welche wir w\u00e4hrend Ihres Besuchs auf dieser Webseite sammeln. Die Webseite des Handbuchs Die freidliche Pille ist www.peacefulpill.com oder peacefulpillhandbook.com oder\u00a0peacefulpillhandbook.com\/deutsch und enth\u00e4lt s\u00e4mtliche Webseiten dessen Internetadresse peacefulpill.com beihaltet. Diese sind nicht die Datenschutzbestimmungen f\u00fcr die Exit international Webseiten welche nicht diese Internetadressen beinhalten. Es sind auch nicht die Bestimmungen f\u00fcr andere Webseiten (Blogs oder Social Media Webseiten) auf denen Exit International vertreten ist, wie auch nicht jene der Forums von &#8222;Die friedliche Pille&#8220;.<\/p>\n<p><strong>Datenschutz und Internet<\/strong><\/p>\n<p>Das Internet ist generell kein privater Ort. Beim Besuchen von Internetseiten, beim Verwenden von Suchmaschinen oder bei Abschlie\u00dfung jeglicher Internetaktivit\u00e4t sammeln verschiedene Gesellschaften und Organisationen Ihr Verhalten im Internet und Informationen \u00fcber Sie, indem Ihre Klicks, Seitenaufrufe und Suchen registriert werden und dann mit anderen Informationen \u00fcber Sie verbunden werden. Es gibt einige M\u00f6glichkeiten um dies zu verhindern. Ein paar Tipps finden Sie unter\u00a0<a href=\"https:\/\/www.schau-hin.info\/extrathemen\/datenschutz.html\">https:\/\/www.schau-hin.info\/extrathemen\/datenschutz.html<\/a><\/p>\n<p>Exit International sch\u00fctzt Ihre Privatsph\u00e4re wenn Sie auf unseren Internetseiten surfen. Um eine bessere Erfahrung beim Besuch der Internetseite Die friedliche Pille zu gew\u00e4hren sammeln wir einige Informationen. Wie und wann wird hier erkl\u00e4rt.<\/p>\n<p><em><strong>EU Datenschutzgrundverordnung<\/strong><\/em><\/p>\n<p>Ab dem 25. Mai 2018 tritt die neue Eu Datenschutzgrundverordnung in Kraft. Diese gilt f\u00fcr jede Firma oder Organisation welche pers\u00f6nliche Daten von EU B\u00fcrgern sammelt und\/oder verarbeitet. Exit ist dieser Verordnung konform.<\/p>\n<p><strong>Datenaufbewahrung<\/strong><\/p>\n<p>Wenn Sie die digitale Ausgabe oder die Druckausgabe unseres Handbuchs\u00a0 kaufen, werden Ihre Daten in der verschl\u00fcsselten Datenbank von Exit International in Australien gespeichert sowie &#8211; bei der digitalen Ausgabe &#8211; in der Yudu Platform, welche zur Bereitstellung der Inhalte beitr\u00e4gt. Weiters werden die Daten f\u00fcr die Bezahlungen des Handbuchs von Drittanbietern bereitgestellt: Stripe oder Mollie. Bei all diesen Anbietern werden Ihre Daten sicher und verschl\u00fcsselt aufbewahrt.<\/p>\n<p><strong>Welche Informationen wir \u00fcber Sie sammeln und wie es geschieht<\/strong><\/p>\n<p><em>Passiv gesammelte Informationen<\/em><\/p>\n<p>Wie bei den meisten Internetseiten registrieren unsere Webserver Informationen wenn Sie unsere Webseiten besuchen. Die automatisch registrierten Informationen k\u00f6nnen IP Adresse, Daten \u00fcber Cookies, Browsertyp, Betriebssystem und verweisende Url sein.<\/p>\n<p>Wir verwenden diese Informationen um die Leistung der Webseite zu messen und zu verbessern. Ab und zu verwenden wir diese Informationen auch um die Sicherheit und die Stabilit\u00e4t der Webseite zu pr\u00fcfen oder zu erhalten.<\/p>\n<p><em>Freiwillig eingegebene Informationen<\/em><\/p>\n<p>Auf gewissen Seiten unserer Webseite k\u00f6nnen Sie aufgefordert werden Ihre pers\u00f6nlichen Daten, wie Name, Adresse, Email Adresse oder Telefonnummer einzugeben. Das Eingeben dieser Informationen erm\u00f6glicht es Ihnen ein Buch zu kaufen, ein Abonnement f\u00fcr ein Buch abzuschlie\u00dfen oder sich bei unserer Email Liste einzuschreiben.<\/p>\n<p>Wir k\u00f6nnen die eingegebenen Daten verwenden um:<\/p>\n<ul>\n<li>Ihren Auftrag zu bearbeiten.<\/li>\n<li>Sie \u00fcber weitere Aktivit\u00e4ten von Exit International oder \u00fcber Gelegenheiten zur Unterst\u00fctzung von Exit International zu informieren.<\/li>\n<\/ul>\n<p><em>Weitergabe von Informationen<\/em><\/p>\n<p>Exit International USA kann Ihre Informationen mit Exit International in Australien teilen. Ihre Daten k\u00f6nnen auch an Yudu weitergeleite werden. Yudu ist der Dienstanbieter f\u00fcr die digitale Ausgabe. Weitere Informationen \u00fcber die Datenschutzbedingungen von Yudu finden Sie <a href=\"https:\/\/www.yudu.com\/about\/privacy\" target=\"_blank\" rel=\"noopener\">hier<\/a>. Es wird keine andere Weiterleitung Ihrer Information an Drittparteien in irgendeinem Land oder zu irgendeinem Zeitpukt stattfinden.<\/p>\n<p><em>Unsere Email Liste<\/em><\/p>\n<p>Wenn Sie sich bei unserer Email Liste einschreiben k\u00f6nnten wir Informationen sammeln um zu wissen, ob Sie unsere Email gelesen haben, bzw. auf irgendeinem Link in der Email geklickt haben.<\/p>\n<p>Dies erlaubt uns \u00a0bessere Komunikation zu schaffen und Sie besser \u00fcber unsere Aktivit\u00e4ten zu informieren.<\/p>\n<p><em>Wie wir Cookies verwenden<\/em><\/p>\n<p>Gelegentlich k\u00f6nnten wir Cookies verwenden, um die Nutzereinstellungen zu speichern und um analytische Daten zu sammeln. Unter &#8222;Cookies&#8220; versteht man kleine Textdateien welche auf Ihrem Rechner von den besuchten Internetseiten gespeichert werden.<\/p>\n<p>&#8222;Cookies&#8220; kann sich auch auf lokale Speicherung beziehen, ein \u00e4hnlicher Mechanismus wo die Informationen im Browser gespeichert werden. Wir k\u00f6nnen Cookies zur Verbesserung unserer Internetseiten verwenden.<\/p>\n<p><em>Webanalyse<\/em><\/p>\n<p>Wir verwenden eine Webanalyse welche auch Cookies speichert, um besser zu verstehen wie Ben\u00fctzer unsere Webseite besuchen. Die erm\u00f6glicht uns unsere Internetseiten zu optimisieren und zu verbessern. Die Daten werden von Google Analytics f\u00fcr 26 Monate gespeichert. Die Cookies bietet uns Informationen \u00fcber:<\/p>\n<ul>\n<li>Wie viele Besucher unsere Webseite hat<\/li>\n<li>Wie viele Besucher neu und wie viele wiederkehren sind<\/li>\n<li>Wie offen die Besucher unsere Webseite aufrufen<\/li>\n<li>Welche Inhalte angesehen wurden<\/li>\n<li>Das Verhalten der Besucher auf einzelnen Seiten.<\/li>\n<\/ul>\n<p><em>Wie gewisse Hosts Cookies verwenden und Informationen sammeln<\/em><\/p>\n<p>Unsere Internetseite ist in verschiedener Weise zu anderen Webseiten auf anderen Platformen verbunden. Wir bieten Links zu Sozialen Netzwerken wie Facebook oder Twitter an.<\/p>\n<p>Unsere Webseite bietet auch integriert Videos an, welche sich auf andere Platformen (wie Youtube) befinden, jedoch direkt auf unserer Webseite abrufbar sind. Wenn Sie auf eines dieser Links klicken kann der Host dieser Inhalte Cookies auf Ihrem Rechner speichern oder Zugriff zu Cookies haben oder sonst irgendwie Informationen \u00fcber Sie sammeln.<\/p>\n<p>F\u00fcr weitere Informationen \u00fcber den Umgang dieser Provider mit den Informationen lesen Sie bitte die Datenschutzbestimmungen auf den jeweiligen Internetseiten.<\/p>\n<p><em>Sicherheitsmassnahmen und Daten\u00fcbertragung<\/em><\/p>\n<p>Wir habe physische, elektronische und leitende Ma\u00dfnahmen getroffen um die Sicherheit der gesammelten Informationen zu gew\u00e4hren. Wir bem\u00fchen uns f\u00fcr die Richtigkeit der Daten und gegen unautorisierten Zugang und Missbrauch der online gesammelten Daten.<\/p>\n<p>Informationen die direkt mit Ihnen in Verbindung gesetzt werden kann, wie Name und Adresse, wird auf sicheren Servern gespeichetr und ist nicht \u00f6ffentlich zug\u00e4nglich.<\/p>\n<p>Auch alle Daten die nach oder von unserer Webseite gesendet werden, inklusive Kreditkarten Nummern, sind mit hohem Sicherheitfaktor verschl\u00fcsselt .<\/p>\n<p><em>Vorgang bei der Aktualisierung dieser Datenschutzbestimmungen<\/em><\/p>\n<p>Unsere Datenschutzbestimmungen k\u00f6nnen sich von Zeit zu Zeit \u00e4ndern. \u00c4nderungen werden auf dieser Seite ver\u00f6ffentlicht und wenn sie besonders bedeutend sind werden wir einen auff\u00e4lligeren Hinweis auf der Webseite stellen.<\/p>\n<p><em>Vorgang zur Aktualisierung Ihrer Informationen oder Benutzereinstellungen<\/em><\/p>\n<p>Wenn Sie pers\u00f6nliche Informationen entfernen oder \u00e4ndern m\u00f6chten oder Ihre Benutzereinstellungen anpassen m\u00f6chten &#8211; wie zum Beispiel bez\u00fcglich der Email Liste &#8211; k\u00f6nnen Sie uns kontaktieren.<\/p>\n<p>Dazu haben Sie folgende Optionen:<\/p>\n<p>Senden Sie uns eine Email an: <a title=\"Email\" href=\"mailto:sales@peacefulpill.com\" target=\"_blank\" rel=\"noopener\">sales@peacefulpill.com<\/a><br \/>\nSenden Sie uns ein Brief an: Exit International USA, 8105 Birch Bay Square St, Ste 205, Blaine WA 98230, USA<\/p>\n","protected":false},"excerpt":{"rendered":"<p>G\u00fcltigkeit Mai 2018 Diese Datenschutzbestimmungen beschreiben wie wir mit den Daten umgehen, welche wir w\u00e4hrend Ihres Besuchs auf dieser Webseite sammeln. Die Webseite des Handbuchs Die freidliche Pille ist www.peacefulpill.com oder peacefulpillhandbook.com oder\u00a0peacefulpillhandbook.com\/deutsch und enth\u00e4lt s\u00e4mtliche Webseiten dessen Internetadresse peacefulpill.com beihaltet. Diese sind nicht die Datenschutzbestimmungen f\u00fcr die Exit international Webseiten welche nicht diese Internetadressen [&hellip;]<\/p>\n","protected":false},"author":9,"featured_media":0,"parent":0,"menu_order":0,"comment_status":"closed","ping_status":"closed","template":"","meta":[],"tags":[],"yoast_head":"<!-- This site is optimized with the Yoast SEO plugin v16.0.2 - https:\/\/yoast.com\/wordpress\/plugins\/seo\/ -->\n<link rel=\"canonical\" href=\"https:\/\/www.peacefulpillhandbook.com\/deutsch\/datenschutz\/\" \/>\n<meta property=\"og:locale\" content=\"de_DE\" \/>\n<meta property=\"og:type\" content=\"article\" \/>\n<meta property=\"og:title\" content=\"Datenschutz - Die friedliche Pille - Das Handbuch\" \/>\n<meta property=\"og:description\" content=\"G\u00fcltigkeit Mai 2018 Diese Datenschutzbestimmungen beschreiben wie wir mit den Daten umgehen, welche wir w\u00e4hrend Ihres Besuchs auf dieser Webseite sammeln. Die Webseite des Handbuchs Die freidliche Pille ist www.peacefulpill.com oder peacefulpillhandbook.com oder\u00a0peacefulpillhandbook.com\/deutsch und enth\u00e4lt s\u00e4mtliche Webseiten dessen Internetadresse peacefulpill.com beihaltet. Diese sind nicht die Datenschutzbestimmungen f\u00fcr die Exit international Webseiten welche nicht diese Internetadressen [&hellip;]\" \/>\n<meta property=\"og:url\" content=\"https:\/\/www.peacefulpillhandbook.com\/deutsch\/datenschutz\/\" \/>\n<meta property=\"og:site_name\" content=\"Die friedliche Pille - Das Handbuch\" \/>\n<meta property=\"article:publisher\" content=\"https:\/\/www.facebook.com\/philip.nitschke\" \/>\n<meta property=\"article:modified_time\" content=\"2018-04-30T09:33:01+00:00\" \/>\n<meta name=\"twitter:card\" content=\"summary_large_image\" \/>\n<meta name=\"twitter:site\" content=\"@exit_deutsch\" \/>\n<meta name=\"twitter:label1\" content=\"Gesch\u00e4tzte Lesezeit\">\n\t<meta name=\"twitter:data1\" content=\"5 Minuten\">\n<script type=\"application\/ld+json\" class=\"yoast-schema-graph\">{\"@context\":\"https:\/\/schema.org\",\"@graph\":[{\"@type\":\"WebSite\",\"@id\":\"https:\/\/www.peacefulpillhandbook.com\/deutsch\/#website\",\"url\":\"https:\/\/www.peacefulpillhandbook.com\/deutsch\/\",\"name\":\"Die friedliche Pille - Das Handbuch\",\"description\":\"Das Handbuch Die friedliche Pille enth\\u00e4lt Informationen \\u00fcber Euthanasie und Sterbehilfe f\\u00fcr Senioren und schwer kranke Menschen.\",\"potentialAction\":[{\"@type\":\"SearchAction\",\"target\":\"https:\/\/www.peacefulpillhandbook.com\/deutsch\/?s={search_term_string}\",\"query-input\":\"required name=search_term_string\"}],\"inLanguage\":\"de-DE\"},{\"@type\":\"WebPage\",\"@id\":\"https:\/\/www.peacefulpillhandbook.com\/deutsch\/datenschutz\/#webpage\",\"url\":\"https:\/\/www.peacefulpillhandbook.com\/deutsch\/datenschutz\/\",\"name\":\"Datenschutz - Die friedliche Pille - Das Handbuch\",\"isPartOf\":{\"@id\":\"https:\/\/www.peacefulpillhandbook.com\/deutsch\/#website\"},\"datePublished\":\"2017-08-22T07:54:37+00:00\",\"dateModified\":\"2018-04-30T09:33:01+00:00\",\"breadcrumb\":{\"@id\":\"https:\/\/www.peacefulpillhandbook.com\/deutsch\/datenschutz\/#breadcrumb\"},\"inLanguage\":\"de-DE\",\"potentialAction\":[{\"@type\":\"ReadAction\",\"target\":[\"https:\/\/www.peacefulpillhandbook.com\/deutsch\/datenschutz\/\"]}]},{\"@type\":\"BreadcrumbList\",\"@id\":\"https:\/\/www.peacefulpillhandbook.com\/deutsch\/datenschutz\/#breadcrumb\",\"itemListElement\":[{\"@type\":\"ListItem\",\"position\":1,\"item\":{\"@type\":\"WebPage\",\"@id\":\"https:\/\/www.peacefulpillhandbook.com\/deutsch\/\",\"url\":\"https:\/\/www.peacefulpillhandbook.com\/deutsch\/\",\"name\":\"Startseite\"}},{\"@type\":\"ListItem\",\"position\":2,\"item\":{\"@type\":\"WebPage\",\"@id\":\"https:\/\/www.peacefulpillhandbook.com\/deutsch\/datenschutz\/\",\"url\":\"https:\/\/www.peacefulpillhandbook.com\/deutsch\/datenschutz\/\",\"name\":\"Datenschutz\"}}]}]}<\/script>\n<!-- \/ Yoast SEO plugin. -->","_links":{"self":[{"href":"https:\/\/www.peacefulpillhandbook.com\/deutsch\/wp-json\/wp\/v2\/pages\/2883"}],"collection":[{"href":"https:\/\/www.peacefulpillhandbook.com\/deutsch\/wp-json\/wp\/v2\/pages"}],"about":[{"href":"https:\/\/www.peacefulpillhandbook.com\/deutsch\/wp-json\/wp\/v2\/types\/page"}],"author":[{"embeddable":true,"href":"https:\/\/www.peacefulpillhandbook.com\/deutsch\/wp-json\/wp\/v2\/users\/9"}],"replies":[{"embeddable":true,"href":"https:\/\/www.peacefulpillhandbook.com\/deutsch\/wp-json\/wp\/v2\/comments?post=2883"}],"version-history":[{"count":17,"href":"https:\/\/www.peacefulpillhandbook.com\/deutsch\/wp-json\/wp\/v2\/pages\/2883\/revisions"}],"predecessor-version":[{"id":3094,"href":"https:\/\/www.peacefulpillhandbook.com\/deutsch\/wp-json\/wp\/v2\/pages\/2883\/revisions\/3094"}],"wp:attachment":[{"href":"https:\/\/www.peacefulpillhandbook.com\/deutsch\/wp-json\/wp\/v2\/media?parent=2883"}],"wp:term":[{"taxonomy":"post_tag","embeddable":true,"href":"https:\/\/www.peacefulpillhandbook.com\/deutsch\/wp-json\/wp\/v2\/tags?post=2883"}],"curies":[{"name":"wp","href":"https:\/\/api.w.org\/{rel}","templated":true}]}}