{"id":2898,"date":"2017-08-22T21:34:05","date_gmt":"2017-08-22T13:04:05","guid":{"rendered":"https:\/\/www.peacefulpillhandbook.com\/deutsch\/?page_id=2898"},"modified":"2017-08-22T21:34:05","modified_gmt":"2017-08-22T13:04:05","slug":"spektrometrie","status":"publish","type":"page","link":"https:\/\/www.peacefulpillhandbook.com\/deutsch\/spektrometrie\/","title":{"rendered":"Spektrometrie"},"content":{"rendered":"<p>Infrarote Spektroskopie ist eine Technik bei der Licht im infraroten Bereich des Spektrums auf eine Substanz zur Analyse gerichtet wird. Die verschiedene Frequenzen der Strahlung werden selektiv aufgenommen und die Spektren liefern einen einzigartigen Fingerabdruck der analysierten Substanz.<\/p>\n<p>Die Technik ist seit mehreren Jahren verf\u00fcgbar, der Vorgang zur Bestrahlung der Substanz und zur Erfassung der Spektren und dessen Analyse war aber aufwendig und teuer. Eine j\u00fcngste Entwicklung der israelischen Start-up Firma Consumer-Physics f\u00fchrte zur Entwicklung des mobilen SCiO Molekularsensor, ein Ger\u00e4t, dass diese Technologie f\u00fcr jedermann zug\u00e4nglich macht.<\/p>\n<p>In der digitalen Ausgabe des Handbuchs Die friedliche Pille wird erkl\u00e4rt, auch mittels Video, wie einfach das Ger\u00e4t zu bedienen ist.<\/p>\n<p>&nbsp;<\/p>\n","protected":false},"excerpt":{"rendered":"<p>Infrarote Spektroskopie ist eine Technik bei der Licht im infraroten Bereich des Spektrums auf eine Substanz zur Analyse gerichtet wird. Die verschiedene Frequenzen der Strahlung werden selektiv aufgenommen und die Spektren liefern einen einzigartigen Fingerabdruck der analysierten Substanz. Die Technik ist seit mehreren Jahren verf\u00fcgbar, der Vorgang zur Bestrahlung der Substanz und zur Erfassung der [&hellip;]<\/p>\n","protected":false},"author":9,"featured_media":0,"parent":0,"menu_order":0,"comment_status":"closed","ping_status":"closed","template":"","meta":[],"tags":[],"yoast_head":"<!-- This site is optimized with the Yoast SEO plugin v16.0.2 - https:\/\/yoast.com\/wordpress\/plugins\/seo\/ -->\n<link rel=\"canonical\" href=\"https:\/\/www.peacefulpillhandbook.com\/deutsch\/spektrometrie\/\" \/>\n<meta property=\"og:locale\" content=\"de_DE\" \/>\n<meta property=\"og:type\" content=\"article\" \/>\n<meta property=\"og:title\" content=\"Spektrometrie - Die friedliche Pille - Das Handbuch\" \/>\n<meta property=\"og:description\" content=\"Infrarote Spektroskopie ist eine Technik bei der Licht im infraroten Bereich des Spektrums auf eine Substanz zur Analyse gerichtet wird. Die verschiedene Frequenzen der Strahlung werden selektiv aufgenommen und die Spektren liefern einen einzigartigen Fingerabdruck der analysierten Substanz. Die Technik ist seit mehreren Jahren verf\u00fcgbar, der Vorgang zur Bestrahlung der Substanz und zur Erfassung der [&hellip;]\" \/>\n<meta property=\"og:url\" content=\"https:\/\/www.peacefulpillhandbook.com\/deutsch\/spektrometrie\/\" \/>\n<meta property=\"og:site_name\" content=\"Die friedliche Pille - Das Handbuch\" \/>\n<meta property=\"article:publisher\" content=\"https:\/\/www.facebook.com\/philip.nitschke\" \/>\n<meta name=\"twitter:card\" content=\"summary_large_image\" \/>\n<meta name=\"twitter:site\" content=\"@exit_deutsch\" \/>\n<meta name=\"twitter:label1\" content=\"Gesch\u00e4tzte Lesezeit\">\n\t<meta name=\"twitter:data1\" content=\"1 Minute\">\n<script type=\"application\/ld+json\" class=\"yoast-schema-graph\">{\"@context\":\"https:\/\/schema.org\",\"@graph\":[{\"@type\":\"WebSite\",\"@id\":\"https:\/\/www.peacefulpillhandbook.com\/deutsch\/#website\",\"url\":\"https:\/\/www.peacefulpillhandbook.com\/deutsch\/\",\"name\":\"Die friedliche Pille - Das Handbuch\",\"description\":\"Das Handbuch Die friedliche Pille enth\\u00e4lt Informationen \\u00fcber Euthanasie und Sterbehilfe f\\u00fcr Senioren und schwer kranke Menschen.\",\"potentialAction\":[{\"@type\":\"SearchAction\",\"target\":\"https:\/\/www.peacefulpillhandbook.com\/deutsch\/?s={search_term_string}\",\"query-input\":\"required name=search_term_string\"}],\"inLanguage\":\"de-DE\"},{\"@type\":\"WebPage\",\"@id\":\"https:\/\/www.peacefulpillhandbook.com\/deutsch\/spektrometrie\/#webpage\",\"url\":\"https:\/\/www.peacefulpillhandbook.com\/deutsch\/spektrometrie\/\",\"name\":\"Spektrometrie - Die friedliche Pille - Das Handbuch\",\"isPartOf\":{\"@id\":\"https:\/\/www.peacefulpillhandbook.com\/deutsch\/#website\"},\"datePublished\":\"2017-08-22T13:04:05+00:00\",\"dateModified\":\"2017-08-22T13:04:05+00:00\",\"breadcrumb\":{\"@id\":\"https:\/\/www.peacefulpillhandbook.com\/deutsch\/spektrometrie\/#breadcrumb\"},\"inLanguage\":\"de-DE\",\"potentialAction\":[{\"@type\":\"ReadAction\",\"target\":[\"https:\/\/www.peacefulpillhandbook.com\/deutsch\/spektrometrie\/\"]}]},{\"@type\":\"BreadcrumbList\",\"@id\":\"https:\/\/www.peacefulpillhandbook.com\/deutsch\/spektrometrie\/#breadcrumb\",\"itemListElement\":[{\"@type\":\"ListItem\",\"position\":1,\"item\":{\"@type\":\"WebPage\",\"@id\":\"https:\/\/www.peacefulpillhandbook.com\/deutsch\/\",\"url\":\"https:\/\/www.peacefulpillhandbook.com\/deutsch\/\",\"name\":\"Startseite\"}},{\"@type\":\"ListItem\",\"position\":2,\"item\":{\"@type\":\"WebPage\",\"@id\":\"https:\/\/www.peacefulpillhandbook.com\/deutsch\/spektrometrie\/\",\"url\":\"https:\/\/www.peacefulpillhandbook.com\/deutsch\/spektrometrie\/\",\"name\":\"Spektrometrie\"}}]}]}<\/script>\n<!-- \/ Yoast SEO plugin. -->","_links":{"self":[{"href":"https:\/\/www.peacefulpillhandbook.com\/deutsch\/wp-json\/wp\/v2\/pages\/2898"}],"collection":[{"href":"https:\/\/www.peacefulpillhandbook.com\/deutsch\/wp-json\/wp\/v2\/pages"}],"about":[{"href":"https:\/\/www.peacefulpillhandbook.com\/deutsch\/wp-json\/wp\/v2\/types\/page"}],"author":[{"embeddable":true,"href":"https:\/\/www.peacefulpillhandbook.com\/deutsch\/wp-json\/wp\/v2\/users\/9"}],"replies":[{"embeddable":true,"href":"https:\/\/www.peacefulpillhandbook.com\/deutsch\/wp-json\/wp\/v2\/comments?post=2898"}],"version-history":[{"count":1,"href":"https:\/\/www.peacefulpillhandbook.com\/deutsch\/wp-json\/wp\/v2\/pages\/2898\/revisions"}],"predecessor-version":[{"id":2899,"href":"https:\/\/www.peacefulpillhandbook.com\/deutsch\/wp-json\/wp\/v2\/pages\/2898\/revisions\/2899"}],"wp:attachment":[{"href":"https:\/\/www.peacefulpillhandbook.com\/deutsch\/wp-json\/wp\/v2\/media?parent=2898"}],"wp:term":[{"taxonomy":"post_tag","embeddable":true,"href":"https:\/\/www.peacefulpillhandbook.com\/deutsch\/wp-json\/wp\/v2\/tags?post=2898"}],"curies":[{"name":"wp","href":"https:\/\/api.w.org\/{rel}","templated":true}]}}