{"id":3239,"date":"2019-06-17T17:54:00","date_gmt":"2019-06-17T09:24:00","guid":{"rendered":"https:\/\/www.peacefulpillhandbook.com\/deutsch\/?page_id=3239"},"modified":"2019-06-17T19:13:52","modified_gmt":"2019-06-17T10:43:52","slug":"contact","status":"publish","type":"page","link":"https:\/\/www.peacefulpillhandbook.com\/deutsch\/contact\/","title":{"rendered":"Kontakt"},"content":{"rendered":"<div role=\"form\" class=\"wpcf7\" id=\"wpcf7-f3226-o1\" lang=\"de-DE\" dir=\"ltr\">\n<div class=\"screen-reader-response\"><\/div>\n<form action=\"\/deutsch\/wp-json\/wp\/v2\/pages\/3239#wpcf7-f3226-o1\" method=\"post\" class=\"wpcf7-form cf7-style cf7-style-3229\" enctype=\"multipart\/form-data\" novalidate=\"novalidate\">\n<div style=\"display: none;\">\n<input type=\"hidden\" name=\"_wpcf7\" value=\"3226\" \/>\n<input type=\"hidden\" name=\"_wpcf7_version\" value=\"5.1.3\" \/>\n<input type=\"hidden\" name=\"_wpcf7_locale\" value=\"de_DE\" \/>\n<input type=\"hidden\" name=\"_wpcf7_unit_tag\" value=\"wpcf7-f3226-o1\" \/>\n<input type=\"hidden\" name=\"_wpcf7_container_post\" value=\"0\" \/>\n<input type=\"hidden\" name=\"_wpcf7cf_hidden_group_fields\" value=\"\" \/>\n<input type=\"hidden\" name=\"_wpcf7cf_hidden_groups\" value=\"\" \/>\n<input type=\"hidden\" name=\"_wpcf7cf_visible_groups\" value=\"\" \/>\n<input type=\"hidden\" name=\"_wpcf7cf_options\" value=\"{&quot;form_id&quot;:3226,&quot;conditions&quot;:[{&quot;then_field&quot;:&quot;id&quot;,&quot;and_rules&quot;:[{&quot;if_field&quot;:&quot;topic&quot;,&quot;operator&quot;:&quot;equals&quot;,&quot;if_value&quot;:&quot;Altersbest\\u00e4tigung - Datei hochladen&quot;}]},{&quot;then_field&quot;:&quot;forum&quot;,&quot;and_rules&quot;:[{&quot;if_field&quot;:&quot;topic&quot;,&quot;operator&quot;:&quot;equals&quot;,&quot;if_value&quot;:&quot;Forum - Allgemein&quot;}]},{&quot;then_field&quot;:&quot;general&quot;,&quot;and_rules&quot;:[{&quot;if_field&quot;:&quot;topic&quot;,&quot;operator&quot;:&quot;not equals&quot;,&quot;if_value&quot;:&quot;Fragen zum E-Buch&quot;},{&quot;if_field&quot;:&quot;topic&quot;,&quot;operator&quot;:&quot;not equals&quot;,&quot;if_value&quot;:&quot;Altersbest\\u00e4tigung - Datei hochladen&quot;},{&quot;if_field&quot;:&quot;topic&quot;,&quot;operator&quot;:&quot;not equals&quot;,&quot;if_value&quot;:&quot;Betr\\u00fcger melden&quot;},{&quot;if_field&quot;:&quot;topic&quot;,&quot;operator&quot;:&quot;not equals&quot;,&quot;if_value&quot;:&quot;Forum - Allgemein&quot;},{&quot;if_field&quot;:&quot;topic&quot;,&quot;operator&quot;:&quot;not equals&quot;,&quot;if_value&quot;:&quot;Forum - Zutrittsanfrage&quot;},{&quot;if_field&quot;:&quot;topic&quot;,&quot;operator&quot;:&quot;not equals&quot;,&quot;if_value&quot;:&quot;Versand&quot;}]},{&quot;then_field&quot;:&quot;forumaccess&quot;,&quot;and_rules&quot;:[{&quot;if_field&quot;:&quot;topic&quot;,&quot;operator&quot;:&quot;equals&quot;,&quot;if_value&quot;:&quot;Forum - Zutrittsanfrage&quot;}]},{&quot;then_field&quot;:&quot;shipping&quot;,&quot;and_rules&quot;:[{&quot;if_field&quot;:&quot;topic&quot;,&quot;operator&quot;:&quot;equals&quot;,&quot;if_value&quot;:&quot;Versand&quot;}]},{&quot;then_field&quot;:&quot;scam&quot;,&quot;and_rules&quot;:[{&quot;if_field&quot;:&quot;topic&quot;,&quot;operator&quot;:&quot;equals&quot;,&quot;if_value&quot;:&quot;Betr\\u00fcger melden&quot;}]},{&quot;then_field&quot;:&quot;ebook&quot;,&quot;and_rules&quot;:[{&quot;if_field&quot;:&quot;topic&quot;,&quot;operator&quot;:&quot;equals&quot;,&quot;if_value&quot;:&quot;Fragen zum E-Buch&quot;}]},{&quot;then_field&quot;:&quot;ebookprint&quot;,&quot;and_rules&quot;:[{&quot;if_field&quot;:&quot;problem&quot;,&quot;operator&quot;:&quot;equals&quot;,&quot;if_value&quot;:&quot;Ich finde keine Option zum Drucken&quot;}]},{&quot;then_field&quot;:&quot;ebookcookies&quot;,&quot;and_rules&quot;:[{&quot;if_field&quot;:&quot;problem&quot;,&quot;operator&quot;:&quot;equals&quot;,&quot;if_value&quot;:&quot;Ich kann mich nicht mehr anmelden&quot;}]},{&quot;then_field&quot;:&quot;ebookother&quot;,&quot;and_rules&quot;:[{&quot;if_field&quot;:&quot;problem&quot;,&quot;operator&quot;:&quot;equals&quot;,&quot;if_value&quot;:&quot;Weiteres&quot;}]},{&quot;then_field&quot;:&quot;ebook48hours&quot;,&quot;and_rules&quot;:[{&quot;if_field&quot;:&quot;problem&quot;,&quot;operator&quot;:&quot;equals&quot;,&quot;if_value&quot;:&quot;Ich habe meine Zugangsdaten nicht erhalten&quot;}]},{&quot;then_field&quot;:&quot;ebookpassword&quot;,&quot;and_rules&quot;:[{&quot;if_field&quot;:&quot;problem&quot;,&quot;operator&quot;:&quot;equals&quot;,&quot;if_value&quot;:&quot;Ich habe mein Kennwort vergessen&quot;}]},{&quot;then_field&quot;:&quot;ebookblankpage&quot;,&quot;and_rules&quot;:[{&quot;if_field&quot;:&quot;problem&quot;,&quot;operator&quot;:&quot;equals&quot;,&quot;if_value&quot;:&quot;Ich kann das E-Buch nicht lesen&quot;}]}],&quot;settings&quot;:{&quot;animation&quot;:&quot;yes&quot;,&quot;animation_intime&quot;:200,&quot;animation_outtime&quot;:200,&quot;notice_dismissed&quot;:false}}\" \/>\n<\/div>\n<h1>Kontakt und Hilfe<\/h1>\n<p>Hier finden Sie Informationen, Hilfe und Kontaktm\u00f6glichkeiten. Bitte f\u00fcllen Sie dazu das folgende Formular aus.<br \/>\n<br><\/p>\n<p>Ihr Name:<br \/>\n<span class=\"wpcf7-form-control-wrap fullname\"><input type=\"text\" name=\"fullname\" value=\"\" size=\"40\" class=\"wpcf7-form-control wpcf7-text wpcf7-validates-as-required\" aria-required=\"true\" aria-invalid=\"false\" \/><\/span><\/p>\n<p>Ihre Email Adresse:<br \/>\n<span class=\"wpcf7-form-control-wrap email\"><input type=\"email\" name=\"email\" value=\"\" size=\"40\" class=\"wpcf7-form-control wpcf7-text wpcf7-email wpcf7-validates-as-required wpcf7-validates-as-email\" aria-required=\"true\" aria-invalid=\"false\" \/><\/span><\/p>\n<p>Bitte w\u00e4hlen Sie ein Thema aus der Liste:<br \/>\n<span class=\"wpcf7-form-control-wrap topic\"><select name=\"topic\" class=\"wpcf7-form-control wpcf7-select wpcf7-validates-as-required\" aria-required=\"true\" aria-invalid=\"false\"><option value=\"\">---<\/option><option value=\"Fragen zum E-Buch\">Fragen zum E-Buch<\/option><option value=\"Versand\">Versand<\/option><option value=\"Altersbest\u00e4tigung - Datei hochladen\">Altersbest\u00e4tigung - Datei hochladen<\/option><option value=\"Betr\u00fcger melden\">Betr\u00fcger melden<\/option><option value=\"Forum - Zutrittsanfrage\">Forum - Zutrittsanfrage<\/option><option value=\"Forum - Allgemein\">Forum - Allgemein<\/option><option value=\"Allgemeine Anfrage oder Mitteilung\">Allgemeine Anfrage oder Mitteilung<\/option><\/select><\/span><\/p>\n<div data-id=\"general\" data-orig_id=\"general\"  data-class=\"wpcf7cf_group\">\n<p>Ihre Nachricht:<br \/>\n<span class=\"wpcf7-form-control-wrap message-general\"><textarea name=\"message-general\" cols=\"40\" rows=\"10\" class=\"wpcf7-form-control wpcf7-textarea\" aria-invalid=\"false\"><\/textarea><\/span><\/p>\n<p>Hier k\u00f6nnen Sie eine Datei hochladen<br>Akzeptierte Dateitypen:<i> pdf, jpg, png - Max. Gr\u00f6\u00dfe 5MB<\/i><br \/>\n<span class=\"wpcf7-form-control-wrap uploadedfile-general\"><input type=\"file\" name=\"uploadedfile-general\" size=\"40\" class=\"wpcf7-form-control wpcf7-file\" accept=\".pdf,.jpg,.gif,.png\" aria-invalid=\"false\" \/><\/span>\n<\/div>\n<div data-id=\"id\" data-orig_id=\"id\"  data-class=\"wpcf7cf_group\">\n<p>Bitte laden Sie Ihr Bildausweis hoch<br>Akzeptierte Dateitypen:<i> pdf, jpg, png - Max. Gr\u00f6\u00dfe 5MB<\/i><br \/>\n<span class=\"wpcf7-form-control-wrap uploadedfile-id\"><input type=\"file\" name=\"uploadedfile-id\" size=\"40\" class=\"wpcf7-form-control wpcf7-file wpcf7-validates-as-required\" accept=\".pdf,.jpg,.gif,.png\" aria-required=\"true\" aria-invalid=\"false\" \/><\/span><br \/>\nDatum der Bestellung:<br \/>\n<span class=\"wpcf7-form-control-wrap orderdate\"><input type=\"text\" name=\"orderdate\" value=\"\" size=\"40\" class=\"wpcf7-form-control wpcf7-text wpcf7-validates-as-required\" aria-required=\"true\" aria-invalid=\"false\" \/><\/span><br \/>\nBestellnummer:<br \/>\n<span class=\"wpcf7-form-control-wrap ordernumber\"><input type=\"text\" name=\"ordernumber\" value=\"\" size=\"40\" class=\"wpcf7-form-control wpcf7-text\" aria-invalid=\"false\" \/><\/span>\n<\/div>\n<div data-id=\"forum\" data-orig_id=\"forum\"  data-class=\"wpcf7cf_group\">\n<p>Ihr Benutzername im Forum<br \/>\n<span class=\"wpcf7-form-control-wrap forumusername\"><input type=\"text\" name=\"forumusername\" value=\"\" size=\"40\" class=\"wpcf7-form-control wpcf7-text\" aria-invalid=\"false\" \/><\/span><br \/>\nIhre Nachricht:<br \/>\n<span class=\"wpcf7-form-control-wrap message-forum\"><textarea name=\"message-forum\" cols=\"40\" rows=\"10\" class=\"wpcf7-form-control wpcf7-textarea\" aria-invalid=\"false\"><\/textarea><\/span>\n<\/p><\/div>\n<div data-id=\"shipping\" data-orig_id=\"shipping\"  data-class=\"wpcf7cf_group\">\n<p><br><br \/>\n<u>Bitte beachten Sie<\/u>:<br \/>\nDie Druckausgaben des Handbuchs werden per Post von Europa aus gesendet. Die Lieferzeiten innerhalb Europas d\u00fcrften nicht allzulange dauern. Nach \u00dcbersee kann es schon <b>bis zu 6 Wochen<\/b> dauern.<br \/>\n<br><br \/>\nIhre Nachricht:<br \/>\n<span class=\"wpcf7-form-control-wrap message-shipping\"><textarea name=\"message-shipping\" cols=\"40\" rows=\"10\" class=\"wpcf7-form-control wpcf7-textarea\" aria-invalid=\"false\"><\/textarea><\/span>\n<\/div>\n<div data-id=\"scam\" data-orig_id=\"scam\"  data-class=\"wpcf7cf_group\">\n<p><strong>Um einen Betr\u00fcger zu melden besuchen Sie bitte die neue Webseite von Exit International (auch auf Deutsch) <a href=\"https:\/\/www.nembutalscams.com\/de\" target=\"blank\">NembutalScams.com<\/a><\/strong><\/p>\n<p>Weitere Informationen:<br \/>\n<span class=\"wpcf7-form-control-wrap message-scam\"><textarea name=\"message-scam\" cols=\"40\" rows=\"10\" class=\"wpcf7-form-control wpcf7-textarea\" aria-invalid=\"false\"><\/textarea><\/span>\n<\/p><\/div>\n<div data-id=\"ebook\" data-orig_id=\"ebook\"  data-class=\"wpcf7cf_group\">\n<p>Womit haben Sie Schwierigkeiten?<br \/>\n<span class=\"wpcf7-form-control-wrap problem\"><select name=\"problem\" class=\"wpcf7-form-control wpcf7-select wpcf7-validates-as-required\" aria-required=\"true\" aria-invalid=\"false\"><option value=\"\">---<\/option><option value=\"Ich habe meine Zugangsdaten nicht erhalten\">Ich habe meine Zugangsdaten nicht erhalten<\/option><option value=\"Ich kann das E-Buch nicht lesen\">Ich kann das E-Buch nicht lesen<\/option><option value=\"Ich kann mich nicht mehr anmelden\">Ich kann mich nicht mehr anmelden<\/option><option value=\"Ich habe mein Kennwort vergessen\">Ich habe mein Kennwort vergessen<\/option><option value=\"Ich finde keine Option zum Drucken\">Ich finde keine Option zum Drucken<\/option><option value=\"Weiteres\">Weiteres<\/option><\/select><\/span><\/p>\n<div data-id=\"ebook48hours\" data-orig_id=\"ebook48hours\"  data-class=\"wpcf7cf_group\">\n<p><br><br \/>\nWenn Sie die digitale Ausgabe bestellen, erhalten Sie innerhalb weniger Minuten eine Best\u00e4tigungsemail. Bevor Ihr Abonnement aktiviert wird, vergewissert sich einer unserer Mitarbeiter, dass die Verkaufsbedingungen erf\u00fcllt sind.  Dies kann <b>bis zu 48 Stunden<\/b> in Anspruch nehmen. <\/p>\n<p>Falls Sie keine Best\u00e4tigungsemail erhalten haben, schauen Sie bitte in Ihrer <b>Spamdatei<\/b> nach und vergewissern Sie sich, dass Sie Emails von folgender Adresse erhalten k\u00f6nnen: <i>sales@peacefulpillhandbook.com<\/i>.<br \/>\n<br><br \/>\nIhre Nachricht:<br \/>\n<span class=\"wpcf7-form-control-wrap message-ebook48hours\"><textarea name=\"message-ebook48hours\" cols=\"40\" rows=\"10\" class=\"wpcf7-form-control wpcf7-textarea\" aria-invalid=\"false\"><\/textarea><\/span>\n<\/div>\n<div data-id=\"ebookblankpage\" data-orig_id=\"ebookblankpage\"  data-class=\"wpcf7cf_group\">\n<p><br><br \/>\nBitte schreiben Sie uns und wir werden Ihnen detaillierte Anweisungen geben.<br \/>\n<br><br \/>\nIhre Nachricht:<br \/>\n<span class=\"wpcf7-form-control-wrap message-ebookblankpage\"><textarea name=\"message-ebookblankpage\" cols=\"40\" rows=\"10\" class=\"wpcf7-form-control wpcf7-textarea\" aria-invalid=\"false\"><\/textarea><\/span>\n<\/div>\n<div data-id=\"ebookprint\" data-orig_id=\"ebookprint\"  data-class=\"wpcf7cf_group\">\n<p><br><br \/>\n<b>Seiten ausdrucken<\/b><\/p>\n<p>Weitere Infos \u00fcber Drucken finden Sie auch in den <a href=\"https:\/\/www.peacefulpillhandbook.com\/deutsch\/faq\/\" target=\"blank\">h\u00e4ufig gestellten Fragen<\/a>.<br \/>\n<br><br \/>\nIhre Nachricht:<br \/>\n<span class=\"wpcf7-form-control-wrap message-ebookprint\"><textarea name=\"message-ebookprint\" cols=\"40\" rows=\"10\" class=\"wpcf7-form-control wpcf7-textarea\" aria-invalid=\"false\"><\/textarea><\/span>\n<\/div>\n<div data-id=\"ebookcookies\" data-orig_id=\"ebookcookies\"  data-class=\"wpcf7cf_group\">\n<p><br><br \/>\nFalls Sie sich nicht mehr einloggen k\u00f6nnen und die Fehlermeldung <b><i>Number of devices ecceeded<\/i><\/b> aufscheint, k\u00f6nnen wir Ihr Konto wieder aktivieren.<\/p>\n<p><u>Bitte beachten Sie<\/u>:<br \/>\nJedes Abonnemnt erlaubt es, das Buch von <b>bis zu drei Ger\u00e4ten<\/b> abzurufen.<\/p>\n<p>Das sogenannte <b>Private Browsing oder Inkognito Surfen<\/b> oder die Verwendung von <b>Tor<\/b> verhindert das Setzen eines Cookies und sollte daher gemieden werden.<\/p>\n<p>F\u00fcr weiter Informationen besuchen Sie bitte unsere Seite mit den <b><a href=\"https:\/\/www.peacefulpillhandbook.com\/deutsch\/faq\/\" target=\"blank\">h\u00e4ufig gestellten Fragen<\/a><\/b> <i>(Die Seite  \u00f6ffnen sich in einem neuen Fenster)<\/i>. <\/p>\n<p><br><br \/>\nIhre Nachricht:<br \/>\n<span class=\"wpcf7-form-control-wrap message-ebookcookies\"><textarea name=\"message-ebookcookies\" cols=\"40\" rows=\"10\" class=\"wpcf7-form-control wpcf7-textarea\" aria-invalid=\"false\"><\/textarea><\/span>\n<\/div>\n<div data-id=\"ebookpassword\" data-orig_id=\"ebookpassword\"  data-class=\"wpcf7cf_group\">\n<p><br><br \/>\nBitte geben Sie die Email Adresse ein, mit der Sie sich registriert haben:<br \/>\n<span class=\"wpcf7-form-control-wrap emailusername\"><input type=\"email\" name=\"emailusername\" value=\"\" size=\"40\" class=\"wpcf7-form-control wpcf7-text wpcf7-email wpcf7-validates-as-email\" aria-invalid=\"false\" placeholder=\"entspricht jener hier oben\" \/><\/span> <\/p>\n<\/div>\n<div data-id=\"ebookother\" data-orig_id=\"ebookother\"  data-class=\"wpcf7cf_group\">\n<p><br><br \/>\nIhre Nachricht:<br \/>\n<span class=\"wpcf7-form-control-wrap message-ebookother\"><textarea name=\"message-ebookother\" cols=\"40\" rows=\"10\" class=\"wpcf7-form-control wpcf7-textarea\" aria-invalid=\"false\"><\/textarea><\/span>\n<\/div>\n<\/div>\n<div data-id=\"forumaccess\" data-orig_id=\"forumaccess\"  data-class=\"wpcf7cf_group\">\n<p><br><br \/>\nZugang wird nur an Abonnenten des E-Buchs \u201eDie friedliche Pille\u201c (<b>nur digitale Ausgabe<\/b>) oder Exit Mitgliedern gew\u00e4hrleistet.<\/p>\n<p>F\u00fcr neue Abonnenten besteht eine <b>Wartezeit von 1 Monat<\/b>.<\/p>\n<p>Wenn Sie <b>\u00fcber 50<\/b> oder schwer krank und zurechnungsf\u00e4hig sind k\u00f6nnen Sie eine Beitrittanfrage stellen.<br \/>\n<br><br \/>\nIhr Geburtsdatum<br \/>\n<span class=\"wpcf7-form-control-wrap DOB\"><input type=\"date\" name=\"DOB\" value=\"\" class=\"wpcf7-form-control wpcf7-date wpcf7-validates-as-required wpcf7-validates-as-date\" aria-required=\"true\" aria-invalid=\"false\" \/><\/span><br \/>\n<br><br \/>\nSind Sie Mitglied von Exit International?<br \/>\n<span class=\"wpcf7-form-control-wrap exitmember\"><span class=\"wpcf7-form-control wpcf7-checkbox wpcf7-validates-as-required wpcf7-exclusive-checkbox\"><span class=\"wpcf7-list-item first\"><input type=\"checkbox\" name=\"exitmember\" value=\"Ja\" \/><span class=\"wpcf7-list-item-label\">Ja<\/span><\/span><span class=\"wpcf7-list-item last\"><input type=\"checkbox\" name=\"exitmember\" value=\"Nein\" \/><span class=\"wpcf7-list-item-label\">Nein<\/span><\/span><\/span><\/span><br \/>\n<br><br \/>\nHaben Sie das Handbuch \"Die friedliche Pille\" abonniert?<br \/>\n<span class=\"wpcf7-form-control-wrap pphsubscriber\"><span class=\"wpcf7-form-control wpcf7-checkbox wpcf7-validates-as-required wpcf7-exclusive-checkbox\"><span class=\"wpcf7-list-item first\"><input type=\"checkbox\" name=\"pphsubscriber\" value=\"Ja\" \/><span class=\"wpcf7-list-item-label\">Ja<\/span><\/span><span class=\"wpcf7-list-item last\"><input type=\"checkbox\" name=\"pphsubscriber\" value=\"Nein\" \/><span class=\"wpcf7-list-item-label\">Nein<\/span><\/span><\/span><\/span><br \/>\n<br><br \/>\nWurde bei Ihnen jemals eine psychiatrische Erkrankung diagnostiziert?<br \/>\n<span class=\"wpcf7-form-control-wrap psychiatric\"><span class=\"wpcf7-form-control wpcf7-checkbox wpcf7-validates-as-required wpcf7-exclusive-checkbox\"><span class=\"wpcf7-list-item first\"><input type=\"checkbox\" name=\"psychiatric\" value=\"Ja\" \/><span class=\"wpcf7-list-item-label\">Ja<\/span><\/span><span class=\"wpcf7-list-item last\"><input type=\"checkbox\" name=\"psychiatric\" value=\"Nein\" \/><span class=\"wpcf7-list-item-label\">Nein<\/span><\/span><\/span><\/span><br \/>\n<br><br \/>\nBevorzugter Benutzername:<br \/>\n<span class=\"wpcf7-form-control-wrap preferedusername\"><input type=\"text\" name=\"preferedusername\" value=\"\" size=\"40\" class=\"wpcf7-form-control wpcf7-text\" aria-invalid=\"false\" \/><\/span><br \/>\n<br><br \/>\n<b><u>Wichtig<\/u>:<\/b><br \/>\nAlle Bewerber m\u00fcssen ein frontales Bild (Selfie) mit einem g\u00fcltigen Personalausweis in der Hand (worauf das Geburtsdatum und Foto erkennbar sind) hochladen.<br \/>\nAkzeptierte Dateitypen:<i> pdf, jpg, png - Max. Dateigr\u00f6\u00dfe 5MB<\/i><br \/>\n<img src=\"https:\/\/www.peacefulpillhandbook.com\/wp-content\/uploads\/2019\/06\/verification2.png\" alt=\"\" width=\"345\" height=\"200\" class=\"alignnone size-full wp-image-3523\" \/><br \/>\n<br><br \/>\nBitte laden Sie Ihr Bild hier hoch:<br \/>\n<span class=\"wpcf7-form-control-wrap forumselfie\"><input type=\"file\" name=\"forumselfie\" size=\"40\" class=\"wpcf7-form-control wpcf7-file wpcf7-validates-as-required\" accept=\".pdf,.jpg,.gif,.png\" aria-required=\"true\" aria-invalid=\"false\" \/><\/span><br \/>\nAnmerkungen<br \/>\n<span class=\"wpcf7-form-control-wrap notes\"><textarea name=\"notes\" cols=\"40\" rows=\"10\" class=\"wpcf7-form-control wpcf7-textarea\" aria-invalid=\"false\"><\/textarea><\/span>\n<\/div>\n<p><\/><br \/>\n<span id=\"wpcf7-69e3d26451e76-wrapper\" class=\"wpcf7-form-control-wrap honeypot-151-wrap\" style=\"display:none !important; visibility:hidden !important;\"><label for=\"wpcf7-69e3d26451e76-field\" class=\"hp-message\">Bitte lasse dieses Feld leer.<\/label><input id=\"wpcf7-69e3d26451e76-field\"  class=\"wpcf7-form-control wpcf7-text\" type=\"text\" name=\"honeypot-151\" value=\"\" size=\"40\" tabindex=\"-1\" autocomplete=\"new-password\" \/><\/span><br \/>\n<br><br \/>\n<input type=\"submit\" value=\"Absenden\" class=\"wpcf7-form-control wpcf7-submit\" \/><\/p>\n<div class=\"wpcf7-response-output wpcf7-display-none\"><\/div><\/form><\/div>\n","protected":false},"excerpt":{"rendered":"","protected":false},"author":9,"featured_media":0,"parent":0,"menu_order":0,"comment_status":"closed","ping_status":"closed","template":"","meta":[],"tags":[],"yoast_head":"<!-- This site is optimized with the Yoast SEO plugin v16.0.2 - https:\/\/yoast.com\/wordpress\/plugins\/seo\/ -->\n<link rel=\"canonical\" href=\"https:\/\/www.peacefulpillhandbook.com\/deutsch\/contact\/\" \/>\n<meta property=\"og:locale\" content=\"de_DE\" \/>\n<meta property=\"og:type\" content=\"article\" \/>\n<meta property=\"og:title\" content=\"Kontakt - Die friedliche Pille - Das Handbuch\" \/>\n<meta property=\"og:url\" content=\"https:\/\/www.peacefulpillhandbook.com\/deutsch\/contact\/\" \/>\n<meta property=\"og:site_name\" content=\"Die friedliche Pille - Das Handbuch\" \/>\n<meta property=\"article:publisher\" content=\"https:\/\/www.facebook.com\/philip.nitschke\" \/>\n<meta property=\"article:modified_time\" content=\"2019-06-17T10:43:52+00:00\" \/>\n<meta name=\"twitter:card\" content=\"summary_large_image\" \/>\n<meta name=\"twitter:site\" content=\"@exit_deutsch\" \/>\n<script type=\"application\/ld+json\" class=\"yoast-schema-graph\">{\"@context\":\"https:\/\/schema.org\",\"@graph\":[{\"@type\":\"WebSite\",\"@id\":\"https:\/\/www.peacefulpillhandbook.com\/deutsch\/#website\",\"url\":\"https:\/\/www.peacefulpillhandbook.com\/deutsch\/\",\"name\":\"Die friedliche Pille - Das Handbuch\",\"description\":\"Das Handbuch Die friedliche Pille enth\\u00e4lt Informationen \\u00fcber Euthanasie und Sterbehilfe f\\u00fcr Senioren und schwer kranke Menschen.\",\"potentialAction\":[{\"@type\":\"SearchAction\",\"target\":\"https:\/\/www.peacefulpillhandbook.com\/deutsch\/?s={search_term_string}\",\"query-input\":\"required name=search_term_string\"}],\"inLanguage\":\"de-DE\"},{\"@type\":\"WebPage\",\"@id\":\"https:\/\/www.peacefulpillhandbook.com\/deutsch\/contact\/#webpage\",\"url\":\"https:\/\/www.peacefulpillhandbook.com\/deutsch\/contact\/\",\"name\":\"Kontakt - Die friedliche Pille - Das Handbuch\",\"isPartOf\":{\"@id\":\"https:\/\/www.peacefulpillhandbook.com\/deutsch\/#website\"},\"datePublished\":\"2019-06-17T09:24:00+00:00\",\"dateModified\":\"2019-06-17T10:43:52+00:00\",\"breadcrumb\":{\"@id\":\"https:\/\/www.peacefulpillhandbook.com\/deutsch\/contact\/#breadcrumb\"},\"inLanguage\":\"de-DE\",\"potentialAction\":[{\"@type\":\"ReadAction\",\"target\":[\"https:\/\/www.peacefulpillhandbook.com\/deutsch\/contact\/\"]}]},{\"@type\":\"BreadcrumbList\",\"@id\":\"https:\/\/www.peacefulpillhandbook.com\/deutsch\/contact\/#breadcrumb\",\"itemListElement\":[{\"@type\":\"ListItem\",\"position\":1,\"item\":{\"@type\":\"WebPage\",\"@id\":\"https:\/\/www.peacefulpillhandbook.com\/deutsch\/\",\"url\":\"https:\/\/www.peacefulpillhandbook.com\/deutsch\/\",\"name\":\"Startseite\"}},{\"@type\":\"ListItem\",\"position\":2,\"item\":{\"@type\":\"WebPage\",\"@id\":\"https:\/\/www.peacefulpillhandbook.com\/deutsch\/contact\/\",\"url\":\"https:\/\/www.peacefulpillhandbook.com\/deutsch\/contact\/\",\"name\":\"Kontakt\"}}]}]}<\/script>\n<!-- \/ Yoast SEO plugin. -->","_links":{"self":[{"href":"https:\/\/www.peacefulpillhandbook.com\/deutsch\/wp-json\/wp\/v2\/pages\/3239"}],"collection":[{"href":"https:\/\/www.peacefulpillhandbook.com\/deutsch\/wp-json\/wp\/v2\/pages"}],"about":[{"href":"https:\/\/www.peacefulpillhandbook.com\/deutsch\/wp-json\/wp\/v2\/types\/page"}],"author":[{"embeddable":true,"href":"https:\/\/www.peacefulpillhandbook.com\/deutsch\/wp-json\/wp\/v2\/users\/9"}],"replies":[{"embeddable":true,"href":"https:\/\/www.peacefulpillhandbook.com\/deutsch\/wp-json\/wp\/v2\/comments?post=3239"}],"version-history":[{"count":2,"href":"https:\/\/www.peacefulpillhandbook.com\/deutsch\/wp-json\/wp\/v2\/pages\/3239\/revisions"}],"predecessor-version":[{"id":3245,"href":"https:\/\/www.peacefulpillhandbook.com\/deutsch\/wp-json\/wp\/v2\/pages\/3239\/revisions\/3245"}],"wp:attachment":[{"href":"https:\/\/www.peacefulpillhandbook.com\/deutsch\/wp-json\/wp\/v2\/media?parent=3239"}],"wp:term":[{"taxonomy":"post_tag","embeddable":true,"href":"https:\/\/www.peacefulpillhandbook.com\/deutsch\/wp-json\/wp\/v2\/tags?post=3239"}],"curies":[{"name":"wp","href":"https:\/\/api.w.org\/{rel}","templated":true}]}}