{"id":3348,"date":"2020-05-29T17:09:51","date_gmt":"2020-05-29T08:39:51","guid":{"rendered":"https:\/\/www.peacefulpillhandbook.com\/deutsch\/?page_id=3348"},"modified":"2023-01-04T16:12:51","modified_gmt":"2023-01-04T15:12:51","slug":"edit-handbook-contents-here-german","status":"publish","type":"page","link":"https:\/\/www.peacefulpillhandbook.com\/deutsch\/edit-handbook-contents-here-german\/","title":{"rendered":"Edit Handbook Contents Here (German"},"content":{"rendered":"<ul>\n<li>Einf\u00fchrung<\/li>\n<li>Physiologie des Sterbens<\/li>\n<li>Alles \u00fcber t\u00f6dliche Medikamente und Gifte<\/li>\n<li>T\u00f6dliche Beruhigungsmittel<\/li>\n<li>T\u00f6dliche Herzmedikamente<\/li>\n<li>Der 5-Medikamenten-Mix &#8211; DDMAPh<\/li>\n<li>Erg\u00e4nzende Medikamente<\/li>\n<li>Die anorganischen Salze<\/li>\n<li>Hypoxie durch Inertgase<\/li>\n<li>Sarco<\/li>\n<li>Giftige Gase<\/li>\n<li>FVET &#8211; Freiwilliger Verzicht auf Essen und Trinken<\/li>\n<li>Online-Sicherheit und Datenschutz<\/li>\n<li>Weltweite Rechtslage bei Sterbehilfe<\/li>\n<li>Sterbehilfe in der Schweiz<\/li>\n<li>Versagen und Wiederbelebung &#8211; wenn etwas schief geht<\/li>\n<li>Nachwort &amp; VS-Tabelle<\/li>\n<li>Anhang<\/li>\n<\/ul>\n","protected":false},"excerpt":{"rendered":"<p>Einf\u00fchrung Physiologie des Sterbens Alles \u00fcber t\u00f6dliche Medikamente und Gifte T\u00f6dliche Beruhigungsmittel T\u00f6dliche Herzmedikamente Der 5-Medikamenten-Mix &#8211; DDMAPh Erg\u00e4nzende Medikamente Die anorganischen Salze Hypoxie durch Inertgase Sarco Giftige Gase FVET &#8211; Freiwilliger Verzicht auf Essen und Trinken Online-Sicherheit und Datenschutz Weltweite Rechtslage bei Sterbehilfe Sterbehilfe in der Schweiz Versagen und Wiederbelebung &#8211; wenn etwas schief [&hellip;]<\/p>\n","protected":false},"author":9,"featured_media":0,"parent":0,"menu_order":0,"comment_status":"closed","ping_status":"closed","template":"","meta":[],"tags":[],"yoast_head":"<!-- This site is optimized with the Yoast SEO plugin v16.0.2 - https:\/\/yoast.com\/wordpress\/plugins\/seo\/ -->\n<link rel=\"canonical\" href=\"https:\/\/www.peacefulpillhandbook.com\/deutsch\/edit-handbook-contents-here-german\/\" \/>\n<meta property=\"og:locale\" content=\"de_DE\" \/>\n<meta property=\"og:type\" content=\"article\" \/>\n<meta property=\"og:title\" content=\"Edit Handbook Contents Here (German - Die friedliche Pille - Das Handbuch\" \/>\n<meta property=\"og:description\" content=\"Einf\u00fchrung Physiologie des Sterbens Alles \u00fcber t\u00f6dliche Medikamente und Gifte T\u00f6dliche Beruhigungsmittel T\u00f6dliche Herzmedikamente Der 5-Medikamenten-Mix &#8211; DDMAPh Erg\u00e4nzende Medikamente Die anorganischen Salze Hypoxie durch Inertgase Sarco Giftige Gase FVET &#8211; Freiwilliger Verzicht auf Essen und Trinken Online-Sicherheit und Datenschutz Weltweite Rechtslage bei Sterbehilfe Sterbehilfe in der Schweiz Versagen und Wiederbelebung &#8211; wenn etwas schief [&hellip;]\" \/>\n<meta property=\"og:url\" content=\"https:\/\/www.peacefulpillhandbook.com\/deutsch\/edit-handbook-contents-here-german\/\" \/>\n<meta property=\"og:site_name\" content=\"Die friedliche Pille - Das Handbuch\" \/>\n<meta property=\"article:publisher\" content=\"https:\/\/www.facebook.com\/philip.nitschke\" \/>\n<meta property=\"article:modified_time\" content=\"2023-01-04T15:12:51+00:00\" \/>\n<meta name=\"twitter:card\" content=\"summary_large_image\" \/>\n<meta name=\"twitter:site\" content=\"@exit_deutsch\" \/>\n<meta name=\"twitter:label1\" content=\"Gesch\u00e4tzte Lesezeit\">\n\t<meta name=\"twitter:data1\" content=\"1 Minute\">\n<script type=\"application\/ld+json\" class=\"yoast-schema-graph\">{\"@context\":\"https:\/\/schema.org\",\"@graph\":[{\"@type\":\"WebSite\",\"@id\":\"https:\/\/www.peacefulpillhandbook.com\/deutsch\/#website\",\"url\":\"https:\/\/www.peacefulpillhandbook.com\/deutsch\/\",\"name\":\"Die friedliche Pille - Das Handbuch\",\"description\":\"Das Handbuch Die friedliche Pille enth\\u00e4lt Informationen \\u00fcber Euthanasie und Sterbehilfe f\\u00fcr Senioren und schwer kranke Menschen.\",\"potentialAction\":[{\"@type\":\"SearchAction\",\"target\":\"https:\/\/www.peacefulpillhandbook.com\/deutsch\/?s={search_term_string}\",\"query-input\":\"required name=search_term_string\"}],\"inLanguage\":\"de-DE\"},{\"@type\":\"WebPage\",\"@id\":\"https:\/\/www.peacefulpillhandbook.com\/deutsch\/edit-handbook-contents-here-german\/#webpage\",\"url\":\"https:\/\/www.peacefulpillhandbook.com\/deutsch\/edit-handbook-contents-here-german\/\",\"name\":\"Edit Handbook Contents Here (German - Die friedliche Pille - Das Handbuch\",\"isPartOf\":{\"@id\":\"https:\/\/www.peacefulpillhandbook.com\/deutsch\/#website\"},\"datePublished\":\"2020-05-29T08:39:51+00:00\",\"dateModified\":\"2023-01-04T15:12:51+00:00\",\"breadcrumb\":{\"@id\":\"https:\/\/www.peacefulpillhandbook.com\/deutsch\/edit-handbook-contents-here-german\/#breadcrumb\"},\"inLanguage\":\"de-DE\",\"potentialAction\":[{\"@type\":\"ReadAction\",\"target\":[\"https:\/\/www.peacefulpillhandbook.com\/deutsch\/edit-handbook-contents-here-german\/\"]}]},{\"@type\":\"BreadcrumbList\",\"@id\":\"https:\/\/www.peacefulpillhandbook.com\/deutsch\/edit-handbook-contents-here-german\/#breadcrumb\",\"itemListElement\":[{\"@type\":\"ListItem\",\"position\":1,\"item\":{\"@type\":\"WebPage\",\"@id\":\"https:\/\/www.peacefulpillhandbook.com\/deutsch\/\",\"url\":\"https:\/\/www.peacefulpillhandbook.com\/deutsch\/\",\"name\":\"Startseite\"}},{\"@type\":\"ListItem\",\"position\":2,\"item\":{\"@type\":\"WebPage\",\"@id\":\"https:\/\/www.peacefulpillhandbook.com\/deutsch\/edit-handbook-contents-here-german\/\",\"url\":\"https:\/\/www.peacefulpillhandbook.com\/deutsch\/edit-handbook-contents-here-german\/\",\"name\":\"Edit Handbook Contents Here (German\"}}]}]}<\/script>\n<!-- \/ Yoast SEO plugin. -->","_links":{"self":[{"href":"https:\/\/www.peacefulpillhandbook.com\/deutsch\/wp-json\/wp\/v2\/pages\/3348"}],"collection":[{"href":"https:\/\/www.peacefulpillhandbook.com\/deutsch\/wp-json\/wp\/v2\/pages"}],"about":[{"href":"https:\/\/www.peacefulpillhandbook.com\/deutsch\/wp-json\/wp\/v2\/types\/page"}],"author":[{"embeddable":true,"href":"https:\/\/www.peacefulpillhandbook.com\/deutsch\/wp-json\/wp\/v2\/users\/9"}],"replies":[{"embeddable":true,"href":"https:\/\/www.peacefulpillhandbook.com\/deutsch\/wp-json\/wp\/v2\/comments?post=3348"}],"version-history":[{"count":5,"href":"https:\/\/www.peacefulpillhandbook.com\/deutsch\/wp-json\/wp\/v2\/pages\/3348\/revisions"}],"predecessor-version":[{"id":3726,"href":"https:\/\/www.peacefulpillhandbook.com\/deutsch\/wp-json\/wp\/v2\/pages\/3348\/revisions\/3726"}],"wp:attachment":[{"href":"https:\/\/www.peacefulpillhandbook.com\/deutsch\/wp-json\/wp\/v2\/media?parent=3348"}],"wp:term":[{"taxonomy":"post_tag","embeddable":true,"href":"https:\/\/www.peacefulpillhandbook.com\/deutsch\/wp-json\/wp\/v2\/tags?post=3348"}],"curies":[{"name":"wp","href":"https:\/\/api.w.org\/{rel}","templated":true}]}}