{"id":3694,"date":"2023-01-04T15:12:44","date_gmt":"2023-01-04T14:12:44","guid":{"rendered":"https:\/\/www.peacefulpillhandbook.com\/deutsch\/?page_id=3694"},"modified":"2026-01-08T19:02:25","modified_gmt":"2026-01-08T18:02:25","slug":"yudu-login","status":"publish","type":"page","link":"https:\/\/www.peacefulpillhandbook.com\/deutsch\/yudu-login\/","title":{"rendered":"Login"},"content":{"rendered":"<h2 style=\"text-align: center;\">Zugang zum Handbuch:<\/h2>\n<table border=\"0\" width=\"100%\" align=\"center\">\n<tbody>\n<tr>\n<td style=\"text-align: center;\"><a href=\"https:\/\/content.yudu.com\/web\/4z3g\/0A1pdbj\/DFPEssentials\/index.html\" target=\"_blank\" rel=\"noopener\"><img loading=\"lazy\" class=\"\" src=\"https:\/\/www.peacefulpillhandbook.com\/deutsch\/wp-content\/uploads\/2022\/12\/skew_essentials-digital.png\" alt=\"\" width=\"219\" height=\"271\" \/><\/a><\/td>\n<\/tr>\n<tr>\n<td style=\"text-align: center;\"><a class=\"maxbutton-6 maxbutton maxbutton-weitere-grunde\" target=\"_blank\" title=\"THE ESSENTIALS\" rel=\"noopener\" href=\"https:\/\/content.yudu.com\/web\/4z3g\/0A1pdbj\/DFPEssentials\/index.html\"><span class='mb-text'>Login<\/span><\/a><\/td>\n<\/tr>\n<\/tbody>\n<\/table>\n<hr style=\"border: 0; height: 1px; background-color: black;\" \/>\n<div style=\"width: 100%; margin: 0 auto; border: 3px solid #e51a90; text-align: center; padding: 10px;\">\n<p style=\"text-align: center;\"><strong>Klicken Sie <a href=\"https:\/\/www.peacefulpillhandbook.com\/store\/mein-account\/?lang=de\">hier<\/a>, um Ihr Abonnement zu verwalten<\/strong><\/p>\n<p style=\"text-align: left;\"><span style=\"text-decoration: underline;\">Hinweis<\/span>: Das Passwort f\u00fcr den Shop unterscheidet sich von dem Passwort, das Sie f\u00fcr den Zugriff auf das Handbuch verwenden.<\/p>\n<ul>\n<li style=\"text-align: left;\">Wenn Sie <em><strong>vor Dezember 2025<\/strong><\/em> abonniert oder verl\u00e4ngert haben, ben\u00f6tigen Sie kein Passwort f\u00fcr den Shop \u2013 Sie werden bei Ihrer n\u00e4chsten Verl\u00e4ngerung aufgefordert, eines zu erstellen. Sie erhalten eine E-Mail, wenn Ihr Abonnement zur Verl\u00e4ngerung ansteht.<\/li>\n<li style=\"text-align: left;\">Wenn Sie am oder <em><strong>nach dem 1. Dezember 2025<\/strong><\/em> abonniert oder verl\u00e4ngert haben, haben Sie bereits ein Passwort f\u00fcr den Shop gew\u00e4hlt. Wenn Sie das Passwort f\u00fcr den Shop vergessen haben, k\u00f6nnen Sie es zur\u00fccksetzen, indem Sie auf \u201eIch habe mein Passwort vergessen\u201c klicken.<\/li>\n<\/ul>\n<p style=\"text-align: left;\">\n<\/div>\n","protected":false},"excerpt":{"rendered":"<p>Zugang zum Handbuch: Klicken Sie hier, um Ihr Abonnement zu verwalten Hinweis: Das Passwort f\u00fcr den Shop unterscheidet sich von dem Passwort, das Sie f\u00fcr den Zugriff auf das Handbuch verwenden. Wenn Sie vor Dezember 2025 abonniert oder verl\u00e4ngert haben, ben\u00f6tigen Sie kein Passwort f\u00fcr den Shop \u2013 Sie werden bei Ihrer n\u00e4chsten Verl\u00e4ngerung aufgefordert, [&hellip;]<\/p>\n","protected":false},"author":9,"featured_media":0,"parent":0,"menu_order":0,"comment_status":"closed","ping_status":"closed","template":"","meta":[],"tags":[],"yoast_head":"<!-- This site is optimized with the Yoast SEO plugin v16.0.2 - https:\/\/yoast.com\/wordpress\/plugins\/seo\/ -->\n<link rel=\"canonical\" href=\"https:\/\/www.peacefulpillhandbook.com\/deutsch\/yudu-login\/\" \/>\n<meta property=\"og:locale\" content=\"de_DE\" \/>\n<meta property=\"og:type\" content=\"article\" \/>\n<meta property=\"og:title\" content=\"Login - Die friedliche Pille - Das Handbuch\" \/>\n<meta property=\"og:description\" content=\"Zugang zum Handbuch: Klicken Sie hier, um Ihr Abonnement zu verwalten Hinweis: Das Passwort f\u00fcr den Shop unterscheidet sich von dem Passwort, das Sie f\u00fcr den Zugriff auf das Handbuch verwenden. Wenn Sie vor Dezember 2025 abonniert oder verl\u00e4ngert haben, ben\u00f6tigen Sie kein Passwort f\u00fcr den Shop \u2013 Sie werden bei Ihrer n\u00e4chsten Verl\u00e4ngerung aufgefordert, [&hellip;]\" \/>\n<meta property=\"og:url\" content=\"https:\/\/www.peacefulpillhandbook.com\/deutsch\/yudu-login\/\" \/>\n<meta property=\"og:site_name\" content=\"Die friedliche Pille - Das Handbuch\" \/>\n<meta property=\"article:publisher\" content=\"https:\/\/www.facebook.com\/philip.nitschke\" \/>\n<meta property=\"article:modified_time\" content=\"2026-01-08T18:02:25+00:00\" \/>\n<meta property=\"og:image\" content=\"https:\/\/www.peacefulpillhandbook.com\/deutsch\/wp-content\/uploads\/2022\/12\/skew_essentials-digital.png\" \/>\n<meta name=\"twitter:card\" content=\"summary_large_image\" \/>\n<meta name=\"twitter:site\" content=\"@exit_deutsch\" \/>\n<meta name=\"twitter:label1\" content=\"Gesch\u00e4tzte Lesezeit\">\n\t<meta name=\"twitter:data1\" content=\"1 Minute\">\n<script type=\"application\/ld+json\" class=\"yoast-schema-graph\">{\"@context\":\"https:\/\/schema.org\",\"@graph\":[{\"@type\":\"WebSite\",\"@id\":\"https:\/\/www.peacefulpillhandbook.com\/deutsch\/#website\",\"url\":\"https:\/\/www.peacefulpillhandbook.com\/deutsch\/\",\"name\":\"Die friedliche Pille - Das Handbuch\",\"description\":\"Das Handbuch Die friedliche Pille enth\\u00e4lt Informationen \\u00fcber Euthanasie und Sterbehilfe f\\u00fcr Senioren und schwer kranke Menschen.\",\"potentialAction\":[{\"@type\":\"SearchAction\",\"target\":\"https:\/\/www.peacefulpillhandbook.com\/deutsch\/?s={search_term_string}\",\"query-input\":\"required name=search_term_string\"}],\"inLanguage\":\"de-DE\"},{\"@type\":\"ImageObject\",\"@id\":\"https:\/\/www.peacefulpillhandbook.com\/deutsch\/yudu-login\/#primaryimage\",\"inLanguage\":\"de-DE\",\"url\":\"https:\/\/www.peacefulpillhandbook.com\/deutsch\/wp-content\/uploads\/2022\/12\/skew_essentials-digital.png\",\"width\":332,\"height\":411},{\"@type\":\"WebPage\",\"@id\":\"https:\/\/www.peacefulpillhandbook.com\/deutsch\/yudu-login\/#webpage\",\"url\":\"https:\/\/www.peacefulpillhandbook.com\/deutsch\/yudu-login\/\",\"name\":\"Login - Die friedliche Pille - Das Handbuch\",\"isPartOf\":{\"@id\":\"https:\/\/www.peacefulpillhandbook.com\/deutsch\/#website\"},\"primaryImageOfPage\":{\"@id\":\"https:\/\/www.peacefulpillhandbook.com\/deutsch\/yudu-login\/#primaryimage\"},\"datePublished\":\"2023-01-04T14:12:44+00:00\",\"dateModified\":\"2026-01-08T18:02:25+00:00\",\"breadcrumb\":{\"@id\":\"https:\/\/www.peacefulpillhandbook.com\/deutsch\/yudu-login\/#breadcrumb\"},\"inLanguage\":\"de-DE\",\"potentialAction\":[{\"@type\":\"ReadAction\",\"target\":[\"https:\/\/www.peacefulpillhandbook.com\/deutsch\/yudu-login\/\"]}]},{\"@type\":\"BreadcrumbList\",\"@id\":\"https:\/\/www.peacefulpillhandbook.com\/deutsch\/yudu-login\/#breadcrumb\",\"itemListElement\":[{\"@type\":\"ListItem\",\"position\":1,\"item\":{\"@type\":\"WebPage\",\"@id\":\"https:\/\/www.peacefulpillhandbook.com\/deutsch\/\",\"url\":\"https:\/\/www.peacefulpillhandbook.com\/deutsch\/\",\"name\":\"Startseite\"}},{\"@type\":\"ListItem\",\"position\":2,\"item\":{\"@type\":\"WebPage\",\"@id\":\"https:\/\/www.peacefulpillhandbook.com\/deutsch\/yudu-login\/\",\"url\":\"https:\/\/www.peacefulpillhandbook.com\/deutsch\/yudu-login\/\",\"name\":\"Login\"}}]}]}<\/script>\n<!-- \/ Yoast SEO plugin. -->","_links":{"self":[{"href":"https:\/\/www.peacefulpillhandbook.com\/deutsch\/wp-json\/wp\/v2\/pages\/3694"}],"collection":[{"href":"https:\/\/www.peacefulpillhandbook.com\/deutsch\/wp-json\/wp\/v2\/pages"}],"about":[{"href":"https:\/\/www.peacefulpillhandbook.com\/deutsch\/wp-json\/wp\/v2\/types\/page"}],"author":[{"embeddable":true,"href":"https:\/\/www.peacefulpillhandbook.com\/deutsch\/wp-json\/wp\/v2\/users\/9"}],"replies":[{"embeddable":true,"href":"https:\/\/www.peacefulpillhandbook.com\/deutsch\/wp-json\/wp\/v2\/comments?post=3694"}],"version-history":[{"count":42,"href":"https:\/\/www.peacefulpillhandbook.com\/deutsch\/wp-json\/wp\/v2\/pages\/3694\/revisions"}],"predecessor-version":[{"id":3991,"href":"https:\/\/www.peacefulpillhandbook.com\/deutsch\/wp-json\/wp\/v2\/pages\/3694\/revisions\/3991"}],"wp:attachment":[{"href":"https:\/\/www.peacefulpillhandbook.com\/deutsch\/wp-json\/wp\/v2\/media?parent=3694"}],"wp:term":[{"taxonomy":"post_tag","embeddable":true,"href":"https:\/\/www.peacefulpillhandbook.com\/deutsch\/wp-json\/wp\/v2\/tags?post=3694"}],"curies":[{"name":"wp","href":"https:\/\/api.w.org\/{rel}","templated":true}]}}