{"id":780,"date":"2014-05-27T14:29:29","date_gmt":"2014-05-27T05:59:29","guid":{"rendered":"http:\/\/www.peacefulpillhandbook.com\/int\/int\/?page_id=780"},"modified":"2021-04-23T20:08:49","modified_gmt":"2021-04-23T11:38:49","slug":"inhalte-des_handbuchs","status":"publish","type":"page","link":"https:\/\/www.peacefulpillhandbook.com\/deutsch\/inhalte-des_handbuchs\/","title":{"rendered":"Inhalte des Handbuchs"},"content":{"rendered":"<h3>Die Handbuch Serie &#8222;<em>Die friedliche Pille<\/em>&#8222;<\/h3>\n<p>Die Druckausgabe des Handbuchs <em>Die friedliche Pille,<\/em> ein Buch \u00fcber Freitod und Sterbehilfe wurde erstmals 2006 auf Englisch ver\u00f6ffentlicht.*<\/p>\n<p>Die Online-Ausgabe des eHandbuchs <em>Die friedliche Pille<\/em> (Abonnement) wurde erstmals 2008 auf Englisch herausgegeben.<\/p>\n<p>Diese Internetausgabe wird bis zu 6 Mal j\u00e4hrlich aktualisiert, damit Leser stets \u00fcber wichtige Informationen in Bezug auf Freitod und Sterbehilfe informiert sind.<\/p>\n<h3>Buch \u00fcber Freitod und Sterbehilfe &#8211; Inhalt<\/h3>\n<p>Vorwort<\/p>\n<p>Gedanken zum Lebensende<br \/>\nDie Rechtslage bei Sterbehilfe, Freitodbegleitung und Suizid<br \/>\nWas ist die friedliche Pille?<br \/>\nDer Exit VS Test (Verl\u00e4sslichkeit und Sanftheit)<br \/>\nTod durch Hypoxie mit dem \u201eExit Bag\u201c<br \/>\nKohlenmonoxid<br \/>\nT\u00f6dliche anorganische Salze<br \/>\nTod durch Detergenzien<br \/>\nMedikamente: Eine Einf\u00fchrung<br \/>\nMorphin und die Opioide<br \/>\nPropoxyphen<br \/>\nAmitriptylin<br \/>\nChloroquin<br \/>\nInsulin<br \/>\nChloralhydrat<br \/>\nNembutal<br \/>\nVerf\u00fcgbarkeit von Nembutal<br \/>\nBetrug mit Nembutal<br \/>\nAnalyse und Lagerung von Nembutal<br \/>\nDie Einnahme von Nembutal<br \/>\nDas Projekt \u201eFriedliche Pille\u201c<br \/>\nDie koreanische Methode<br \/>\nSterbehilfe in der Schweiz<br \/>\nAbschlie\u00dfende \u00dcberlegungen<\/p>\n<h3>Ein Buch \u00fcber Freitod und Sterbehilfe : welche ist die Zielgruppe<\/h3>\n<p>Die Druckausgabe und die Internetausgabe des Handbuchs Die friedliche Pille hat das Ziel Informationen \u00fcber Euthanasie, Sterbehilfe und assistierten Suizid f\u00fcr \u00e4ltere, schwer kranke Menschen (z. Beispiel an Krebs oder ALS erkrankt) und deren Familienangeh\u00f6rigen und Freunden zu liefern.<\/p>\n<p>Das Mindestalter f\u00fcr Abonnenten des E-Buchs <em>Die friedliche Pille<\/em> ist 50 Jahre.<\/p>\n<h3>Rechtliche Aspekte<\/h3>\n<p>Das Handbuch <em>Die friedliche Pille<\/em> wird unter Bewusstsein ver\u00f6ffentlicht, dass assistierter Suizid in den meisten westlichen L\u00e4ndern illegal ist. Die Bitte nach Hilfe an einer nahe stehenden Person kann strenge Strafen bis zu Gef\u00e4ngnisstrafen mit sich bringen.<\/p>\n<p>Wenn ein Mensch jedoch f\u00fcr sich selbst einen Plan f\u00fcr die Zukunft erstellt &#8211; in der Hoffnung, dass es nie gebraucht wird aber mit dem Komfort zu wissen, dass die Option existiert &#8211; werden Freunde und Angeh\u00f6rige rechtlich gesch\u00fctzt bleiben, da ein rationeller Selbsttod kein Verbrechen ist.<\/p>\n<p>Die M\u00f6glichkeit \u00fcber alle Aspekte unseres Lebens informierte Entscheidungen treffen zu k\u00f6nnen ist ein Grundrecht. Gute Information, die sich auf solider Recherche st\u00fctzt, ist daher unentbehrlich.<\/p>\n<p>Daher &#8222;verdient jeder einen friedlichen Tod&#8220;.<\/p>\n<p>*Die Autoren verstehen unter den Bezeichnungen &#8222;Euthanasie&#8220; und &#8222;Sterbehilfe&#8220; die rationale F\u00e4higkeit eines Erwachsenen die eigenen Optionen zum Lebensende festzulegen., \u00fcblicherweise in Zusammenhang mit hohem Alter und schwerer Erkrankungen.<\/p>\n<p>**Anmerkung: Die Autoren haben keinen Zugang, besitzen, verkaufen oder vertrieben keinerlei Medikamente oder Drogen. Bitte fragen Sie nicht!<\/p>\n<h3><strong>Es gibt Hilfe<\/strong><\/h3>\n<p>Falls Sie sich nicht in der Zielgruppe unserer Handb\u00fccher befinden oder falls Sie f\u00fchlen Sie brauchen Hilfe, bitte wenden Sie sich an folgende Nummern:<\/p>\n<p>Deutschland: Notfall-Seelsorge und Suizid-Pr\u00e4vention<br \/>\n0800 &#8211; 111 0 111<br \/>\n0800 &#8211; 111 0 222<\/p>\n<p>Schweiz: Die dargebotene Hand<br \/>\nTelefon 143<\/p>\n<p>\u00d6sterreich: Telefonseelsorge<br \/>\nTelefon 142<\/p>\n<p>Hotlines anderer L\u00e4nder finden Sie unter: <a href=\"http:\/\/www.suicide.org\/international-suicide-hotlines.html\">http:\/\/www.suicide.org\/international-suicide-hotlines.html<\/a>[:it]<\/p>\n<p>&nbsp;<\/p>\n","protected":false},"excerpt":{"rendered":"<p>Die Handbuch Serie &#8222;Die friedliche Pille&#8222; Die Druckausgabe des Handbuchs Die friedliche Pille, ein Buch \u00fcber Freitod und Sterbehilfe wurde erstmals 2006 auf Englisch ver\u00f6ffentlicht.* Die Online-Ausgabe des eHandbuchs Die friedliche Pille (Abonnement) wurde erstmals 2008 auf Englisch herausgegeben. Diese Internetausgabe wird bis zu 6 Mal j\u00e4hrlich aktualisiert, damit Leser stets \u00fcber wichtige Informationen in [&hellip;]<\/p>\n","protected":false},"author":4,"featured_media":0,"parent":0,"menu_order":0,"comment_status":"open","ping_status":"closed","template":"","meta":[],"tags":[],"yoast_head":"<!-- This site is optimized with the Yoast SEO plugin v16.0.2 - https:\/\/yoast.com\/wordpress\/plugins\/seo\/ -->\n<meta name=\"description\" content=\"Die friedliche Pille ist ein Buch \u00fcber Freitod und Sterbehilfe mit Informationen \u00fcber (assistierten) Suizid f\u00fcr \u00e4ltere oder kranke Menschen.\" \/>\n<link rel=\"canonical\" href=\"https:\/\/www.peacefulpillhandbook.com\/deutsch\/inhalte-des_handbuchs\/\" \/>\n<meta property=\"og:locale\" content=\"de_DE\" \/>\n<meta property=\"og:type\" content=\"article\" \/>\n<meta property=\"og:title\" content=\"Buch \u00fcber Freitod und Sterbehilfe - Inhalte des Handbuchs\" \/>\n<meta property=\"og:description\" content=\"Die friedliche Pille ist ein Buch \u00fcber Freitod und Sterbehilfe mit Informationen \u00fcber (assistierten) Suizid f\u00fcr \u00e4ltere oder kranke Menschen.\" \/>\n<meta property=\"og:url\" content=\"https:\/\/www.peacefulpillhandbook.com\/deutsch\/inhalte-des_handbuchs\/\" \/>\n<meta property=\"og:site_name\" content=\"Die friedliche Pille - Das Handbuch\" \/>\n<meta property=\"article:publisher\" content=\"https:\/\/www.facebook.com\/philip.nitschke\" \/>\n<meta property=\"article:modified_time\" content=\"2021-04-23T11:38:49+00:00\" \/>\n<meta name=\"twitter:card\" content=\"summary_large_image\" \/>\n<meta name=\"twitter:site\" content=\"@exit_deutsch\" \/>\n<meta name=\"twitter:label1\" content=\"Gesch\u00e4tzte Lesezeit\">\n\t<meta name=\"twitter:data1\" content=\"2 Minuten\">\n<script type=\"application\/ld+json\" class=\"yoast-schema-graph\">{\"@context\":\"https:\/\/schema.org\",\"@graph\":[{\"@type\":\"WebSite\",\"@id\":\"https:\/\/www.peacefulpillhandbook.com\/deutsch\/#website\",\"url\":\"https:\/\/www.peacefulpillhandbook.com\/deutsch\/\",\"name\":\"Die friedliche Pille - Das Handbuch\",\"description\":\"Das Handbuch Die friedliche Pille enth\\u00e4lt Informationen \\u00fcber Euthanasie und Sterbehilfe f\\u00fcr Senioren und schwer kranke Menschen.\",\"potentialAction\":[{\"@type\":\"SearchAction\",\"target\":\"https:\/\/www.peacefulpillhandbook.com\/deutsch\/?s={search_term_string}\",\"query-input\":\"required name=search_term_string\"}],\"inLanguage\":\"de-DE\"},{\"@type\":\"WebPage\",\"@id\":\"https:\/\/www.peacefulpillhandbook.com\/deutsch\/inhalte-des_handbuchs\/#webpage\",\"url\":\"https:\/\/www.peacefulpillhandbook.com\/deutsch\/inhalte-des_handbuchs\/\",\"name\":\"Buch \\u00fcber Freitod und Sterbehilfe - Inhalte des Handbuchs\",\"isPartOf\":{\"@id\":\"https:\/\/www.peacefulpillhandbook.com\/deutsch\/#website\"},\"datePublished\":\"2014-05-27T05:59:29+00:00\",\"dateModified\":\"2021-04-23T11:38:49+00:00\",\"description\":\"Die friedliche Pille ist ein Buch \\u00fcber Freitod und Sterbehilfe mit Informationen \\u00fcber (assistierten) Suizid f\\u00fcr \\u00e4ltere oder kranke Menschen.\",\"breadcrumb\":{\"@id\":\"https:\/\/www.peacefulpillhandbook.com\/deutsch\/inhalte-des_handbuchs\/#breadcrumb\"},\"inLanguage\":\"de-DE\",\"potentialAction\":[{\"@type\":\"ReadAction\",\"target\":[\"https:\/\/www.peacefulpillhandbook.com\/deutsch\/inhalte-des_handbuchs\/\"]}]},{\"@type\":\"BreadcrumbList\",\"@id\":\"https:\/\/www.peacefulpillhandbook.com\/deutsch\/inhalte-des_handbuchs\/#breadcrumb\",\"itemListElement\":[{\"@type\":\"ListItem\",\"position\":1,\"item\":{\"@type\":\"WebPage\",\"@id\":\"https:\/\/www.peacefulpillhandbook.com\/deutsch\/\",\"url\":\"https:\/\/www.peacefulpillhandbook.com\/deutsch\/\",\"name\":\"Startseite\"}},{\"@type\":\"ListItem\",\"position\":2,\"item\":{\"@type\":\"WebPage\",\"@id\":\"https:\/\/www.peacefulpillhandbook.com\/deutsch\/inhalte-des_handbuchs\/\",\"url\":\"https:\/\/www.peacefulpillhandbook.com\/deutsch\/inhalte-des_handbuchs\/\",\"name\":\"Inhalte des Handbuchs\"}}]}]}<\/script>\n<!-- \/ Yoast SEO plugin. -->","_links":{"self":[{"href":"https:\/\/www.peacefulpillhandbook.com\/deutsch\/wp-json\/wp\/v2\/pages\/780"}],"collection":[{"href":"https:\/\/www.peacefulpillhandbook.com\/deutsch\/wp-json\/wp\/v2\/pages"}],"about":[{"href":"https:\/\/www.peacefulpillhandbook.com\/deutsch\/wp-json\/wp\/v2\/types\/page"}],"author":[{"embeddable":true,"href":"https:\/\/www.peacefulpillhandbook.com\/deutsch\/wp-json\/wp\/v2\/users\/4"}],"replies":[{"embeddable":true,"href":"https:\/\/www.peacefulpillhandbook.com\/deutsch\/wp-json\/wp\/v2\/comments?post=780"}],"version-history":[{"count":87,"href":"https:\/\/www.peacefulpillhandbook.com\/deutsch\/wp-json\/wp\/v2\/pages\/780\/revisions"}],"predecessor-version":[{"id":3527,"href":"https:\/\/www.peacefulpillhandbook.com\/deutsch\/wp-json\/wp\/v2\/pages\/780\/revisions\/3527"}],"wp:attachment":[{"href":"https:\/\/www.peacefulpillhandbook.com\/deutsch\/wp-json\/wp\/v2\/media?parent=780"}],"wp:term":[{"taxonomy":"post_tag","embeddable":true,"href":"https:\/\/www.peacefulpillhandbook.com\/deutsch\/wp-json\/wp\/v2\/tags?post=780"}],"curies":[{"name":"wp","href":"https:\/\/api.w.org\/{rel}","templated":true}]}}