{"id":787,"date":"2014-05-27T16:10:40","date_gmt":"2014-05-27T07:40:40","guid":{"rendered":"http:\/\/www.peacefulpillhandbook.com\/int\/int\/?page_id=787"},"modified":"2023-01-04T15:30:46","modified_gmt":"2023-01-04T14:30:46","slug":"authoren","status":"publish","type":"page","link":"https:\/\/www.peacefulpillhandbook.com\/deutsch\/inhalte-des_handbuchs\/authoren\/","title":{"rendered":"Authors"},"content":{"rendered":"<h2>Die Autoren<\/h2>\n<p>Die Autoren des Handbuchs, Dr. <a href=\"https:\/\/www.peacefulpillhandbook.com\/deutsch\/inhalte-des_handbuchs\/authoren\/fiona-stewart\/\"><strong>Fiona Stewart<\/strong><\/a> (Soziologin und Rechtsanw\u00e4ltin) und Dr. <a href=\"https:\/\/www.peacefulpillhandbook.com\/deutsch\/inhalte-des_handbuchs\/authoren\/dr-philip-nitschke\/\"><strong>Philip Nitschke<\/strong><\/a> (Arzt und Sterbehilfe-Aktivist), trafen sich am Festival of Ideas in Powerhouse von Brisbane, Australien, im August 2001.<\/p>\n<p>Seitdem haben sie mit Erfolg als Kollegen und Mitarbeiter beim Verlag von B\u00fcchern und Ratgebern \u00fcber Euthanasie und Sterbehilfe f\u00fcr alte und schwer kranke Menschen (als Teil einer palliativen Planung).<\/p>\n<h3>Die Autoren des Handbuchs behaupten: &#8222;Ein Grundrecht f\u00fcr alle&#8220;<\/h3>\n<p>Die Autoren des Handbuchs sind fest davon \u00fcberzeugt, dass &#8222;Euthanasie&#8220; &#8211; ein guter Tod &#8211; ein Grundrecht f\u00fcr alle sei, nicht einzig eine \u00e4rztliche Behandlung f\u00fcr schwer kranke und leidende Menschen.<\/p>\n<p>Die Partnerschaft der Autoren produziert Informationen und Forschung in physischer und sozialer Wissenschaft.<\/p>\n<p>Das <em><strong>Handbuch Die friedliche Pille<\/strong><\/em> ist das f\u00fchrende Buch zur Selbsthilfe, welches Informationen \u00fcber Euthanasie, Assistierter Suizid oder Freitod und Sterbehilfe beschafft. Es befasst sich \u00fcbrigens auch mit rechtlichen Aspekten wie z.B. Testamente, palliative Kuren sowie mit der Geschichte der Gesetzgebung im Bereich Euthanasie \/ Sterbehilfe.<\/p>\n<div id=\"attachment_2425\" style=\"width: 630px\" class=\"wp-caption alignnone\"><img aria-describedby=\"caption-attachment-2425\" loading=\"lazy\" class=\"wp-image-2425 size-large\" src=\"https:\/\/www.peacefulpillhandbook.com\/deutsch\/wp-content\/uploads\/2014\/05\/Fiona-Philip-Syd-Uni-620x465.jpg\" alt=\"Die Autoren des Handbuchs Die friedliche Pille, Fiona &amp; Philip \" width=\"620\" height=\"465\" srcset=\"https:\/\/www.peacefulpillhandbook.com\/deutsch\/wp-content\/uploads\/2014\/05\/Fiona-Philip-Syd-Uni-620x465.jpg 620w, https:\/\/www.peacefulpillhandbook.com\/deutsch\/wp-content\/uploads\/2014\/05\/Fiona-Philip-Syd-Uni-300x225.jpg 300w, https:\/\/www.peacefulpillhandbook.com\/deutsch\/wp-content\/uploads\/2014\/05\/Fiona-Philip-Syd-Uni-600x450.jpg 600w, https:\/\/www.peacefulpillhandbook.com\/deutsch\/wp-content\/uploads\/2014\/05\/Fiona-Philip-Syd-Uni-220x165.jpg 220w, https:\/\/www.peacefulpillhandbook.com\/deutsch\/wp-content\/uploads\/2014\/05\/Fiona-Philip-Syd-Uni-130x97.jpg 130w, https:\/\/www.peacefulpillhandbook.com\/deutsch\/wp-content\/uploads\/2014\/05\/Fiona-Philip-Syd-Uni.jpg 1083w\" sizes=\"(max-width: 620px) 100vw, 620px\" \/><p id=\"caption-attachment-2425\" class=\"wp-caption-text\">Dr. Fiona Stewart &amp; Dr. Philip Nitschke<\/p><\/div>\n<p>Das Handbuch\u00a0<strong>Die friedliche Pille<\/strong>\u00a0ist die deutsche \u00dcbersetzung des \u201e<strong><em>The\u00a0<\/em><em>Peaceful Pill Handbook<\/em>\u201e<\/strong> und\u00a0enth\u00e4lt Informationen \u00fcber\u00a0 Sterbehilfe und Freitodbegleitung f\u00fcr Senioren und schwer kranke Menschen, Familienangeh\u00f6rige und Freunde. Die digitale Ausgabe wird mehrmals j\u00e4hrlich aktualisiert um Informationen zu den letzten Methoden und Techniken zu bieten.<\/p>\n","protected":false},"excerpt":{"rendered":"<p>Die Autoren Die Autoren des Handbuchs, Dr. Fiona Stewart (Soziologin und Rechtsanw\u00e4ltin) und Dr. Philip Nitschke (Arzt und Sterbehilfe-Aktivist), trafen sich am Festival of Ideas in Powerhouse von Brisbane, Australien, im August 2001. Seitdem haben sie mit Erfolg als Kollegen und Mitarbeiter beim Verlag von B\u00fcchern und Ratgebern \u00fcber Euthanasie und Sterbehilfe f\u00fcr alte und [&hellip;]<\/p>\n","protected":false},"author":4,"featured_media":0,"parent":780,"menu_order":1,"comment_status":"open","ping_status":"closed","template":"","meta":[],"tags":[],"yoast_head":"<!-- This site is optimized with the Yoast SEO plugin v16.0.2 - https:\/\/yoast.com\/wordpress\/plugins\/seo\/ -->\n<meta name=\"description\" content=\"Die Autoren des Handbuchs Die friedliche Pille sind der Arzt und Aktivist Philip Nitschke und die Rechtsanw\u00e4ltin Fiona Stewart.\" \/>\n<link rel=\"canonical\" href=\"https:\/\/www.peacefulpillhandbook.com\/deutsch\/inhalte-des_handbuchs\/authoren\/\" \/>\n<meta property=\"og:locale\" content=\"de_DE\" \/>\n<meta property=\"og:type\" content=\"article\" \/>\n<meta property=\"og:title\" content=\"Die friedliche Pille - Das Handbuch - Die Autoren des Handbuchs\" \/>\n<meta property=\"og:description\" content=\"Die Autoren des Handbuchs Die friedliche Pille sind der Arzt und Aktivist Philip Nitschke und die Rechtsanw\u00e4ltin Fiona Stewart.\" \/>\n<meta property=\"og:url\" content=\"https:\/\/www.peacefulpillhandbook.com\/deutsch\/inhalte-des_handbuchs\/authoren\/\" \/>\n<meta property=\"og:site_name\" content=\"Die friedliche Pille - Das Handbuch\" \/>\n<meta property=\"article:publisher\" content=\"https:\/\/www.facebook.com\/philip.nitschke\" \/>\n<meta property=\"article:modified_time\" content=\"2023-01-04T14:30:46+00:00\" \/>\n<meta property=\"og:image\" content=\"https:\/\/www.peacefulpillhandbook.com\/deutsch\/wp-content\/uploads\/2014\/05\/Fiona-Philip-Syd-Uni-620x465.jpg\" \/>\n<meta name=\"twitter:card\" content=\"summary_large_image\" \/>\n<meta name=\"twitter:site\" content=\"@exit_deutsch\" \/>\n<meta name=\"twitter:label1\" content=\"Gesch\u00e4tzte Lesezeit\">\n\t<meta name=\"twitter:data1\" content=\"2 Minuten\">\n<script type=\"application\/ld+json\" class=\"yoast-schema-graph\">{\"@context\":\"https:\/\/schema.org\",\"@graph\":[{\"@type\":\"WebSite\",\"@id\":\"https:\/\/www.peacefulpillhandbook.com\/deutsch\/#website\",\"url\":\"https:\/\/www.peacefulpillhandbook.com\/deutsch\/\",\"name\":\"Die friedliche Pille - Das Handbuch\",\"description\":\"Das Handbuch Die friedliche Pille enth\\u00e4lt Informationen \\u00fcber Euthanasie und Sterbehilfe f\\u00fcr Senioren und schwer kranke Menschen.\",\"potentialAction\":[{\"@type\":\"SearchAction\",\"target\":\"https:\/\/www.peacefulpillhandbook.com\/deutsch\/?s={search_term_string}\",\"query-input\":\"required name=search_term_string\"}],\"inLanguage\":\"de-DE\"},{\"@type\":\"ImageObject\",\"@id\":\"https:\/\/www.peacefulpillhandbook.com\/deutsch\/inhalte-des_handbuchs\/authoren\/#primaryimage\",\"inLanguage\":\"de-DE\",\"url\":\"https:\/\/www.peacefulpillhandbook.com\/deutsch\/wp-content\/uploads\/2014\/05\/Fiona-Philip-Syd-Uni.jpg\",\"width\":1083,\"height\":812,\"caption\":\"Fiona & Philip Syd Uni\"},{\"@type\":\"WebPage\",\"@id\":\"https:\/\/www.peacefulpillhandbook.com\/deutsch\/inhalte-des_handbuchs\/authoren\/#webpage\",\"url\":\"https:\/\/www.peacefulpillhandbook.com\/deutsch\/inhalte-des_handbuchs\/authoren\/\",\"name\":\"Die friedliche Pille - Das Handbuch - Die Autoren des Handbuchs\",\"isPartOf\":{\"@id\":\"https:\/\/www.peacefulpillhandbook.com\/deutsch\/#website\"},\"primaryImageOfPage\":{\"@id\":\"https:\/\/www.peacefulpillhandbook.com\/deutsch\/inhalte-des_handbuchs\/authoren\/#primaryimage\"},\"datePublished\":\"2014-05-27T07:40:40+00:00\",\"dateModified\":\"2023-01-04T14:30:46+00:00\",\"description\":\"Die Autoren des Handbuchs Die friedliche Pille sind der Arzt und Aktivist Philip Nitschke und die Rechtsanw\\u00e4ltin Fiona Stewart.\",\"breadcrumb\":{\"@id\":\"https:\/\/www.peacefulpillhandbook.com\/deutsch\/inhalte-des_handbuchs\/authoren\/#breadcrumb\"},\"inLanguage\":\"de-DE\",\"potentialAction\":[{\"@type\":\"ReadAction\",\"target\":[\"https:\/\/www.peacefulpillhandbook.com\/deutsch\/inhalte-des_handbuchs\/authoren\/\"]}]},{\"@type\":\"BreadcrumbList\",\"@id\":\"https:\/\/www.peacefulpillhandbook.com\/deutsch\/inhalte-des_handbuchs\/authoren\/#breadcrumb\",\"itemListElement\":[{\"@type\":\"ListItem\",\"position\":1,\"item\":{\"@type\":\"WebPage\",\"@id\":\"https:\/\/www.peacefulpillhandbook.com\/deutsch\/\",\"url\":\"https:\/\/www.peacefulpillhandbook.com\/deutsch\/\",\"name\":\"Startseite\"}},{\"@type\":\"ListItem\",\"position\":2,\"item\":{\"@type\":\"WebPage\",\"@id\":\"https:\/\/www.peacefulpillhandbook.com\/deutsch\/inhalte-des_handbuchs\/\",\"url\":\"https:\/\/www.peacefulpillhandbook.com\/deutsch\/inhalte-des_handbuchs\/\",\"name\":\"Inhalte des Handbuchs\"}},{\"@type\":\"ListItem\",\"position\":3,\"item\":{\"@type\":\"WebPage\",\"@id\":\"https:\/\/www.peacefulpillhandbook.com\/deutsch\/inhalte-des_handbuchs\/authoren\/\",\"url\":\"https:\/\/www.peacefulpillhandbook.com\/deutsch\/inhalte-des_handbuchs\/authoren\/\",\"name\":\"Authors\"}}]}]}<\/script>\n<!-- \/ Yoast SEO plugin. -->","_links":{"self":[{"href":"https:\/\/www.peacefulpillhandbook.com\/deutsch\/wp-json\/wp\/v2\/pages\/787"}],"collection":[{"href":"https:\/\/www.peacefulpillhandbook.com\/deutsch\/wp-json\/wp\/v2\/pages"}],"about":[{"href":"https:\/\/www.peacefulpillhandbook.com\/deutsch\/wp-json\/wp\/v2\/types\/page"}],"author":[{"embeddable":true,"href":"https:\/\/www.peacefulpillhandbook.com\/deutsch\/wp-json\/wp\/v2\/users\/4"}],"replies":[{"embeddable":true,"href":"https:\/\/www.peacefulpillhandbook.com\/deutsch\/wp-json\/wp\/v2\/comments?post=787"}],"version-history":[{"count":53,"href":"https:\/\/www.peacefulpillhandbook.com\/deutsch\/wp-json\/wp\/v2\/pages\/787\/revisions"}],"predecessor-version":[{"id":3717,"href":"https:\/\/www.peacefulpillhandbook.com\/deutsch\/wp-json\/wp\/v2\/pages\/787\/revisions\/3717"}],"up":[{"embeddable":true,"href":"https:\/\/www.peacefulpillhandbook.com\/deutsch\/wp-json\/wp\/v2\/pages\/780"}],"wp:attachment":[{"href":"https:\/\/www.peacefulpillhandbook.com\/deutsch\/wp-json\/wp\/v2\/media?parent=787"}],"wp:term":[{"taxonomy":"post_tag","embeddable":true,"href":"https:\/\/www.peacefulpillhandbook.com\/deutsch\/wp-json\/wp\/v2\/tags?post=787"}],"curies":[{"name":"wp","href":"https:\/\/api.w.org\/{rel}","templated":true}]}}