{"id":791,"date":"2014-05-28T08:26:14","date_gmt":"2014-05-27T23:56:14","guid":{"rendered":"http:\/\/www.peacefulpillhandbook.com\/int\/int\/?page_id=791"},"modified":"2023-01-04T15:30:12","modified_gmt":"2023-01-04T14:30:12","slug":"philosophie","status":"publish","type":"page","link":"https:\/\/www.peacefulpillhandbook.com\/deutsch\/inhalte-des_handbuchs\/philosophie\/","title":{"rendered":"Philosophie"},"content":{"rendered":"<h2>Unsere Philosophie<\/h2>\n<p>Die <strong>Handbuchserie Die friedliche Pille<\/strong> \u00fcber rationellem Freitod &#8211; Sterbehilfe beruht auf einem Grundrechtsmodell eines guten Todes, wonach das Recht zu sterben f\u00fcr alle gegeben sein sollte<\/p>\n<p>Darin wird Euthanasie als Grundrecht betractet und nicht als medizinische Behandlung.<\/p>\n<p><strong>Einerseits<\/strong>, wenn Euthanasie (oder Sterbehilfe oder wie auch immer man es nennen m\u00f6ge) einen medizinische Behandlung ist, dann ist ein guter Tod nur f\u00fcr jene, die schwer krank sind oder unertr\u00e4glich leiden (und denen es erlaubt wird, von einem Arzt unterst\u00fctzt zu werden)<\/p>\n<p><strong>Andererseits<\/strong>, wenn Euthanasie ein Grundrecht ist, dann ist das gute Sterben und das Sterben wie einer will ein fundamentaler Grundwert, der als solcher f\u00fcr jeden zurechnungsf\u00e4higen Menschen zug\u00e4nglich sein sollte (ohne Beteiligung von \u00c4rzten).<\/p>\n<h3>Zuverl\u00e4ssige Informationen<\/h3>\n<p>Ziel der Handb\u00fccher <strong>Die friedliche Pille<\/strong> ist es unseren Lesern pr\u00e4ziseste und zuverl\u00e4ssigste Informationen zum Lebensende zu liefern.<\/p>\n<p>Zugang zu akkuraten Informationen, die auf dem neuesten Stand gehalten werden ist ausschlaggebend um Entscheidungen \u00fcber das eigene Leben und Tod machen zu k\u00f6nnen.<\/p>\n<p>Einige Leute werden diese Informationen im Kontext der palliativer Pflege m\u00f6gen, andere werden hingegen gar nicht krank sein.<\/p>\n<p>Ein Plan zum Lebensende ist eine &#8222;Versicherung&#8220; f\u00fcr die Zukunft.<\/p>\n<p>Ein gut durchdachter Plan f\u00fcr einen w\u00fcrdevollen Tod ist ein wichtiger Bestandteil der allgemeinen Lebensplanung (genau so wie ein Testament, vorbezahlte Begr\u00e4bniskosten usw.)<\/p>\n<p>Die meisten Mensche hoffen diese Informationen nie zu brauchen. Viele von uns m\u00f6chten jedoch wissen, dass wir im Fall der F\u00e4lle eine Wahl haben.<\/p>\n<p>Das eiegen Leben im Kontext einer Erkrankung oder in hohem Alter ist kein Verbrechen.<\/p>\n<p>Die Bitte um Hilfe an eine nah stehende Person ist jedoch gegen dem Gesetz und kann in einigen L\u00e4ndern strenge Strafen mit sich bringen.<\/p>\n<p>Darum lohnt es sich im Voraus zu planen und unseren Geliebten Sicherheit zu gew\u00e4hren.<\/p>\n<p>Beim schreiben des Handbuchs <strong>The Peaceful Pill &#8211; Die friedliche Pille<\/strong> erkennen die Autoren die Pionierarbeit von\u00a0Dr. Jack Kevorkian und Derek Humphry an.<\/p>\n<p><strong>Dr. Jack Kevorkian<\/strong> war ein Arzt und half \u00fcber 100 Patienten zu einem friedvollen Tod bevor er verfolgt wurde und fast zehn Jahre im Gef\u00e4ngnis verbrachte.<\/p>\n<p><strong>Derek Humphry<\/strong> hat 1980 die Hemlock Society gegr\u00fcndet und 1991 das grundlegende <strong>Final Exit<\/strong> ver\u00f6ffentlicht.<\/p>\n<p><em><strong>Final Exit<\/strong>\u00a0<\/em>war das erste Buch \u00fcber Euthanasie als Grundrecht und welches es Lesern erm\u00f6glichte im Voraus zu planen.<\/p>\n<p>Zusammen haben diese beiden Aktivisten einen Grossteil der Geschichte der weltweiten Euthanaise und Sterbehilfe Bewegung geschrieben<\/p>\n<p><strong>The Peaceful Pill Handbook, <\/strong>wurde erstmals 2006 in den USA von Exit International ver\u00f6ffentlicht und wurde seitdem in seiner Druckausgabe regelm\u00e4\u00dfig aktualisiert.<br \/>\nDie Ausgebe als <strong>E-Buch<\/strong> wird ungef\u00e4hr sechs Mal j\u00e4hrlich aktualisiert.<\/p>\n<h3>Brauchen Sie Hilfe?<\/h3>\n<p>Wenn Sie f\u00fchlen Sie br\u00e4uchten Beratung k\u00f6nnen Sie sich an folgende Organisationen wenden:<\/p>\n<p><strong>Deutschland:<\/strong><br \/>\nNotfall-Seelsorge und Suizid-Pr\u00e4vention<br \/>\n0800 &#8211; 111 0 111<br \/>\n0800 &#8211; 111 0 222<\/p>\n<p><strong>Schweiz<\/strong><br \/>\nDie dargebotene Hand<br \/>\nTelefon 143<\/p>\n<p><strong>\u00d6sterreich<\/strong><br \/>\nTelefonseelsorge<br \/>\nTelefon 142<\/p>\n<p>Hotlines anderer L\u00e4nder finden Sie unter:<br \/>\n<a href=\"http:\/\/www.suicide.org\/international-suicide-hotlines.html\" target=\"_blank\" rel=\"noopener\">http:\/\/www.suicide.org\/international-suicide-hotlines.html<\/a><\/p>\n<h3><a href=\"https:\/\/www.peacefulpillhandbook.com\/deutsch\/about-the-handbook\/handbook-options\/\"><strong>JETZT ABONNIEREN<\/strong><\/a><\/h3>\n","protected":false},"excerpt":{"rendered":"<p>Unsere Philosophie Die Handbuchserie Die friedliche Pille \u00fcber rationellem Freitod &#8211; Sterbehilfe beruht auf einem Grundrechtsmodell eines guten Todes, wonach das Recht zu sterben f\u00fcr alle gegeben sein sollte Darin wird Euthanasie als Grundrecht betractet und nicht als medizinische Behandlung. Einerseits, wenn Euthanasie (oder Sterbehilfe oder wie auch immer man es nennen m\u00f6ge) einen medizinische [&hellip;]<\/p>\n","protected":false},"author":4,"featured_media":0,"parent":780,"menu_order":0,"comment_status":"open","ping_status":"open","template":"","meta":[],"tags":[],"yoast_head":"<!-- This site is optimized with the Yoast SEO plugin v16.0.2 - https:\/\/yoast.com\/wordpress\/plugins\/seo\/ -->\n<meta name=\"description\" content=\"Exit International f\u00f6rdert eine Philosophie wonach das Recht zu sterben, zu Zeit und Ort eigener Wahl, f\u00fcr alle gegeben sein sollte\" \/>\n<link rel=\"canonical\" href=\"https:\/\/www.peacefulpillhandbook.com\/deutsch\/inhalte-des_handbuchs\/philosophie\/\" \/>\n<meta property=\"og:locale\" content=\"de_DE\" \/>\n<meta property=\"og:type\" content=\"article\" \/>\n<meta property=\"og:title\" content=\"Philosophie Das Recht zu sterben - Handbuch Die friedliche Pille\" \/>\n<meta property=\"og:description\" content=\"Exit International f\u00f6rdert eine Philosophie wonach das Recht zu sterben, zu Zeit und Ort eigener Wahl, f\u00fcr alle gegeben sein sollte\" \/>\n<meta property=\"og:url\" content=\"https:\/\/www.peacefulpillhandbook.com\/deutsch\/inhalte-des_handbuchs\/philosophie\/\" \/>\n<meta property=\"og:site_name\" content=\"Die friedliche Pille - Das Handbuch\" \/>\n<meta property=\"article:publisher\" content=\"https:\/\/www.facebook.com\/philip.nitschke\" \/>\n<meta property=\"article:modified_time\" content=\"2023-01-04T14:30:12+00:00\" \/>\n<meta name=\"twitter:card\" content=\"summary_large_image\" \/>\n<meta name=\"twitter:site\" content=\"@exit_deutsch\" \/>\n<meta name=\"twitter:label1\" content=\"Gesch\u00e4tzte Lesezeit\">\n\t<meta name=\"twitter:data1\" content=\"3 Minuten\">\n<script type=\"application\/ld+json\" class=\"yoast-schema-graph\">{\"@context\":\"https:\/\/schema.org\",\"@graph\":[{\"@type\":\"WebSite\",\"@id\":\"https:\/\/www.peacefulpillhandbook.com\/deutsch\/#website\",\"url\":\"https:\/\/www.peacefulpillhandbook.com\/deutsch\/\",\"name\":\"Die friedliche Pille - Das Handbuch\",\"description\":\"Das Handbuch Die friedliche Pille enth\\u00e4lt Informationen \\u00fcber Euthanasie und Sterbehilfe f\\u00fcr Senioren und schwer kranke Menschen.\",\"potentialAction\":[{\"@type\":\"SearchAction\",\"target\":\"https:\/\/www.peacefulpillhandbook.com\/deutsch\/?s={search_term_string}\",\"query-input\":\"required name=search_term_string\"}],\"inLanguage\":\"de-DE\"},{\"@type\":\"WebPage\",\"@id\":\"https:\/\/www.peacefulpillhandbook.com\/deutsch\/inhalte-des_handbuchs\/philosophie\/#webpage\",\"url\":\"https:\/\/www.peacefulpillhandbook.com\/deutsch\/inhalte-des_handbuchs\/philosophie\/\",\"name\":\"Philosophie Das Recht zu sterben - Handbuch Die friedliche Pille\",\"isPartOf\":{\"@id\":\"https:\/\/www.peacefulpillhandbook.com\/deutsch\/#website\"},\"datePublished\":\"2014-05-27T23:56:14+00:00\",\"dateModified\":\"2023-01-04T14:30:12+00:00\",\"description\":\"Exit International f\\u00f6rdert eine Philosophie wonach das Recht zu sterben, zu Zeit und Ort eigener Wahl, f\\u00fcr alle gegeben sein sollte\",\"breadcrumb\":{\"@id\":\"https:\/\/www.peacefulpillhandbook.com\/deutsch\/inhalte-des_handbuchs\/philosophie\/#breadcrumb\"},\"inLanguage\":\"de-DE\",\"potentialAction\":[{\"@type\":\"ReadAction\",\"target\":[\"https:\/\/www.peacefulpillhandbook.com\/deutsch\/inhalte-des_handbuchs\/philosophie\/\"]}]},{\"@type\":\"BreadcrumbList\",\"@id\":\"https:\/\/www.peacefulpillhandbook.com\/deutsch\/inhalte-des_handbuchs\/philosophie\/#breadcrumb\",\"itemListElement\":[{\"@type\":\"ListItem\",\"position\":1,\"item\":{\"@type\":\"WebPage\",\"@id\":\"https:\/\/www.peacefulpillhandbook.com\/deutsch\/\",\"url\":\"https:\/\/www.peacefulpillhandbook.com\/deutsch\/\",\"name\":\"Startseite\"}},{\"@type\":\"ListItem\",\"position\":2,\"item\":{\"@type\":\"WebPage\",\"@id\":\"https:\/\/www.peacefulpillhandbook.com\/deutsch\/inhalte-des_handbuchs\/\",\"url\":\"https:\/\/www.peacefulpillhandbook.com\/deutsch\/inhalte-des_handbuchs\/\",\"name\":\"Inhalte des Handbuchs\"}},{\"@type\":\"ListItem\",\"position\":3,\"item\":{\"@type\":\"WebPage\",\"@id\":\"https:\/\/www.peacefulpillhandbook.com\/deutsch\/inhalte-des_handbuchs\/philosophie\/\",\"url\":\"https:\/\/www.peacefulpillhandbook.com\/deutsch\/inhalte-des_handbuchs\/philosophie\/\",\"name\":\"Philosophie\"}}]}]}<\/script>\n<!-- \/ Yoast SEO plugin. -->","_links":{"self":[{"href":"https:\/\/www.peacefulpillhandbook.com\/deutsch\/wp-json\/wp\/v2\/pages\/791"}],"collection":[{"href":"https:\/\/www.peacefulpillhandbook.com\/deutsch\/wp-json\/wp\/v2\/pages"}],"about":[{"href":"https:\/\/www.peacefulpillhandbook.com\/deutsch\/wp-json\/wp\/v2\/types\/page"}],"author":[{"embeddable":true,"href":"https:\/\/www.peacefulpillhandbook.com\/deutsch\/wp-json\/wp\/v2\/users\/4"}],"replies":[{"embeddable":true,"href":"https:\/\/www.peacefulpillhandbook.com\/deutsch\/wp-json\/wp\/v2\/comments?post=791"}],"version-history":[{"count":59,"href":"https:\/\/www.peacefulpillhandbook.com\/deutsch\/wp-json\/wp\/v2\/pages\/791\/revisions"}],"predecessor-version":[{"id":3716,"href":"https:\/\/www.peacefulpillhandbook.com\/deutsch\/wp-json\/wp\/v2\/pages\/791\/revisions\/3716"}],"up":[{"embeddable":true,"href":"https:\/\/www.peacefulpillhandbook.com\/deutsch\/wp-json\/wp\/v2\/pages\/780"}],"wp:attachment":[{"href":"https:\/\/www.peacefulpillhandbook.com\/deutsch\/wp-json\/wp\/v2\/media?parent=791"}],"wp:term":[{"taxonomy":"post_tag","embeddable":true,"href":"https:\/\/www.peacefulpillhandbook.com\/deutsch\/wp-json\/wp\/v2\/tags?post=791"}],"curies":[{"name":"wp","href":"https:\/\/api.w.org\/{rel}","templated":true}]}}