{"id":89,"date":"2014-02-19T06:06:37","date_gmt":"2014-02-18T21:36:37","guid":{"rendered":"http:\/\/www.peacefulpillhandbook.com\/int\/int\/?page_id=89"},"modified":"2021-04-23T21:41:35","modified_gmt":"2021-04-23T13:11:35","slug":"dr-philip-nitschke","status":"publish","type":"page","link":"https:\/\/www.peacefulpillhandbook.com\/deutsch\/inhalte-des_handbuchs\/authoren\/dr-philip-nitschke\/","title":{"rendered":"Dr. Philip Nitschke"},"content":{"rendered":"<h2>Dr. Philip Nitschke, Gr\u00fcnder von Exit International<\/h2>\n<p>Dr. Philip Nitschke (PhD MBBS BSc Hons) ist der Gr\u00fcnder der gemeinn\u00fctzigen Organisation Exit International. Exit International setzt sich f\u00fcr das Recht auf Freitod und Sterbehilfe ein.<\/p>\n<p>1996 wurde Philip zum weltweit ersten Arzt, der durch eine Injektion einer letalen und legalen Substanz eine freiwillige Freitodbegleitung praktiziert hat. Dies war dank eines\u00a0 Gesetzes in den Northern Territories Australiens m\u00f6glich.<\/p>\n<p>Vier unheilbar kranke Patienten von Philip nutzten diese Gesetzeslage um ihr Leiden ein Ende zu setzen. Im M\u00e4rz 1997 kippte das australische Parlament das Gesetz.<\/p>\n<p>Im Jahre 1972 absolvierte Philip einen Doktortitel f\u00fcr angewandte Physik an der Flinders University in 1972<\/p>\n<p>Philip studierte an der Sydney University Medical School Medizin und absolvierte 1998 seinen Abschluss. Er hat sich 1997 vom Beruf als Arzt zur\u00fcckgezogen und seine Zulassung als Arzt wurde im Juli 2014 von der \u00c4rztekammer Australiens umstritten suspendiert.<\/p>\n<p>Das Hohe Gericht der Northern Territories erkl\u00e4rte die Suspendierung am 7. Juli 2015 jedoch als gesetzeswidrig. In Folge wurde seine Zulassung als Arzt in Australien mit sofortiger Wirkung wieder hergestellt.<\/p>\n<p>Philip verzichtete jedoch darauf. Er verbrannte daher seine Lizenz \u00f6ffentlich w\u00e4hrend einer Pressekonferenz in Darwin.<\/p>\n<p>Heute lebt Philip Nitschke in Europa und er reist weiterhin viel und tretet bei \u00f6ffentlichen Veranstaltungen und Workshops \u00fcber Freitod und Sterbehilfe auf.<\/p>\n<p>Er hat im August 2015 eine Karriere als Kommediant beim Edinburgh Fringe mit dem Titel &#8222;Dicing with Dr Death&#8220; gestartet und erhielt durchaus positive Kritik. 2016 ist er auch in Darwin und <a href=\"http:\/\/www.athenaeumtheatre.com.au\/\" target=\"_blank\" rel=\"noopener\">Melbourne<\/a> aufgetreten.<\/p>\n<div class='blue-box'><\/p>\n<h3>Philip hat folgende Auszeichnungen erhalten:<\/h3>\n<ul>\n<li>Rainier Foundation Humanitarian Award, 1996<\/li>\n<li>Northern Territorian of the Year, 1997<\/li>\n<li>Australian Humanist of the Year, 1998<\/li>\n<li>Charles Southwell Award (NZ Association of Rationalists &amp; Humanists), 2001<\/li>\n<\/ul>\n<p>Philip wurde 9 Mal als Australier des Jahres nominiert (2005, 2006, 2008, 2009, 2010, 2011, 2012, 2013, 2014) und 2 Mal als Staatsfinalist (2005 &amp; 2006).<\/p>\n<p><\/div>\n<p>Philip Nitschke wurde als &#8222;eines der originellsten K\u00f6pfe im Bereich der Planung des Lebensende..&#8220; bezeichnet.<\/p>\n<blockquote><p>&#8218;Die F\u00e4higkeit \u00a0die Zeit, Art und Weise unseres Todes selbst zu bestimmen ist ein Grundrecht eines jeden Menschen und sollte von allen respektiert werden.&#8216;<\/p><\/blockquote>\n","protected":false},"excerpt":{"rendered":"<p>Dr. Philip Nitschke, Gr\u00fcnder von Exit International Dr. Philip Nitschke (PhD MBBS BSc Hons) ist der Gr\u00fcnder der gemeinn\u00fctzigen Organisation Exit International. Exit International setzt sich f\u00fcr das Recht auf Freitod und Sterbehilfe ein. 1996 wurde Philip zum weltweit ersten Arzt, der durch eine Injektion einer letalen und legalen Substanz eine freiwillige Freitodbegleitung praktiziert hat. [&hellip;]<\/p>\n","protected":false},"author":4,"featured_media":0,"parent":787,"menu_order":1,"comment_status":"open","ping_status":"closed","template":"","meta":[],"tags":[],"yoast_head":"<!-- This site is optimized with the Yoast SEO plugin v16.0.2 - https:\/\/yoast.com\/wordpress\/plugins\/seo\/ -->\n<meta name=\"description\" content=\"Philip Nitschke, Gr\u00fcnder von Exit International ist der Autor des Handbuchs Die friedliche Pille, von Exit International ver\u00f6ffentlicht\" \/>\n<link rel=\"canonical\" href=\"https:\/\/www.peacefulpillhandbook.com\/deutsch\/inhalte-des_handbuchs\/authoren\/dr-philip-nitschke\/\" \/>\n<meta property=\"og:locale\" content=\"de_DE\" \/>\n<meta property=\"og:type\" content=\"article\" \/>\n<meta property=\"og:title\" content=\"Gr\u00fcnder von Exit International Philip Nitschke und Autor\" \/>\n<meta property=\"og:description\" content=\"Philip Nitschke, Gr\u00fcnder von Exit International ist der Autor des Handbuchs Die friedliche Pille, von Exit International ver\u00f6ffentlicht\" \/>\n<meta property=\"og:url\" content=\"https:\/\/www.peacefulpillhandbook.com\/deutsch\/inhalte-des_handbuchs\/authoren\/dr-philip-nitschke\/\" \/>\n<meta property=\"og:site_name\" content=\"Die friedliche Pille - Das Handbuch\" \/>\n<meta property=\"article:publisher\" content=\"https:\/\/www.facebook.com\/philip.nitschke\" \/>\n<meta property=\"article:modified_time\" content=\"2021-04-23T13:11:35+00:00\" \/>\n<meta name=\"twitter:card\" content=\"summary_large_image\" \/>\n<meta name=\"twitter:site\" content=\"@exit_deutsch\" \/>\n<meta name=\"twitter:label1\" content=\"Gesch\u00e4tzte Lesezeit\">\n\t<meta name=\"twitter:data1\" content=\"2 Minuten\">\n<script type=\"application\/ld+json\" class=\"yoast-schema-graph\">{\"@context\":\"https:\/\/schema.org\",\"@graph\":[{\"@type\":\"WebSite\",\"@id\":\"https:\/\/www.peacefulpillhandbook.com\/deutsch\/#website\",\"url\":\"https:\/\/www.peacefulpillhandbook.com\/deutsch\/\",\"name\":\"Die friedliche Pille - Das Handbuch\",\"description\":\"Das Handbuch Die friedliche Pille enth\\u00e4lt Informationen \\u00fcber Euthanasie und Sterbehilfe f\\u00fcr Senioren und schwer kranke Menschen.\",\"potentialAction\":[{\"@type\":\"SearchAction\",\"target\":\"https:\/\/www.peacefulpillhandbook.com\/deutsch\/?s={search_term_string}\",\"query-input\":\"required name=search_term_string\"}],\"inLanguage\":\"de-DE\"},{\"@type\":\"WebPage\",\"@id\":\"https:\/\/www.peacefulpillhandbook.com\/deutsch\/inhalte-des_handbuchs\/authoren\/dr-philip-nitschke\/#webpage\",\"url\":\"https:\/\/www.peacefulpillhandbook.com\/deutsch\/inhalte-des_handbuchs\/authoren\/dr-philip-nitschke\/\",\"name\":\"Gr\\u00fcnder von Exit International Philip Nitschke und Autor\",\"isPartOf\":{\"@id\":\"https:\/\/www.peacefulpillhandbook.com\/deutsch\/#website\"},\"datePublished\":\"2014-02-18T21:36:37+00:00\",\"dateModified\":\"2021-04-23T13:11:35+00:00\",\"description\":\"Philip Nitschke, Gr\\u00fcnder von Exit International ist der Autor des Handbuchs Die friedliche Pille, von Exit International ver\\u00f6ffentlicht\",\"breadcrumb\":{\"@id\":\"https:\/\/www.peacefulpillhandbook.com\/deutsch\/inhalte-des_handbuchs\/authoren\/dr-philip-nitschke\/#breadcrumb\"},\"inLanguage\":\"de-DE\",\"potentialAction\":[{\"@type\":\"ReadAction\",\"target\":[\"https:\/\/www.peacefulpillhandbook.com\/deutsch\/inhalte-des_handbuchs\/authoren\/dr-philip-nitschke\/\"]}]},{\"@type\":\"BreadcrumbList\",\"@id\":\"https:\/\/www.peacefulpillhandbook.com\/deutsch\/inhalte-des_handbuchs\/authoren\/dr-philip-nitschke\/#breadcrumb\",\"itemListElement\":[{\"@type\":\"ListItem\",\"position\":1,\"item\":{\"@type\":\"WebPage\",\"@id\":\"https:\/\/www.peacefulpillhandbook.com\/deutsch\/\",\"url\":\"https:\/\/www.peacefulpillhandbook.com\/deutsch\/\",\"name\":\"Startseite\"}},{\"@type\":\"ListItem\",\"position\":2,\"item\":{\"@type\":\"WebPage\",\"@id\":\"https:\/\/www.peacefulpillhandbook.com\/deutsch\/inhalte-des_handbuchs\/\",\"url\":\"https:\/\/www.peacefulpillhandbook.com\/deutsch\/inhalte-des_handbuchs\/\",\"name\":\"Inhalte des Handbuchs\"}},{\"@type\":\"ListItem\",\"position\":3,\"item\":{\"@type\":\"WebPage\",\"@id\":\"https:\/\/www.peacefulpillhandbook.com\/deutsch\/inhalte-des_handbuchs\/authoren\/\",\"url\":\"https:\/\/www.peacefulpillhandbook.com\/deutsch\/inhalte-des_handbuchs\/authoren\/\",\"name\":\"Authors\"}},{\"@type\":\"ListItem\",\"position\":4,\"item\":{\"@type\":\"WebPage\",\"@id\":\"https:\/\/www.peacefulpillhandbook.com\/deutsch\/inhalte-des_handbuchs\/authoren\/dr-philip-nitschke\/\",\"url\":\"https:\/\/www.peacefulpillhandbook.com\/deutsch\/inhalte-des_handbuchs\/authoren\/dr-philip-nitschke\/\",\"name\":\"Dr. Philip Nitschke\"}}]}]}<\/script>\n<!-- \/ Yoast SEO plugin. -->","_links":{"self":[{"href":"https:\/\/www.peacefulpillhandbook.com\/deutsch\/wp-json\/wp\/v2\/pages\/89"}],"collection":[{"href":"https:\/\/www.peacefulpillhandbook.com\/deutsch\/wp-json\/wp\/v2\/pages"}],"about":[{"href":"https:\/\/www.peacefulpillhandbook.com\/deutsch\/wp-json\/wp\/v2\/types\/page"}],"author":[{"embeddable":true,"href":"https:\/\/www.peacefulpillhandbook.com\/deutsch\/wp-json\/wp\/v2\/users\/4"}],"replies":[{"embeddable":true,"href":"https:\/\/www.peacefulpillhandbook.com\/deutsch\/wp-json\/wp\/v2\/comments?post=89"}],"version-history":[{"count":59,"href":"https:\/\/www.peacefulpillhandbook.com\/deutsch\/wp-json\/wp\/v2\/pages\/89\/revisions"}],"predecessor-version":[{"id":3551,"href":"https:\/\/www.peacefulpillhandbook.com\/deutsch\/wp-json\/wp\/v2\/pages\/89\/revisions\/3551"}],"up":[{"embeddable":true,"href":"https:\/\/www.peacefulpillhandbook.com\/deutsch\/wp-json\/wp\/v2\/pages\/787"}],"wp:attachment":[{"href":"https:\/\/www.peacefulpillhandbook.com\/deutsch\/wp-json\/wp\/v2\/media?parent=89"}],"wp:term":[{"taxonomy":"post_tag","embeddable":true,"href":"https:\/\/www.peacefulpillhandbook.com\/deutsch\/wp-json\/wp\/v2\/tags?post=89"}],"curies":[{"name":"wp","href":"https:\/\/api.w.org\/{rel}","templated":true}]}}