{"id":943,"date":"2014-05-30T15:16:24","date_gmt":"2014-05-30T06:46:24","guid":{"rendered":"http:\/\/www.peacefulpillhandbook.com\/int\/int\/?page_id=943"},"modified":"2021-04-23T20:59:57","modified_gmt":"2021-04-23T12:29:57","slug":"fiona-stewart","status":"publish","type":"page","link":"https:\/\/www.peacefulpillhandbook.com\/deutsch\/inhalte-des_handbuchs\/authoren\/fiona-stewart\/","title":{"rendered":"Dr. Fiona Stewart"},"content":{"rendered":"<h2>Dr. Fiona Stewart &#8211; Autorin<\/h2>\n<p>Die Autorin Fiona Stewart (PhD MPolLaw LLB Hons BA) ist eine Gesundheitssoziologin und Rechtanw\u00e4ltin mit akademischen Erfahrungen sowie im Bereich von Start-up Firmen und Kommunikationsmittel. Fiona Stewart ist Co- Autorin des Handbuchs <a href=\"https:\/\/www.peacefulpillhandbook.com\/deutsch\/inhalte-des_handbuchs\/versionen\/\"><em>Die friedliche Pille<\/em><\/a>.<\/p>\n<p>Fiona hat die Themen des assistierten Suizids und Sterbehilfe stets von einem feministischen Standpunkt vertreten. Dank ihres Hintergrunds im legalen Bereich ist sie besonders an Themen wie Testamente, Verf\u00fcgungen und andere rechtliche Aspekte interessiert.<\/p>\n<p>Sie erhielt verschiedene F\u00f6rderungen als Hauptforscherin vom <a href=\"https:\/\/www.arc.gov.au\/\" target=\"_blank\" rel=\"noopener\">Australian Research Council<\/a>, vom\u00a0National Health &amp; Medical Research Council und von Rotary International. Sie war auch als Beraterin f\u00fcr die Weltgesundheitsorganisation t\u00e4tig.<\/p>\n<p>Fiona ist auch Co-Autorin folgender B\u00fccher:<\/p>\n<div class=\"blue-box\">\n<ul>\n<li><em>Internet Communication and Qualitative Research<\/em> (mit Dr. Chris Mann) (Sage, London 2000)<\/li>\n<li><em>Killing Me Softly: Voluntary Euthanasia and the Road to the Peaceful Pill<\/em> (mit Dr. Philip Nitschke, Penguin, 2005)<\/li>\n<li><em>The Peaceful Pill Handbook<\/em> (Exit International USA, 2006)<\/li>\n<li><em>The Peaceful Pill eHandbook<\/em> (Exit International USA, 2008 \u2013 2017)<\/li>\n<\/ul>\n<\/div>\n<p>Fiona hat auch zahlreiche Publikationen in den Medien und akademischen Zeitschriften ver\u00f6ffentlicht.<\/p>\n<p><img loading=\"lazy\" class=\"wp-image-3535 size-full alignnone\" src=\"https:\/\/www.peacefulpillhandbook.com\/deutsch\/wp-content\/uploads\/2021\/04\/Fiona-Stewart-243x300-1.jpeg\" alt=\"Fiona Stewart - Autorin\" width=\"243\" height=\"300\" srcset=\"https:\/\/www.peacefulpillhandbook.com\/deutsch\/wp-content\/uploads\/2021\/04\/Fiona-Stewart-243x300-1.jpeg 243w, https:\/\/www.peacefulpillhandbook.com\/deutsch\/wp-content\/uploads\/2021\/04\/Fiona-Stewart-243x300-1-220x272.jpeg 220w, https:\/\/www.peacefulpillhandbook.com\/deutsch\/wp-content\/uploads\/2021\/04\/Fiona-Stewart-243x300-1-130x160.jpeg 130w\" sizes=\"(max-width: 243px) 100vw, 243px\" \/><\/p>\n<p>Eine Eintrag auf Wikipedia (Englisch) \u00fcber Fiona Stewart findet man unter:<br \/>\n<a href=\"https:\/\/en.wikipedia.org\/wiki\/Fiona_Stewart_%28author%29\" target=\"_blank\" rel=\"noopener\">https:\/\/en.wikipedia.org\/wiki\/Fiona_Stewart_%28author%29<\/a><\/p>\n<p>Das Handbuch\u00a0<strong>Die friedliche Pille<\/strong>\u00a0ist die deutsche \u00dcbersetzung des \u201e<strong><em>The\u00a0<\/em><em>Peaceful Pill Handbook<\/em>\u201e<\/strong>\u00a0und enth\u00e4lt Informationen \u00fcber\u00a0 Sterbehilfe und Freitodbegleitung f\u00fcr Senioren und schwer kranke Menschen, Familienangeh\u00f6rige und Freunde. Die digitale Ausgabe wird mehrmals j\u00e4hrlich aktualisiert um Informationen zu den letzten Methoden und Techniken zu bieten.<\/p>\n<p>&nbsp;<\/p>\n","protected":false},"excerpt":{"rendered":"<p>Dr. Fiona Stewart &#8211; Autorin Die Autorin Fiona Stewart (PhD MPolLaw LLB Hons BA) ist eine Gesundheitssoziologin und Rechtanw\u00e4ltin mit akademischen Erfahrungen sowie im Bereich von Start-up Firmen und Kommunikationsmittel. Fiona Stewart ist Co- Autorin des Handbuchs Die friedliche Pille. Fiona hat die Themen des assistierten Suizids und Sterbehilfe stets von einem feministischen Standpunkt vertreten. [&hellip;]<\/p>\n","protected":false},"author":4,"featured_media":0,"parent":787,"menu_order":2,"comment_status":"open","ping_status":"open","template":"","meta":[],"tags":[],"yoast_head":"<!-- This site is optimized with the Yoast SEO plugin v16.0.2 - https:\/\/yoast.com\/wordpress\/plugins\/seo\/ -->\n<meta name=\"description\" content=\"Die Soziologin und Rechtsanw\u00e4ltin Dr. Fiona Stewart ist Co-Autorin des Handbuchs Die friedliche Pille und Autorin zwei weiterer Werke.\" \/>\n<link rel=\"canonical\" href=\"https:\/\/www.peacefulpillhandbook.com\/deutsch\/inhalte-des_handbuchs\/authoren\/fiona-stewart\/\" \/>\n<meta property=\"og:locale\" content=\"de_DE\" \/>\n<meta property=\"og:type\" content=\"article\" \/>\n<meta property=\"og:title\" content=\"Dr. Fiona Stewart - Autorin des Handbuchs Die friedliche Pille\" \/>\n<meta property=\"og:description\" content=\"Die Soziologin und Rechtsanw\u00e4ltin Dr. Fiona Stewart ist Co-Autorin des Handbuchs Die friedliche Pille und Autorin zwei weiterer Werke.\" \/>\n<meta property=\"og:url\" content=\"https:\/\/www.peacefulpillhandbook.com\/deutsch\/inhalte-des_handbuchs\/authoren\/fiona-stewart\/\" \/>\n<meta property=\"og:site_name\" content=\"Die friedliche Pille - Das Handbuch\" \/>\n<meta property=\"article:publisher\" content=\"https:\/\/www.facebook.com\/philip.nitschke\" \/>\n<meta property=\"article:modified_time\" content=\"2021-04-23T12:29:57+00:00\" \/>\n<meta property=\"og:image\" content=\"https:\/\/www.peacefulpillhandbook.com\/deutsch\/wp-content\/uploads\/2021\/04\/Fiona-Stewart-243x300-1.jpeg\" \/>\n<meta name=\"twitter:card\" content=\"summary_large_image\" \/>\n<meta name=\"twitter:site\" content=\"@exit_deutsch\" \/>\n<meta name=\"twitter:label1\" content=\"Gesch\u00e4tzte Lesezeit\">\n\t<meta name=\"twitter:data1\" content=\"2 Minuten\">\n<script type=\"application\/ld+json\" class=\"yoast-schema-graph\">{\"@context\":\"https:\/\/schema.org\",\"@graph\":[{\"@type\":\"WebSite\",\"@id\":\"https:\/\/www.peacefulpillhandbook.com\/deutsch\/#website\",\"url\":\"https:\/\/www.peacefulpillhandbook.com\/deutsch\/\",\"name\":\"Die friedliche Pille - Das Handbuch\",\"description\":\"Das Handbuch Die friedliche Pille enth\\u00e4lt Informationen \\u00fcber Euthanasie und Sterbehilfe f\\u00fcr Senioren und schwer kranke Menschen.\",\"potentialAction\":[{\"@type\":\"SearchAction\",\"target\":\"https:\/\/www.peacefulpillhandbook.com\/deutsch\/?s={search_term_string}\",\"query-input\":\"required name=search_term_string\"}],\"inLanguage\":\"de-DE\"},{\"@type\":\"ImageObject\",\"@id\":\"https:\/\/www.peacefulpillhandbook.com\/deutsch\/inhalte-des_handbuchs\/authoren\/fiona-stewart\/#primaryimage\",\"inLanguage\":\"de-DE\",\"url\":\"https:\/\/www.peacefulpillhandbook.com\/deutsch\/wp-content\/uploads\/2021\/04\/Fiona-Stewart-243x300-1.jpeg\",\"width\":243,\"height\":300},{\"@type\":\"WebPage\",\"@id\":\"https:\/\/www.peacefulpillhandbook.com\/deutsch\/inhalte-des_handbuchs\/authoren\/fiona-stewart\/#webpage\",\"url\":\"https:\/\/www.peacefulpillhandbook.com\/deutsch\/inhalte-des_handbuchs\/authoren\/fiona-stewart\/\",\"name\":\"Dr. Fiona Stewart - Autorin des Handbuchs Die friedliche Pille\",\"isPartOf\":{\"@id\":\"https:\/\/www.peacefulpillhandbook.com\/deutsch\/#website\"},\"primaryImageOfPage\":{\"@id\":\"https:\/\/www.peacefulpillhandbook.com\/deutsch\/inhalte-des_handbuchs\/authoren\/fiona-stewart\/#primaryimage\"},\"datePublished\":\"2014-05-30T06:46:24+00:00\",\"dateModified\":\"2021-04-23T12:29:57+00:00\",\"description\":\"Die Soziologin und Rechtsanw\\u00e4ltin Dr. Fiona Stewart ist Co-Autorin des Handbuchs Die friedliche Pille und Autorin zwei weiterer Werke.\",\"breadcrumb\":{\"@id\":\"https:\/\/www.peacefulpillhandbook.com\/deutsch\/inhalte-des_handbuchs\/authoren\/fiona-stewart\/#breadcrumb\"},\"inLanguage\":\"de-DE\",\"potentialAction\":[{\"@type\":\"ReadAction\",\"target\":[\"https:\/\/www.peacefulpillhandbook.com\/deutsch\/inhalte-des_handbuchs\/authoren\/fiona-stewart\/\"]}]},{\"@type\":\"BreadcrumbList\",\"@id\":\"https:\/\/www.peacefulpillhandbook.com\/deutsch\/inhalte-des_handbuchs\/authoren\/fiona-stewart\/#breadcrumb\",\"itemListElement\":[{\"@type\":\"ListItem\",\"position\":1,\"item\":{\"@type\":\"WebPage\",\"@id\":\"https:\/\/www.peacefulpillhandbook.com\/deutsch\/\",\"url\":\"https:\/\/www.peacefulpillhandbook.com\/deutsch\/\",\"name\":\"Startseite\"}},{\"@type\":\"ListItem\",\"position\":2,\"item\":{\"@type\":\"WebPage\",\"@id\":\"https:\/\/www.peacefulpillhandbook.com\/deutsch\/inhalte-des_handbuchs\/\",\"url\":\"https:\/\/www.peacefulpillhandbook.com\/deutsch\/inhalte-des_handbuchs\/\",\"name\":\"Inhalte des Handbuchs\"}},{\"@type\":\"ListItem\",\"position\":3,\"item\":{\"@type\":\"WebPage\",\"@id\":\"https:\/\/www.peacefulpillhandbook.com\/deutsch\/inhalte-des_handbuchs\/authoren\/\",\"url\":\"https:\/\/www.peacefulpillhandbook.com\/deutsch\/inhalte-des_handbuchs\/authoren\/\",\"name\":\"Authors\"}},{\"@type\":\"ListItem\",\"position\":4,\"item\":{\"@type\":\"WebPage\",\"@id\":\"https:\/\/www.peacefulpillhandbook.com\/deutsch\/inhalte-des_handbuchs\/authoren\/fiona-stewart\/\",\"url\":\"https:\/\/www.peacefulpillhandbook.com\/deutsch\/inhalte-des_handbuchs\/authoren\/fiona-stewart\/\",\"name\":\"Dr. Fiona Stewart\"}}]}]}<\/script>\n<!-- \/ Yoast SEO plugin. -->","_links":{"self":[{"href":"https:\/\/www.peacefulpillhandbook.com\/deutsch\/wp-json\/wp\/v2\/pages\/943"}],"collection":[{"href":"https:\/\/www.peacefulpillhandbook.com\/deutsch\/wp-json\/wp\/v2\/pages"}],"about":[{"href":"https:\/\/www.peacefulpillhandbook.com\/deutsch\/wp-json\/wp\/v2\/types\/page"}],"author":[{"embeddable":true,"href":"https:\/\/www.peacefulpillhandbook.com\/deutsch\/wp-json\/wp\/v2\/users\/4"}],"replies":[{"embeddable":true,"href":"https:\/\/www.peacefulpillhandbook.com\/deutsch\/wp-json\/wp\/v2\/comments?post=943"}],"version-history":[{"count":59,"href":"https:\/\/www.peacefulpillhandbook.com\/deutsch\/wp-json\/wp\/v2\/pages\/943\/revisions"}],"predecessor-version":[{"id":3542,"href":"https:\/\/www.peacefulpillhandbook.com\/deutsch\/wp-json\/wp\/v2\/pages\/943\/revisions\/3542"}],"up":[{"embeddable":true,"href":"https:\/\/www.peacefulpillhandbook.com\/deutsch\/wp-json\/wp\/v2\/pages\/787"}],"wp:attachment":[{"href":"https:\/\/www.peacefulpillhandbook.com\/deutsch\/wp-json\/wp\/v2\/media?parent=943"}],"wp:term":[{"taxonomy":"post_tag","embeddable":true,"href":"https:\/\/www.peacefulpillhandbook.com\/deutsch\/wp-json\/wp\/v2\/tags?post=943"}],"curies":[{"name":"wp","href":"https:\/\/api.w.org\/{rel}","templated":true}]}}