{"id":19,"date":"2014-02-10T01:22:39","date_gmt":"2014-02-09T16:52:39","guid":{"rendered":"http:\/\/www.peacefulpillhandbook.com\/int\/int\/?page_id=19"},"modified":"2021-04-23T19:31:45","modified_gmt":"2021-04-23T11:01:45","slug":"forums","status":"publish","type":"page","link":"https:\/\/www.peacefulpillhandbook.com\/italiano\/forums\/","title":{"rendered":"Forum"},"content":{"rendered":"<h2>Forum online de &#8220;La pillola della quiete&#8221; (Peaceful Pill Forums)<\/h2>\n<p><span style=\"line-height: 1.5em;\"><div class='blue-box'><\/span><\/p>\n<p>&nbsp;<\/p>\n<p><strong>I forum de &#8220;La pillola della quiete&#8221; (Peaceful Pill Forums) sono una piattaforma di conversazione unica per domande sul fine vita.<\/strong><\/p>\n<p><strong>L&#8217;accesso \u00e8 riservato agli abbonati al manuale &#8220;La pillola della quiete&#8221; (solo versione digitale&#8221; o ai membri di Exit International. <\/strong><\/p>\n<p><strong>Nel forum si ha la possibilit\u00e0 di:<br \/>\n<\/strong><\/p>\n<ul>\n<li>Porre ulteriori domande sui temi trattati nel manuale<\/li>\n<li>Scambiare opinioni \u00a0con altri membri del forum in tutto il mondo<\/li>\n<li>Ottenere risposte dagli esperti di Exit International (tenendo a mente le restrizioni legali)<\/li>\n<li>Trovare nuovi amici e supporto<\/li>\n<\/ul>\n<p>&nbsp;<\/p>\n<p><\/div><\/p>\n<p>L&#8217;accesso ai &#8220;Peaceful Pill Forums&#8221; pu\u00f2 avvenire solo previa richiesta e per membri di Exit International o abbonati al manuale La pillola della quiete. Condizione di ammissione \u00e8 un&#8217;et\u00e0 minima \u00e8 di 50 anni oppure una grave malattia (pu\u00f2 essere richiesta documentazione) ed \u00e8 necessario dimostrare di essere in grado di intendere e di volere. \u00a0Per i nuovi abbonati c&#8217;\u00e8 un attesa di un mese prima di poter accedere. Potete indirizzare la richiesta tramite la <a href=\"https:\/\/www.peacefulpillhandbook.com\/italiano\/forums\/forum-richiesta-di-accesso\/\">pagina di registrazione<\/a>.<\/p>\n<p>Per le NUOVE REGISTRAZIONI \u00e8 necessario caricare una foto ritratto frontale (selfie) tenendo in mano un documento di identit\u00e0 con foto e con data di nascita leggibile.<br \/>\nFormati di file accettati:<i>\u00a0pdf, jpg, png &#8211; Dimensione massima 5MB<\/i><\/p>\n<p>*I forum sono prevalentemente in lingua inglese. E&#8217; comunque disponibile una sezione in lingua italiana.<\/p>\n<p style=\"text-align: center;\"><a class=\"maxbutton-5 maxbutton maxbutton-acquista-la-versione-stampata\" href=\"https:\/\/www.peacefulpillhandbook.com\/italiano\/forums\/forum-richiesta-di-accesso\/\"><span class='mb-text'>RICHIESTA DI ACCESSO<\/span><\/a><\/p>\n","protected":false},"excerpt":{"rendered":"<p>Forum online de &#8220;La pillola della quiete&#8221; (Peaceful Pill Forums) L&#8217;accesso ai &#8220;Peaceful Pill Forums&#8221; pu\u00f2 avvenire solo previa richiesta e per membri di Exit International o abbonati al manuale La pillola della quiete. Condizione di ammissione \u00e8 un&#8217;et\u00e0 minima \u00e8 di 50 anni oppure una grave malattia (pu\u00f2 essere richiesta documentazione) ed \u00e8 necessario [&hellip;]<\/p>\n","protected":false},"author":4,"featured_media":0,"parent":0,"menu_order":5,"comment_status":"open","ping_status":"closed","template":"","meta":[],"tags":[],"yoast_head":"<!-- This site is optimized with the Yoast SEO plugin v16.0.2 - https:\/\/yoast.com\/wordpress\/plugins\/seo\/ -->\n<meta name=\"description\" content=\"I forum del manuale La pillola della quiete (Peaceful Pill Forums) sono una piattaforma di conversazione unica per domande sul fine vita.\" \/>\n<link rel=\"canonical\" href=\"https:\/\/www.peacefulpillhandbook.com\/italiano\/forums\/\" \/>\n<meta property=\"og:locale\" content=\"it_IT\" \/>\n<meta property=\"og:type\" content=\"article\" \/>\n<meta property=\"og:title\" content=\"Manuale La pillola della quiete Peaceful Pill Forums\" \/>\n<meta property=\"og:description\" content=\"I forum del manuale La pillola della quiete (Peaceful Pill Forums) sono una piattaforma di conversazione unica per domande sul fine vita.\" \/>\n<meta property=\"og:url\" content=\"https:\/\/www.peacefulpillhandbook.com\/italiano\/forums\/\" \/>\n<meta property=\"og:site_name\" content=\"Manuale La pillola della quiete\" \/>\n<meta property=\"article:publisher\" content=\"https:\/\/www.facebook.com\/philip.nitschke\" \/>\n<meta property=\"article:modified_time\" content=\"2021-04-23T11:01:45+00:00\" \/>\n<meta name=\"twitter:card\" content=\"summary_large_image\" \/>\n<meta name=\"twitter:site\" content=\"@philipnitschke\" \/>\n<meta name=\"twitter:label1\" content=\"Tempo di lettura stimato\">\n\t<meta name=\"twitter:data1\" content=\"2 minuti\">\n<script type=\"application\/ld+json\" class=\"yoast-schema-graph\">{\"@context\":\"https:\/\/schema.org\",\"@graph\":[{\"@type\":\"WebSite\",\"@id\":\"https:\/\/www.peacefulpillhandbook.com\/italiano\/#website\",\"url\":\"https:\/\/www.peacefulpillhandbook.com\/italiano\/\",\"name\":\"Manuale La pillola della quiete\",\"description\":\"Il manuale La pillola della quiete \\u00e8 la traduzione in italiano di The Peaceful Pill Handbook e continene informazioni su eutanasia e suicidio assistito per anziani e persone gravemente malate.\",\"potentialAction\":[{\"@type\":\"SearchAction\",\"target\":\"https:\/\/www.peacefulpillhandbook.com\/italiano\/?s={search_term_string}\",\"query-input\":\"required name=search_term_string\"}],\"inLanguage\":\"it-IT\"},{\"@type\":\"WebPage\",\"@id\":\"https:\/\/www.peacefulpillhandbook.com\/italiano\/forums\/#webpage\",\"url\":\"https:\/\/www.peacefulpillhandbook.com\/italiano\/forums\/\",\"name\":\"Manuale La pillola della quiete Peaceful Pill Forums\",\"isPartOf\":{\"@id\":\"https:\/\/www.peacefulpillhandbook.com\/italiano\/#website\"},\"datePublished\":\"2014-02-09T16:52:39+00:00\",\"dateModified\":\"2021-04-23T11:01:45+00:00\",\"description\":\"I forum del manuale La pillola della quiete (Peaceful Pill Forums) sono una piattaforma di conversazione unica per domande sul fine vita.\",\"breadcrumb\":{\"@id\":\"https:\/\/www.peacefulpillhandbook.com\/italiano\/forums\/#breadcrumb\"},\"inLanguage\":\"it-IT\",\"potentialAction\":[{\"@type\":\"ReadAction\",\"target\":[\"https:\/\/www.peacefulpillhandbook.com\/italiano\/forums\/\"]}]},{\"@type\":\"BreadcrumbList\",\"@id\":\"https:\/\/www.peacefulpillhandbook.com\/italiano\/forums\/#breadcrumb\",\"itemListElement\":[{\"@type\":\"ListItem\",\"position\":1,\"item\":{\"@type\":\"WebPage\",\"@id\":\"https:\/\/www.peacefulpillhandbook.com\/italiano\/\",\"url\":\"https:\/\/www.peacefulpillhandbook.com\/italiano\/\",\"name\":\"Home\"}},{\"@type\":\"ListItem\",\"position\":2,\"item\":{\"@type\":\"WebPage\",\"@id\":\"https:\/\/www.peacefulpillhandbook.com\/italiano\/forums\/\",\"url\":\"https:\/\/www.peacefulpillhandbook.com\/italiano\/forums\/\",\"name\":\"Forum\"}}]}]}<\/script>\n<!-- \/ Yoast SEO plugin. -->","_links":{"self":[{"href":"https:\/\/www.peacefulpillhandbook.com\/italiano\/wp-json\/wp\/v2\/pages\/19"}],"collection":[{"href":"https:\/\/www.peacefulpillhandbook.com\/italiano\/wp-json\/wp\/v2\/pages"}],"about":[{"href":"https:\/\/www.peacefulpillhandbook.com\/italiano\/wp-json\/wp\/v2\/types\/page"}],"author":[{"embeddable":true,"href":"https:\/\/www.peacefulpillhandbook.com\/italiano\/wp-json\/wp\/v2\/users\/4"}],"replies":[{"embeddable":true,"href":"https:\/\/www.peacefulpillhandbook.com\/italiano\/wp-json\/wp\/v2\/comments?post=19"}],"version-history":[{"count":62,"href":"https:\/\/www.peacefulpillhandbook.com\/italiano\/wp-json\/wp\/v2\/pages\/19\/revisions"}],"predecessor-version":[{"id":3708,"href":"https:\/\/www.peacefulpillhandbook.com\/italiano\/wp-json\/wp\/v2\/pages\/19\/revisions\/3708"}],"wp:attachment":[{"href":"https:\/\/www.peacefulpillhandbook.com\/italiano\/wp-json\/wp\/v2\/media?parent=19"}],"wp:term":[{"taxonomy":"post_tag","embeddable":true,"href":"https:\/\/www.peacefulpillhandbook.com\/italiano\/wp-json\/wp\/v2\/tags?post=19"}],"curies":[{"name":"wp","href":"https:\/\/api.w.org\/{rel}","templated":true}]}}