{"id":2883,"date":"2017-08-22T16:24:37","date_gmt":"2017-08-22T07:54:37","guid":{"rendered":"https:\/\/www.peacefulpillhandbook.com\/italiano\/?page_id=2883"},"modified":"2019-11-08T07:28:51","modified_gmt":"2019-11-07T22:58:51","slug":"privacy","status":"publish","type":"page","link":"https:\/\/www.peacefulpillhandbook.com\/italiano\/privacy\/","title":{"rendered":"Privacy e dati personali"},"content":{"rendered":"<p>Su questa pagina spieghiamo come trattiamo i dati che raccogliamo durante la Sua visita su questo sito. Il sito internet del manuale La pillola della quiete \u00e8 www.peacefulpill.com oppure www.peacefulpillhandbook.com oppure\u00a0www.peacefulpillhandbook.com\/italiano e contiene varie pagine web che contengono l&#8217;inidrizzo www.peacefulpill.com. Questa normativa non vale per le pagine web di Exit International che non contengono i citati indirizzi internet. Tantomeno valgono per altri siti (blog o di social media) su cui Exit International \u00e8 presente e nemmeno per i forum de &#8220;La pillola della quiete&#8221;.<\/p>\n<p><strong>Protezione della privacy du internet<\/strong><\/p>\n<p>In generale il web non \u00e8 un luogo privato. Visitando siti internet, usando motori di ricerca o durante qualsiasi altra attivit\u00e0 online \u00a0varie compagnie o organizzazioni raccolgono informazioni e comportamenti dei visitatori monitorando i click, le pagine visitate e le ricerche e associando questi comportamenti a Lei. Esistono dei modi per evitarlo. Qualche consiglio lo si pu\u00f2 trovare all&#8217;indirizzo\u00a0<a href=\"http:\/\/www.wikihow.it\/Proteggere-la-Tua-Privacy-Online\" target=\"_blank\" rel=\"noopener\">http:\/\/www.wikihow.it\/Proteggere-la-Tua-Privacy-Online.<\/a><\/p>\n<p>Exit International protegge la Sua privacy durante la navigazione sui nostri siti internet. Per garantire una migliore esperienza di navigazione durante la Sua visita raccogliamo qualche informazione. Qua Vi spieghiamo quali e in che modo.<\/p>\n<p><em><strong>Normativa europea sulla privacy GDPR<\/strong><\/em><\/p>\n<p>A partire dal 25 maggio 2018 entra in vigore la nuova normativa europea sulla protezione dei dati personali (GDPR). Questa regolamentazione si applica a qualsiasi soggetto che raccoglie e\/o elabora dati personali di cittadini europei. Exit International \u00e8 conforme a questa normativa.<\/p>\n<p><em><strong>Conservazione dei dati<\/strong><\/em><\/p>\n<p>Quando si abbona alla versione digitale del nostro manuale o acquista la versione stampata i suoi dati vengono salvati nel databse criptato di Exit International in Australia e, se applicabile, sui server di Yudu, il fornitore del servizio per il libro digitale. Per il pagamento vengono utilizzati i servizi di pagamento online di Stripe o di Mollie. Tutti questi servizi utilizzano dei sistemi avanzati di protezione dei dati.<\/p>\n<p><strong>Quali informazioni raccogliaomo e in che modo le raccogliamo<\/strong><\/p>\n<p><em>Informazioni raccolte passivamente<\/em><\/p>\n<p>Come per la maggior parte dei siti internet il nostro Server registra delle informazioni quando qualcuno visita il nostro sito. Le informazioni che vengono raccolte automaticamente possono includere l&#8217;indirizzo IP, i dati sui cookies, il tipo di browser e il sito di rimando.<\/p>\n<p>utilizziamo queste informazioni per misurare e migliorare le prestazioni del sito. Talvolta utilizziamo queste informazioni anche per testare o mantenere la sicurezza e la stabilit\u00e0 del sito.<\/p>\n<p><em>Informazioni inserite volontariamente<\/em><\/p>\n<p>Su certe pagine del nostro sito pu\u00f2 venirLe richiesto di inserire i suoi dati personali, come nome, indirizzo, email o numero di telefono. L&#8217;inserimento di queste informazioni rende possibile l&#8217;acquisto dei nostri manuali, la sottoscrizione di un abbonamento o l&#8217;iscrizione alla nostra newsletter.<\/p>\n<p>Possiamo utilizzare i Suoi dati per:<\/p>\n<ul>\n<li>Elaborare il Suo ordine<\/li>\n<li>TenerLa informata su ulteriori attivit\u00e0 di Exit International osu opportunit\u00e0 di sostegno di Exit International.<\/li>\n<\/ul>\n<p><em>Cessiono delle informazioni a terzi<\/em><\/p>\n<p>Exit International USA pu\u00f2 condividere i suoi dati con Exit International in Australia. I dati vengono anche condivisi con Yudu in qualit\u00e0 di prestatore del servizio per l&#8217;edizione digitale del libro. Pu\u00f2 trovare maggiori informazioni sul trattamento dei dati personali di Yudu a <a href=\"https:\/\/www.yudu.com\/about\/privacy\" target=\"_blank\" rel=\"noopener\">questo indirizzo<\/a>. Nessun&#8217;altra condivisione dei suoi dati sar\u00e0 effettuata a terze parti in alcun paese o momento.<\/p>\n<p><em>La nostra newsletter<\/em><\/p>\n<p>Se si iscrive alla nostra newsletter potremmo raccogliere delle informazioni per sapere se ha letto le nostre email o se ha cliccato un link all&#8217;interno delle stesse.<\/p>\n<p>Ci\u00f2 ci consente di migliorare le nostre comunicazioni e di informaLa meglio sulle nostre attivit\u00e0.<\/p>\n<p><em>Come utilizziamo i cookies<\/em><\/p>\n<p>A volte potremmo fare uso di cookies per salvare le impostazioni di un utente e per la raccolta di dati analitici.I cookies sono piccoli file di testo che vengono salvati sul computer di un visitatore del sito.<\/p>\n<p>I cookies possono anche riferirsi al salvataggio locale, un meccanismo simile ai cookies dove le informazioni sono salvate all&#8217;interno del browser del visitatore. Potremmo fare uso di cookies come elemento di miglioramento delle prestazioni del sito.<\/p>\n<p><em>Analisi web<\/em><\/p>\n<p>Utilizziamo un sistema di analisi web di Google Analytics che fa uso anche di cookies per meglio comprendere il comportamento dei visitatori del nostro sito. Questo ci permette di ottimizzare e migliorare le nostre pagine internet. Google Analytics memorizza i dati per 26 mesi. I cookies ci offrono informazioni su:<\/p>\n<ul>\n<li>Il numero di visitatori del nostro sito<\/li>\n<li>Quanti visitatori sono nuovo e quanti ricorrenti<\/li>\n<li>Quante volte un utente visita il nostro sito<\/li>\n<li>Quali contenuti vengono visualizzati<\/li>\n<li>Il comportamento dei visitatori sulle singole pagine<\/li>\n<\/ul>\n<p><em>Il modo in cui certi Host utilizzano cookies \u00a0e come raccolgono informazioni<\/em><\/p>\n<p>Il nostro sito internet \u00e8 collegato in vari modi a altre piattaforme. Offriamo link a social network come Facebook o Twitter.<\/p>\n<p>Il nostro sito offre anche video integrati nelle nostre pagine che si trovano su altre piattaforme (come YouTube). Quando clicca uno di questi link il HGost in questione pu\u00f2 salvare dei cookies sul suo dispositivo o avere accesso ai cookies gi\u00e0 salvati o raccogliere informazioni in qualche altro modo.<\/p>\n<p>Per maggiori informazioni sull&#8217;utilizzo dei Suoi dati da parte di questi provider si prega di prendere visione della normativa sulla privacy dei rispettivi siti internet.<\/p>\n<p><em>Sicurezza e trasferimento dei dati<\/em><\/p>\n<p>Abbiamo messo in atto misure a livello fisico, elettronico e manageriale per rafforzare la sicurezza delle informazioni raccolte. Ci impegniamo a garantire la veridicit\u00e0 dei dati e combattiamo l&#8217;accesso non autorizzato o l&#8217;uso improprio dei dati raccolti.<\/p>\n<p>Le informazioni che possono essere collegate direttamente a Lei, come nome o indirizzo, sono memorizzate su server sicuri e non sono accessibili pubblicamente.<\/p>\n<p>Anche tutti i dati che vengono spediti o ricevuti dal nostro sito , compresi i numeri di carta di credito, sono criptati con alto livello di sicurezza.<\/p>\n<p><em>Procedura \u00a0in caso di modifiche alle normative sulla privacy<\/em><\/p>\n<p>In caso di cambiamenti alla nostra normativa sulla protezione dei dati personali questi verranno pubblicati su questo sito. Se i cambiamenti fossero rilevanti verr\u00e0 dato loro risalto anche in altre sezioni del sito.<\/p>\n<p><em>Come chiedere modifiche o cancellazioni dei suoi dati personali<\/em><\/p>\n<p>Se desidera cancellare o apportare delle modifiche ai suoi dati personali &#8211; come per esempio in riferimento alla newsletter &#8211; pu\u00f2 contattarci.<\/p>\n<p>A questo scopo ha le seguenti opzioni:<\/p>\n<p>Pu\u00f2 inviarci un&#8217;email a: <a title=\"Email\" href=\"mailto:sales@peacefulpill.com\" target=\"_blank\" rel=\"noopener\">sales@peacefulpill.com<\/a><br \/>\nPu\u00f2 scriverci all&#8217;indirizzo: Exit International USA, 8105 Birch Bay Square St, Ste 205, Blaine WA 98230, USA<\/p>\n","protected":false},"excerpt":{"rendered":"<p>Su questa pagina spieghiamo come trattiamo i dati che raccogliamo durante la Sua visita su questo sito. Il sito internet del manuale La pillola della quiete \u00e8 www.peacefulpill.com oppure www.peacefulpillhandbook.com oppure\u00a0www.peacefulpillhandbook.com\/italiano e contiene varie pagine web che contengono l&#8217;inidrizzo www.peacefulpill.com. Questa normativa non vale per le pagine web di Exit International che non contengono i [&hellip;]<\/p>\n","protected":false},"author":9,"featured_media":0,"parent":0,"menu_order":0,"comment_status":"closed","ping_status":"closed","template":"","meta":[],"tags":[],"yoast_head":"<!-- This site is optimized with the Yoast SEO plugin v16.0.2 - https:\/\/yoast.com\/wordpress\/plugins\/seo\/ -->\n<link rel=\"canonical\" href=\"https:\/\/www.peacefulpillhandbook.com\/italiano\/privacy\/\" \/>\n<meta property=\"og:locale\" content=\"it_IT\" \/>\n<meta property=\"og:type\" content=\"article\" \/>\n<meta property=\"og:title\" content=\"Privacy e dati personali - Manuale La pillola della quiete\" \/>\n<meta property=\"og:description\" content=\"Su questa pagina spieghiamo come trattiamo i dati che raccogliamo durante la Sua visita su questo sito. Il sito internet del manuale La pillola della quiete \u00e8 www.peacefulpill.com oppure www.peacefulpillhandbook.com oppure\u00a0www.peacefulpillhandbook.com\/italiano e contiene varie pagine web che contengono l&#8217;inidrizzo www.peacefulpill.com. Questa normativa non vale per le pagine web di Exit International che non contengono i [&hellip;]\" \/>\n<meta property=\"og:url\" content=\"https:\/\/www.peacefulpillhandbook.com\/italiano\/privacy\/\" \/>\n<meta property=\"og:site_name\" content=\"Manuale La pillola della quiete\" \/>\n<meta property=\"article:publisher\" content=\"https:\/\/www.facebook.com\/philip.nitschke\" \/>\n<meta property=\"article:modified_time\" content=\"2019-11-07T22:58:51+00:00\" \/>\n<meta name=\"twitter:card\" content=\"summary_large_image\" \/>\n<meta name=\"twitter:site\" content=\"@philipnitschke\" \/>\n<meta name=\"twitter:label1\" content=\"Tempo di lettura stimato\">\n\t<meta name=\"twitter:data1\" content=\"5 minuti\">\n<script type=\"application\/ld+json\" class=\"yoast-schema-graph\">{\"@context\":\"https:\/\/schema.org\",\"@graph\":[{\"@type\":\"WebSite\",\"@id\":\"https:\/\/www.peacefulpillhandbook.com\/italiano\/#website\",\"url\":\"https:\/\/www.peacefulpillhandbook.com\/italiano\/\",\"name\":\"Manuale La pillola della quiete\",\"description\":\"Il manuale La pillola della quiete \\u00e8 la traduzione in italiano di The Peaceful Pill Handbook e continene informazioni su eutanasia e suicidio assistito per anziani e persone gravemente malate.\",\"potentialAction\":[{\"@type\":\"SearchAction\",\"target\":\"https:\/\/www.peacefulpillhandbook.com\/italiano\/?s={search_term_string}\",\"query-input\":\"required name=search_term_string\"}],\"inLanguage\":\"it-IT\"},{\"@type\":\"WebPage\",\"@id\":\"https:\/\/www.peacefulpillhandbook.com\/italiano\/privacy\/#webpage\",\"url\":\"https:\/\/www.peacefulpillhandbook.com\/italiano\/privacy\/\",\"name\":\"Privacy e dati personali - Manuale La pillola della quiete\",\"isPartOf\":{\"@id\":\"https:\/\/www.peacefulpillhandbook.com\/italiano\/#website\"},\"datePublished\":\"2017-08-22T07:54:37+00:00\",\"dateModified\":\"2019-11-07T22:58:51+00:00\",\"breadcrumb\":{\"@id\":\"https:\/\/www.peacefulpillhandbook.com\/italiano\/privacy\/#breadcrumb\"},\"inLanguage\":\"it-IT\",\"potentialAction\":[{\"@type\":\"ReadAction\",\"target\":[\"https:\/\/www.peacefulpillhandbook.com\/italiano\/privacy\/\"]}]},{\"@type\":\"BreadcrumbList\",\"@id\":\"https:\/\/www.peacefulpillhandbook.com\/italiano\/privacy\/#breadcrumb\",\"itemListElement\":[{\"@type\":\"ListItem\",\"position\":1,\"item\":{\"@type\":\"WebPage\",\"@id\":\"https:\/\/www.peacefulpillhandbook.com\/italiano\/\",\"url\":\"https:\/\/www.peacefulpillhandbook.com\/italiano\/\",\"name\":\"Home\"}},{\"@type\":\"ListItem\",\"position\":2,\"item\":{\"@type\":\"WebPage\",\"@id\":\"https:\/\/www.peacefulpillhandbook.com\/italiano\/privacy\/\",\"url\":\"https:\/\/www.peacefulpillhandbook.com\/italiano\/privacy\/\",\"name\":\"Privacy e dati personali\"}}]}]}<\/script>\n<!-- \/ Yoast SEO plugin. -->","_links":{"self":[{"href":"https:\/\/www.peacefulpillhandbook.com\/italiano\/wp-json\/wp\/v2\/pages\/2883"}],"collection":[{"href":"https:\/\/www.peacefulpillhandbook.com\/italiano\/wp-json\/wp\/v2\/pages"}],"about":[{"href":"https:\/\/www.peacefulpillhandbook.com\/italiano\/wp-json\/wp\/v2\/types\/page"}],"author":[{"embeddable":true,"href":"https:\/\/www.peacefulpillhandbook.com\/italiano\/wp-json\/wp\/v2\/users\/9"}],"replies":[{"embeddable":true,"href":"https:\/\/www.peacefulpillhandbook.com\/italiano\/wp-json\/wp\/v2\/comments?post=2883"}],"version-history":[{"count":14,"href":"https:\/\/www.peacefulpillhandbook.com\/italiano\/wp-json\/wp\/v2\/pages\/2883\/revisions"}],"predecessor-version":[{"id":3409,"href":"https:\/\/www.peacefulpillhandbook.com\/italiano\/wp-json\/wp\/v2\/pages\/2883\/revisions\/3409"}],"wp:attachment":[{"href":"https:\/\/www.peacefulpillhandbook.com\/italiano\/wp-json\/wp\/v2\/media?parent=2883"}],"wp:term":[{"taxonomy":"post_tag","embeddable":true,"href":"https:\/\/www.peacefulpillhandbook.com\/italiano\/wp-json\/wp\/v2\/tags?post=2883"}],"curies":[{"name":"wp","href":"https:\/\/api.w.org\/{rel}","templated":true}]}}