{"id":3485,"date":"2020-05-28T23:11:17","date_gmt":"2020-05-28T14:41:17","guid":{"rendered":"https:\/\/www.peacefulpillhandbook.com\/italiano\/?page_id=3485"},"modified":"2022-01-03T12:44:45","modified_gmt":"2022-01-03T11:44:45","slug":"edit-handbook-contents-here-italiano","status":"publish","type":"page","link":"https:\/\/www.peacefulpillhandbook.com\/italiano\/edit-handbook-contents-here-italiano\/","title":{"rendered":"Edit Handbook Contents here (Italiano)"},"content":{"rendered":"<ul>\n<li>Premessa<\/li>\n<li>Introduzione<\/li>\n<li>La legislazione<\/li>\n<li>Riflessioni sul fine vita<\/li>\n<li>La legislazione in Italia e in altri paesi<\/li>\n<li>Cos&#8217;\u00e8 la pillola della quiete<\/li>\n<li>Il test RPA di Exit (affidabilit\u00e0, tranquillit\u00e0 e disponibilit\u00e0)<\/li>\n<li>Sicurezza in rete e privacy<\/li>\n<li>Morte per ipossia e la Exit Bag<\/li>\n<li>Monossido di carbonio<\/li>\n<li>Sali inorganici letali<\/li>\n<li>Morte con detergenti<\/li>\n<li>Introduzione ai farmaci<\/li>\n<li>Farmaci e vomito<\/li>\n<li>Morfina e gli oppiacei<\/li>\n<li>Propossifene<\/li>\n<li>Amitriptilina<\/li>\n<li>Clorochina<\/li>\n<li>Insulina<\/li>\n<li>Nembutal<\/li>\n<li>Reperibilit\u00e0 del Nembutal<\/li>\n<li>Truffe legate al Nembutal<\/li>\n<li>Testare e conservare il Nembutal<\/li>\n<li>Somministrazione del Nembutal<\/li>\n<li>Il progetto &#8220;The Peaceful Pill&#8221;<\/li>\n<li>Il metodo coreano<\/li>\n<li>Suicidio assistito in Svizzera<\/li>\n<li>COVID-19<\/li>\n<li>Considerazioni finali<\/li>\n<\/ul>\n","protected":false},"excerpt":{"rendered":"<p>Premessa Introduzione La legislazione Riflessioni sul fine vita La legislazione in Italia e in altri paesi Cos&#8217;\u00e8 la pillola della quiete Il test RPA di Exit (affidabilit\u00e0, tranquillit\u00e0 e disponibilit\u00e0) Sicurezza in rete e privacy Morte per ipossia e la Exit Bag Monossido di carbonio Sali inorganici letali Morte con detergenti Introduzione ai farmaci Farmaci [&hellip;]<\/p>\n","protected":false},"author":9,"featured_media":0,"parent":0,"menu_order":0,"comment_status":"closed","ping_status":"closed","template":"","meta":[],"tags":[],"yoast_head":"<!-- This site is optimized with the Yoast SEO plugin v16.0.2 - https:\/\/yoast.com\/wordpress\/plugins\/seo\/ -->\n<link rel=\"canonical\" href=\"https:\/\/www.peacefulpillhandbook.com\/italiano\/edit-handbook-contents-here-italiano\/\" \/>\n<meta property=\"og:locale\" content=\"it_IT\" \/>\n<meta property=\"og:type\" content=\"article\" \/>\n<meta property=\"og:title\" content=\"Edit Handbook Contents here (Italiano) - Manuale La pillola della quiete\" \/>\n<meta property=\"og:description\" content=\"Premessa Introduzione La legislazione Riflessioni sul fine vita La legislazione in Italia e in altri paesi Cos&#8217;\u00e8 la pillola della quiete Il test RPA di Exit (affidabilit\u00e0, tranquillit\u00e0 e disponibilit\u00e0) Sicurezza in rete e privacy Morte per ipossia e la Exit Bag Monossido di carbonio Sali inorganici letali Morte con detergenti Introduzione ai farmaci Farmaci [&hellip;]\" \/>\n<meta property=\"og:url\" content=\"https:\/\/www.peacefulpillhandbook.com\/italiano\/edit-handbook-contents-here-italiano\/\" \/>\n<meta property=\"og:site_name\" content=\"Manuale La pillola della quiete\" \/>\n<meta property=\"article:publisher\" content=\"https:\/\/www.facebook.com\/philip.nitschke\" \/>\n<meta property=\"article:modified_time\" content=\"2022-01-03T11:44:45+00:00\" \/>\n<meta name=\"twitter:card\" content=\"summary_large_image\" \/>\n<meta name=\"twitter:site\" content=\"@philipnitschke\" \/>\n<script type=\"application\/ld+json\" class=\"yoast-schema-graph\">{\"@context\":\"https:\/\/schema.org\",\"@graph\":[{\"@type\":\"WebSite\",\"@id\":\"https:\/\/www.peacefulpillhandbook.com\/italiano\/#website\",\"url\":\"https:\/\/www.peacefulpillhandbook.com\/italiano\/\",\"name\":\"Manuale La pillola della quiete\",\"description\":\"Il manuale La pillola della quiete \\u00e8 la traduzione in italiano di The Peaceful Pill Handbook e continene informazioni su eutanasia e suicidio assistito per anziani e persone gravemente malate.\",\"potentialAction\":[{\"@type\":\"SearchAction\",\"target\":\"https:\/\/www.peacefulpillhandbook.com\/italiano\/?s={search_term_string}\",\"query-input\":\"required name=search_term_string\"}],\"inLanguage\":\"it-IT\"},{\"@type\":\"WebPage\",\"@id\":\"https:\/\/www.peacefulpillhandbook.com\/italiano\/edit-handbook-contents-here-italiano\/#webpage\",\"url\":\"https:\/\/www.peacefulpillhandbook.com\/italiano\/edit-handbook-contents-here-italiano\/\",\"name\":\"Edit Handbook Contents here (Italiano) - Manuale La pillola della quiete\",\"isPartOf\":{\"@id\":\"https:\/\/www.peacefulpillhandbook.com\/italiano\/#website\"},\"datePublished\":\"2020-05-28T14:41:17+00:00\",\"dateModified\":\"2022-01-03T11:44:45+00:00\",\"breadcrumb\":{\"@id\":\"https:\/\/www.peacefulpillhandbook.com\/italiano\/edit-handbook-contents-here-italiano\/#breadcrumb\"},\"inLanguage\":\"it-IT\",\"potentialAction\":[{\"@type\":\"ReadAction\",\"target\":[\"https:\/\/www.peacefulpillhandbook.com\/italiano\/edit-handbook-contents-here-italiano\/\"]}]},{\"@type\":\"BreadcrumbList\",\"@id\":\"https:\/\/www.peacefulpillhandbook.com\/italiano\/edit-handbook-contents-here-italiano\/#breadcrumb\",\"itemListElement\":[{\"@type\":\"ListItem\",\"position\":1,\"item\":{\"@type\":\"WebPage\",\"@id\":\"https:\/\/www.peacefulpillhandbook.com\/italiano\/\",\"url\":\"https:\/\/www.peacefulpillhandbook.com\/italiano\/\",\"name\":\"Home\"}},{\"@type\":\"ListItem\",\"position\":2,\"item\":{\"@type\":\"WebPage\",\"@id\":\"https:\/\/www.peacefulpillhandbook.com\/italiano\/edit-handbook-contents-here-italiano\/\",\"url\":\"https:\/\/www.peacefulpillhandbook.com\/italiano\/edit-handbook-contents-here-italiano\/\",\"name\":\"Edit Handbook Contents here (Italiano)\"}}]}]}<\/script>\n<!-- \/ Yoast SEO plugin. -->","_links":{"self":[{"href":"https:\/\/www.peacefulpillhandbook.com\/italiano\/wp-json\/wp\/v2\/pages\/3485"}],"collection":[{"href":"https:\/\/www.peacefulpillhandbook.com\/italiano\/wp-json\/wp\/v2\/pages"}],"about":[{"href":"https:\/\/www.peacefulpillhandbook.com\/italiano\/wp-json\/wp\/v2\/types\/page"}],"author":[{"embeddable":true,"href":"https:\/\/www.peacefulpillhandbook.com\/italiano\/wp-json\/wp\/v2\/users\/9"}],"replies":[{"embeddable":true,"href":"https:\/\/www.peacefulpillhandbook.com\/italiano\/wp-json\/wp\/v2\/comments?post=3485"}],"version-history":[{"count":6,"href":"https:\/\/www.peacefulpillhandbook.com\/italiano\/wp-json\/wp\/v2\/pages\/3485\/revisions"}],"predecessor-version":[{"id":3805,"href":"https:\/\/www.peacefulpillhandbook.com\/italiano\/wp-json\/wp\/v2\/pages\/3485\/revisions\/3805"}],"wp:attachment":[{"href":"https:\/\/www.peacefulpillhandbook.com\/italiano\/wp-json\/wp\/v2\/media?parent=3485"}],"wp:term":[{"taxonomy":"post_tag","embeddable":true,"href":"https:\/\/www.peacefulpillhandbook.com\/italiano\/wp-json\/wp\/v2\/tags?post=3485"}],"curies":[{"name":"wp","href":"https:\/\/api.w.org\/{rel}","templated":true}]}}