{"id":780,"date":"2014-05-27T14:29:29","date_gmt":"2014-05-27T05:59:29","guid":{"rendered":"http:\/\/www.peacefulpillhandbook.com\/int\/int\/?page_id=780"},"modified":"2021-12-12T12:13:45","modified_gmt":"2021-12-12T11:13:45","slug":"contenuti","status":"publish","type":"page","link":"https:\/\/www.peacefulpillhandbook.com\/italiano\/contenuti\/","title":{"rendered":"Contenuti del manuale"},"content":{"rendered":"<h1 class=\"page-title\">Contenuti<\/h1>\n<div class=\"entry clearfix\">\n<h3>La serie di manuali &#8220;La pillola della quiete&#8221;<\/h3>\n<p>La <a href=\"https:\/\/www.peacefulpillhandbook.com\/italiano\/contenuti\/versioni\/\">versione stampata<\/a> del libro sulla morte assistita <em>La pillola della quiete<\/em> su eutanasia e metodi per suicidio assistito \u00e8 stata pubblicata per la prima volta in inglese nel 2006 con il titolo &#8220;The Peaceful Pill Handbook&#8221;.*<\/p>\n<p>La <a href=\"https:\/\/www.peacefulpillhandbook.com\/italiano\/contenuti\/versioni\/\">versione digitale<\/a> dell&#8217;Ebook <em>La pillola della quiete<\/em> (sottoscrizione) venne pubblicata per la prima volta in inglese nel 2008<\/p>\n<p>La versione digitale viene aggiornata fino a sei volte all&#8217;anno, in modo che i lettori possano sempre restare aggiornati e conoscere le ultime informazioni su eutanasia e suicidio assistito.<\/p>\n<h3>Contenuti del libro sulla morte assistita<\/h3>\n<div data-post-id='3485' class='insert-page insert-page-3485 '><ul>\n<li>Premessa<\/li>\n<li>Introduzione<\/li>\n<li>La legislazione<\/li>\n<li>Riflessioni sul fine vita<\/li>\n<li>La legislazione in Italia e in altri paesi<\/li>\n<li>Cos&#8217;\u00e8 la pillola della quiete<\/li>\n<li>Il test RPA di Exit (affidabilit\u00e0, tranquillit\u00e0 e disponibilit\u00e0)<\/li>\n<li>Sicurezza in rete e privacy<\/li>\n<li>Morte per ipossia e la Exit Bag<\/li>\n<li>Monossido di carbonio<\/li>\n<li>Sali inorganici letali<\/li>\n<li>Morte con detergenti<\/li>\n<li>Introduzione ai farmaci<\/li>\n<li>Farmaci e vomito<\/li>\n<li>Morfina e gli oppiacei<\/li>\n<li>Propossifene<\/li>\n<li>Amitriptilina<\/li>\n<li>Clorochina<\/li>\n<li>Insulina<\/li>\n<li>Nembutal<\/li>\n<li>Reperibilit\u00e0 del Nembutal<\/li>\n<li>Truffe legate al Nembutal<\/li>\n<li>Testare e conservare il Nembutal<\/li>\n<li>Somministrazione del Nembutal<\/li>\n<li>Il progetto &#8220;The Peaceful Pill&#8221;<\/li>\n<li>Il metodo coreano<\/li>\n<li>Suicidio assistito in Svizzera<\/li>\n<li>COVID-19<\/li>\n<li>Considerazioni finali<\/li>\n<\/ul>\n<\/div>\n<h3>A chi \u00e8 destinato il libro sulla morte assistita<\/h3>\n<p>La versione stampata e quella digitale del manuale <em>La pillola della quiete<\/em> hanno lo scopo di fornire informazioni su eutanasia e metodi per il suicidio assistito a persone anziane o gravemente ammalate (p.es. di tumore o sclerosi multipla), ai loro famigliari e amici.<\/p>\n<p>L&#8217;et\u00e0 minima per la sottoscrizione all&#8217;Ebook <em>La pillola della quiete<\/em> \u00e8 di 50 anni.<\/p>\n<h3>Aspetti legali<\/h3>\n<p>Il manuale <em>La pillola della quiete<\/em> viene pubblicato con la consapevolezza che il suicidio assistito \u00e8 illegale nella maggior parte dei paesi occidentali. La richiesta di aiuto a una persona vicina pu\u00f2 implicare gravi pene e condanne per quella persona.<\/p>\n<p>Tuttavia, se qualcuno decide di elaborare un piano per conto suo &#8211; nella speranza che non debba mai farne uso ma con il conforto di sapere che l&#8217;opzione ci sia &#8211; gli amici e i famigliari resteranno tutelati, poich\u00e9 un suicidio razionale non \u00e8 un reato.<\/p>\n<p>La possibilit\u00e0 di prendere delle decisioni informate in tutti gli aspetti della nostra vita \u00e8 un diritto fondamentale. Una buona informazione che si basa su solide ricerche \u00e8 pertanto fondamentale.<\/p>\n<p>Ecco perch\u00e9 &#8220;ognuno di merita una morte pacifica&#8221;.<\/p>\n<p>*Gli autori usano i termini eutanasia e suicidio assistito per intendere la facolt\u00e0 di un adulto razionale di determinare le proprio scelte di fine vita, generalmente in un contesto di et\u00e0 avanzata o grave malattia come il cancro.<\/p>\n<p>**Nota: Gli autori non hanno alcun accesso, non vendono, possiedono o distribuiscono nessun tipo di farmaco o di sostanza. Vi preghiamo di non chiedere!<\/p>\n<h3><strong>C&#8217;\u00e8 aiuto<\/strong><\/h3>\n<p>Qualora non facciate parte del pubblico a cui si rivolgono i nostri manuali o se sentite di aver bisogno di aiuto vi consigliamo di rivolgervi ai seguenti numeri:<\/p>\n<p>Telefono Amico Italia: 199 284 284<br \/>\nSamaritans Onlus: 800 86 00 22<\/p>\n<p>Telefono Amico in Svizzera: telefono 143<\/p>\n<p>I numeri verdi di organizzazioni di altri paesi sono reperibili al seguente link:\u00a0<a href=\"http:\/\/www.suicide.org\/international-suicide-hotlines.html\" target=\"_blank\" rel=\"noopener\">http:\/\/www.suicide.org\/international-suicide-hotlines.html<\/a><\/p>\n<\/div>\n","protected":false},"excerpt":{"rendered":"<p>Contenuti La serie di manuali &#8220;La pillola della quiete&#8221; La versione stampata del libro sulla morte assistita La pillola della quiete su eutanasia e metodi per suicidio assistito \u00e8 stata pubblicata per la prima volta in inglese nel 2006 con il titolo &#8220;The Peaceful Pill Handbook&#8221;.* La versione digitale dell&#8217;Ebook La pillola della quiete (sottoscrizione) [&hellip;]<\/p>\n","protected":false},"author":4,"featured_media":0,"parent":0,"menu_order":0,"comment_status":"open","ping_status":"closed","template":"","meta":[],"tags":[],"yoast_head":"<!-- This site is optimized with the Yoast SEO plugin v16.0.2 - https:\/\/yoast.com\/wordpress\/plugins\/seo\/ -->\n<meta name=\"description\" content=\"ll manuale La pillola della quiete \u00e8 un libro per la morte assistita. Gli argomenti affrontati sono il Nembutal, azoto, nitrito e molto pi\u00f9.\" \/>\n<link rel=\"canonical\" href=\"https:\/\/www.peacefulpillhandbook.com\/italiano\/contenuti\/\" \/>\n<meta property=\"og:locale\" content=\"it_IT\" \/>\n<meta property=\"og:type\" content=\"article\" \/>\n<meta property=\"og:title\" content=\"Contenuti del manuale - Manuale La pillola della quiete\" \/>\n<meta property=\"og:description\" content=\"ll manuale La pillola della quiete \u00e8 un libro per la morte assistita. Gli argomenti affrontati sono il Nembutal, azoto, nitrito e molto pi\u00f9.\" \/>\n<meta property=\"og:url\" content=\"https:\/\/www.peacefulpillhandbook.com\/italiano\/contenuti\/\" \/>\n<meta property=\"og:site_name\" content=\"Manuale La pillola della quiete\" \/>\n<meta property=\"article:publisher\" content=\"https:\/\/www.facebook.com\/philip.nitschke\" \/>\n<meta property=\"article:modified_time\" content=\"2021-12-12T11:13:45+00:00\" \/>\n<meta name=\"twitter:card\" content=\"summary_large_image\" \/>\n<meta name=\"twitter:site\" content=\"@philipnitschke\" \/>\n<meta name=\"twitter:label1\" content=\"Tempo di lettura stimato\">\n\t<meta name=\"twitter:data1\" content=\"2 minuti\">\n<script type=\"application\/ld+json\" class=\"yoast-schema-graph\">{\"@context\":\"https:\/\/schema.org\",\"@graph\":[{\"@type\":\"WebSite\",\"@id\":\"https:\/\/www.peacefulpillhandbook.com\/italiano\/#website\",\"url\":\"https:\/\/www.peacefulpillhandbook.com\/italiano\/\",\"name\":\"Manuale La pillola della quiete\",\"description\":\"Il manuale La pillola della quiete \\u00e8 la traduzione in italiano di The Peaceful Pill Handbook e continene informazioni su eutanasia e suicidio assistito per anziani e persone gravemente malate.\",\"potentialAction\":[{\"@type\":\"SearchAction\",\"target\":\"https:\/\/www.peacefulpillhandbook.com\/italiano\/?s={search_term_string}\",\"query-input\":\"required name=search_term_string\"}],\"inLanguage\":\"it-IT\"},{\"@type\":\"WebPage\",\"@id\":\"https:\/\/www.peacefulpillhandbook.com\/italiano\/contenuti\/#webpage\",\"url\":\"https:\/\/www.peacefulpillhandbook.com\/italiano\/contenuti\/\",\"name\":\"Contenuti del manuale - Manuale La pillola della quiete\",\"isPartOf\":{\"@id\":\"https:\/\/www.peacefulpillhandbook.com\/italiano\/#website\"},\"datePublished\":\"2014-05-27T05:59:29+00:00\",\"dateModified\":\"2021-12-12T11:13:45+00:00\",\"description\":\"ll manuale La pillola della quiete \\u00e8 un libro per la morte assistita. Gli argomenti affrontati sono il Nembutal, azoto, nitrito e molto pi\\u00f9.\",\"breadcrumb\":{\"@id\":\"https:\/\/www.peacefulpillhandbook.com\/italiano\/contenuti\/#breadcrumb\"},\"inLanguage\":\"it-IT\",\"potentialAction\":[{\"@type\":\"ReadAction\",\"target\":[\"https:\/\/www.peacefulpillhandbook.com\/italiano\/contenuti\/\"]}]},{\"@type\":\"BreadcrumbList\",\"@id\":\"https:\/\/www.peacefulpillhandbook.com\/italiano\/contenuti\/#breadcrumb\",\"itemListElement\":[{\"@type\":\"ListItem\",\"position\":1,\"item\":{\"@type\":\"WebPage\",\"@id\":\"https:\/\/www.peacefulpillhandbook.com\/italiano\/\",\"url\":\"https:\/\/www.peacefulpillhandbook.com\/italiano\/\",\"name\":\"Home\"}},{\"@type\":\"ListItem\",\"position\":2,\"item\":{\"@type\":\"WebPage\",\"@id\":\"https:\/\/www.peacefulpillhandbook.com\/italiano\/contenuti\/\",\"url\":\"https:\/\/www.peacefulpillhandbook.com\/italiano\/contenuti\/\",\"name\":\"Contenuti del manuale\"}}]}]}<\/script>\n<!-- \/ Yoast SEO plugin. -->","_links":{"self":[{"href":"https:\/\/www.peacefulpillhandbook.com\/italiano\/wp-json\/wp\/v2\/pages\/780"}],"collection":[{"href":"https:\/\/www.peacefulpillhandbook.com\/italiano\/wp-json\/wp\/v2\/pages"}],"about":[{"href":"https:\/\/www.peacefulpillhandbook.com\/italiano\/wp-json\/wp\/v2\/types\/page"}],"author":[{"embeddable":true,"href":"https:\/\/www.peacefulpillhandbook.com\/italiano\/wp-json\/wp\/v2\/users\/4"}],"replies":[{"embeddable":true,"href":"https:\/\/www.peacefulpillhandbook.com\/italiano\/wp-json\/wp\/v2\/comments?post=780"}],"version-history":[{"count":96,"href":"https:\/\/www.peacefulpillhandbook.com\/italiano\/wp-json\/wp\/v2\/pages\/780\/revisions"}],"predecessor-version":[{"id":3800,"href":"https:\/\/www.peacefulpillhandbook.com\/italiano\/wp-json\/wp\/v2\/pages\/780\/revisions\/3800"}],"wp:attachment":[{"href":"https:\/\/www.peacefulpillhandbook.com\/italiano\/wp-json\/wp\/v2\/media?parent=780"}],"wp:term":[{"taxonomy":"post_tag","embeddable":true,"href":"https:\/\/www.peacefulpillhandbook.com\/italiano\/wp-json\/wp\/v2\/tags?post=780"}],"curies":[{"name":"wp","href":"https:\/\/api.w.org\/{rel}","templated":true}]}}