{"id":943,"date":"2014-05-30T15:16:24","date_gmt":"2014-05-30T06:46:24","guid":{"rendered":"http:\/\/www.peacefulpillhandbook.com\/int\/int\/?page_id=943"},"modified":"2021-04-23T18:25:06","modified_gmt":"2021-04-23T09:55:06","slug":"fiona-stewart","status":"publish","type":"page","link":"https:\/\/www.peacefulpillhandbook.com\/italiano\/contenuti\/autori\/fiona-stewart\/","title":{"rendered":"Dott. Fiona Stewart"},"content":{"rendered":"<h2>Dott.ssa Fiona Stewart &#8211; Autrice<\/h2>\n<p>Fiona Stewart &#8211; Autrice, (PhD MPolLaw LLB (Hons) BA) \u00e8 una sociologa nel campo della sanit\u00e0 pubblica e un avvocato con esperienze nel campo accademico, delle start-up e nei media ed \u00e8 co-autrice del manuale <a href=\"https:\/\/www.peacefulpillhandbook.com\/italiano\/contenuti\/\">La pillola della quiete<\/a>.<\/p>\n<p>Fiona ha sempre mantenuto forti convinzioni femministe in relazione all&#8217;eutanasia e suicidio assistito. Grazie alla dua formazione legale nutre particolare interesse per tematiche come testamento, testamento biologico e ogni aspetto legale concernente il fine vita.<\/p>\n<p>Grazie al suo background incentrato sulla ricerca scientifica sociale, Fiona ha ottenuto l&#8217;assegnazione di incarichi come principale ricercatrice dall Australian Research Council, dal national Healt &amp; Medical Research Council e da Rotary International. E&#8217; stata consulente per l&#8217;Organizzazione Mondiale della Sanit\u00e0.<\/p>\n<p>Il dottorato di Fiona presso l&#8217;<a href=\"https:\/\/www.arc.gov.au\/\" target=\"_blank\" rel=\"noopener\">Australian Research Centre<\/a> su sesso, salute e societ\u00e0 (La Trobe University) \u00e8 stato supervisionato dal professor <a href=\"https:\/\/mdhs.unimelb.edu.au\/engage\/community\/awards-and-honours\/professor-doreen-rosenthal-ao\" target=\"_blank\" rel=\"noopener\">Doreen Rosenthal<\/a> e dal dottor <a href=\"https:\/\/www.smh.com.au\/lifestyle\/life-after-anthony-20130304-2ff8z.html\" target=\"_blank\" rel=\"noopener\">Anthony Smith<\/a>.<\/p>\n<div class=\"blue-box\">\n<h3>Ulteriori pubblicazioni:<\/h3>\n<ul>\n<li><em>Internet Communication and Qualitative Research<\/em> (con Dott. Chris Mann) (Sage, Londra 2000)<\/li>\n<li><em>Killing Me Softly: Voluntary Euthanasia and the Road to the Peaceful Pill<\/em> (con Dott. Philip Nitschke, Penguin, 2005)<\/li>\n<li><em>The Peaceful Pill Handbook<\/em> (Exit International USA, 2006)<\/li>\n<li><em>The Peaceful Pill eHandbook<\/em> (Exit International USA, 2008 \u2013 2017)<\/li>\n<\/ul>\n<\/div>\n<p>Numerose pubblicazioni di Fiona sono apparse nei media e in giornali e raccolte accademiche.<\/p>\n<p>Su Wikipedia \u00e8 disponibile una pagina in lingua inglese su Fiona Steward al seguente indirizzo:<br \/>\n<a href=\"https:\/\/en.wikipedia.org\/wiki\/Fiona_Stewart_%28author%29\" target=\"_blank\" rel=\"noopener\">https:\/\/en.wikipedia.org\/wiki\/Fiona_Stewart_%28author%29<\/a><\/p>\n","protected":false},"excerpt":{"rendered":"<p>Dott.ssa Fiona Stewart &#8211; Autrice Fiona Stewart &#8211; Autrice, (PhD MPolLaw LLB (Hons) BA) \u00e8 una sociologa nel campo della sanit\u00e0 pubblica e un avvocato con esperienze nel campo accademico, delle start-up e nei media ed \u00e8 co-autrice del manuale La pillola della quiete. Fiona ha sempre mantenuto forti convinzioni femministe in relazione all&#8217;eutanasia e [&hellip;]<\/p>\n","protected":false},"author":4,"featured_media":0,"parent":787,"menu_order":2,"comment_status":"open","ping_status":"open","template":"","meta":[],"tags":[],"yoast_head":"<!-- This site is optimized with the Yoast SEO plugin v16.0.2 - https:\/\/yoast.com\/wordpress\/plugins\/seo\/ -->\n<meta name=\"description\" content=\"La sociologa e avvocato Fiona Stewart \u00e8 la co-autrice del manuale La pillola della quiete. E&#039; anche autrice di altri due libri.\" \/>\n<link rel=\"canonical\" href=\"https:\/\/www.peacefulpillhandbook.com\/italiano\/contenuti\/autori\/fiona-stewart\/\" \/>\n<meta property=\"og:locale\" content=\"it_IT\" \/>\n<meta property=\"og:type\" content=\"article\" \/>\n<meta property=\"og:title\" content=\"Manuale La pillola della quiete Fiona Stewart - Autrice\" \/>\n<meta property=\"og:description\" content=\"La sociologa e avvocato Fiona Stewart \u00e8 la co-autrice del manuale La pillola della quiete. E&#039; anche autrice di altri due libri.\" \/>\n<meta property=\"og:url\" content=\"https:\/\/www.peacefulpillhandbook.com\/italiano\/contenuti\/autori\/fiona-stewart\/\" \/>\n<meta property=\"og:site_name\" content=\"Manuale La pillola della quiete\" \/>\n<meta property=\"article:publisher\" content=\"https:\/\/www.facebook.com\/philip.nitschke\" \/>\n<meta property=\"article:modified_time\" content=\"2021-04-23T09:55:06+00:00\" \/>\n<meta name=\"twitter:card\" content=\"summary_large_image\" \/>\n<meta name=\"twitter:site\" content=\"@philipnitschke\" \/>\n<meta name=\"twitter:label1\" content=\"Tempo di lettura stimato\">\n\t<meta name=\"twitter:data1\" content=\"1 minuto\">\n<script type=\"application\/ld+json\" class=\"yoast-schema-graph\">{\"@context\":\"https:\/\/schema.org\",\"@graph\":[{\"@type\":\"WebSite\",\"@id\":\"https:\/\/www.peacefulpillhandbook.com\/italiano\/#website\",\"url\":\"https:\/\/www.peacefulpillhandbook.com\/italiano\/\",\"name\":\"Manuale La pillola della quiete\",\"description\":\"Il manuale La pillola della quiete \\u00e8 la traduzione in italiano di The Peaceful Pill Handbook e continene informazioni su eutanasia e suicidio assistito per anziani e persone gravemente malate.\",\"potentialAction\":[{\"@type\":\"SearchAction\",\"target\":\"https:\/\/www.peacefulpillhandbook.com\/italiano\/?s={search_term_string}\",\"query-input\":\"required name=search_term_string\"}],\"inLanguage\":\"it-IT\"},{\"@type\":\"WebPage\",\"@id\":\"https:\/\/www.peacefulpillhandbook.com\/italiano\/contenuti\/autori\/fiona-stewart\/#webpage\",\"url\":\"https:\/\/www.peacefulpillhandbook.com\/italiano\/contenuti\/autori\/fiona-stewart\/\",\"name\":\"Manuale La pillola della quiete Fiona Stewart - Autrice\",\"isPartOf\":{\"@id\":\"https:\/\/www.peacefulpillhandbook.com\/italiano\/#website\"},\"datePublished\":\"2014-05-30T06:46:24+00:00\",\"dateModified\":\"2021-04-23T09:55:06+00:00\",\"description\":\"La sociologa e avvocato Fiona Stewart \\u00e8 la co-autrice del manuale La pillola della quiete. E' anche autrice di altri due libri.\",\"breadcrumb\":{\"@id\":\"https:\/\/www.peacefulpillhandbook.com\/italiano\/contenuti\/autori\/fiona-stewart\/#breadcrumb\"},\"inLanguage\":\"it-IT\",\"potentialAction\":[{\"@type\":\"ReadAction\",\"target\":[\"https:\/\/www.peacefulpillhandbook.com\/italiano\/contenuti\/autori\/fiona-stewart\/\"]}]},{\"@type\":\"BreadcrumbList\",\"@id\":\"https:\/\/www.peacefulpillhandbook.com\/italiano\/contenuti\/autori\/fiona-stewart\/#breadcrumb\",\"itemListElement\":[{\"@type\":\"ListItem\",\"position\":1,\"item\":{\"@type\":\"WebPage\",\"@id\":\"https:\/\/www.peacefulpillhandbook.com\/italiano\/\",\"url\":\"https:\/\/www.peacefulpillhandbook.com\/italiano\/\",\"name\":\"Home\"}},{\"@type\":\"ListItem\",\"position\":2,\"item\":{\"@type\":\"WebPage\",\"@id\":\"https:\/\/www.peacefulpillhandbook.com\/italiano\/contenuti\/\",\"url\":\"https:\/\/www.peacefulpillhandbook.com\/italiano\/contenuti\/\",\"name\":\"Contenuti del manuale\"}},{\"@type\":\"ListItem\",\"position\":3,\"item\":{\"@type\":\"WebPage\",\"@id\":\"https:\/\/www.peacefulpillhandbook.com\/italiano\/contenuti\/autori\/\",\"url\":\"https:\/\/www.peacefulpillhandbook.com\/italiano\/contenuti\/autori\/\",\"name\":\"Gli autori del manuale &#8220;La pillola della quiete&#8221;\"}},{\"@type\":\"ListItem\",\"position\":4,\"item\":{\"@type\":\"WebPage\",\"@id\":\"https:\/\/www.peacefulpillhandbook.com\/italiano\/contenuti\/autori\/fiona-stewart\/\",\"url\":\"https:\/\/www.peacefulpillhandbook.com\/italiano\/contenuti\/autori\/fiona-stewart\/\",\"name\":\"Dott. Fiona Stewart\"}}]}]}<\/script>\n<!-- \/ Yoast SEO plugin. -->","_links":{"self":[{"href":"https:\/\/www.peacefulpillhandbook.com\/italiano\/wp-json\/wp\/v2\/pages\/943"}],"collection":[{"href":"https:\/\/www.peacefulpillhandbook.com\/italiano\/wp-json\/wp\/v2\/pages"}],"about":[{"href":"https:\/\/www.peacefulpillhandbook.com\/italiano\/wp-json\/wp\/v2\/types\/page"}],"author":[{"embeddable":true,"href":"https:\/\/www.peacefulpillhandbook.com\/italiano\/wp-json\/wp\/v2\/users\/4"}],"replies":[{"embeddable":true,"href":"https:\/\/www.peacefulpillhandbook.com\/italiano\/wp-json\/wp\/v2\/comments?post=943"}],"version-history":[{"count":67,"href":"https:\/\/www.peacefulpillhandbook.com\/italiano\/wp-json\/wp\/v2\/pages\/943\/revisions"}],"predecessor-version":[{"id":3694,"href":"https:\/\/www.peacefulpillhandbook.com\/italiano\/wp-json\/wp\/v2\/pages\/943\/revisions\/3694"}],"up":[{"embeddable":true,"href":"https:\/\/www.peacefulpillhandbook.com\/italiano\/wp-json\/wp\/v2\/pages\/787"}],"wp:attachment":[{"href":"https:\/\/www.peacefulpillhandbook.com\/italiano\/wp-json\/wp\/v2\/media?parent=943"}],"wp:term":[{"taxonomy":"post_tag","embeddable":true,"href":"https:\/\/www.peacefulpillhandbook.com\/italiano\/wp-json\/wp\/v2\/tags?post=943"}],"curies":[{"name":"wp","href":"https:\/\/api.w.org\/{rel}","templated":true}]}}