{"id":835,"date":"2018-03-27T17:45:06","date_gmt":"2018-03-27T16:45:06","guid":{"rendered":"http:\/\/www.peacefulpillhandbook.com\/store\/?page_id=835"},"modified":"2018-04-30T09:39:57","modified_gmt":"2018-04-30T08:39:57","slug":"tos","status":"publish","type":"page","link":"https:\/\/www.peacefulpillhandbook.com\/store\/tos\/?lang=it","title":{"rendered":"Condizioni di vendita"},"content":{"rendered":"<ul>\n<li>Il proprietario e gestore di questo sito \u00e8 Exit International. I termini &#8220;Lei&#8221;, &#8220;Suo&#8221; nel testo sottostante si riferiscono a ogni cliente, visitatore o altro utilizzatore di questo sitoTermini di utilizzoPer utilizzare questo sito l&#8217;utilizzatore dichiara:<\/li>\n<li>Di essere consapevole del fatto che le informazioni presenti su questo sito sono da considerarsi a mero titolo informativo. Queste informazioni non costituiscono n\u00e9 un consiglio n\u00e9 un suggerimento.<\/li>\n<li>Di avere almeno 50 anni di et\u00e0 OPPURE di avere un valido motivo per volere leggere queste informazioni<\/li>\n<li>Di essere capace di intendere e di volere e di avere una buona capacit\u00e0 di giudizio<\/li>\n<li>Di utilizzare il proprio vero nome e la propria vera identit\u00e0<\/li>\n<li>Di essere consapevole che l&#8217;acquisto del libro non include automaticamente l&#8217;accesso al forum<span style=\"font-weight: 400;\"><br \/>\n<\/span><span style=\"font-weight: 400;\">Tutti i prezzi sono in Euro.\u00a0<\/span>I prezzi, in fase di pagamento, verranno mostrati comprensivi di Iva in base all&#8217;indirizzo del cliente.Verifichi attentamente che l&#8217;indirizzo di fatturazione e\/o di consegna sia esatto perch\u00e9 non possiamo cambiarne i dettagli dopo l&#8217;effettuazione dell&#8217;ordine. Non ci assumiamo alcuna responsabilit\u00e0 per ordini smarriti a causa di informazioni inserite in modo errato.<\/li>\n<li>In caso di una spedizione non ricevuta \u00e8 necessario informarci entro 4 settimane dall&#8217;effetuazione dell&#8217;ordine. Passato questo termine non possiamo risarcire un ordine smarrito.<\/li>\n<li>Le informazioni contenute su queste sito possono contenere inesattezze tecniche o tipografiche. Escludiamo espressamente ogni responsabilit\u00e0 al massimo livello consentito dalla legge.<\/li>\n<li>Nessuna parte di questo sito o del libro pu\u00f2 essere utilizzato senza consenso scritto di Exit International<\/li>\n<li>Acquistando questo libro si certifica che verr\u00e0 usato solo ed esclusivamente ad uso privato.<\/li>\n<\/ul>\n<p><strong>Resi e rimborsi<\/strong><\/p>\n<ul>\n<li><span style=\"font-weight: 400;\">Il libro &#8220;La pillola della quiete&#8221; pu\u00f2 essere restituito solo se il pacco non \u00e8 stato aperto e il libro non \u00e8 stato letto<\/span><\/li>\n<li><span style=\"font-weight: 400;\">Se il libro \u00e8 stato acquistato per errore (per esempio da una persona non nel pieno delle sue facolt\u00e0 mentali), verr\u00e0 concesso un rimborso parziale con una ritenuta per le spese di spedizione e di elaborazione.<\/span><\/li>\n<li><span style=\"font-weight: 400;\">Queste condizioni di vendita sono sottoposte alle leggi in vigore nei Paesi Bassi e l&#8217;acquirente ne accetta la giurisdizione.<\/span><\/li>\n<li><span style=\"font-weight: 400;\">Exit International si riserva il diritto di modificare o integrare le presenti condizioni di vendita dande informazione su questo sito web.<\/span><\/li>\n<li><span style=\"font-weight: 400;\">L&#8217;acquirente acconsente all&#8217;esclusione di responsabilit\u00e0 derivante dall&#8217;uso di questo sito e del libro nei confronti di Exit International, dei suoi affiliati, direttori, dipendenti, agenti e collaboratori per qualsiasi rivalsa, danno, costo o reponsabilit\u00e0.<br \/>\n<\/span><\/li>\n<\/ul>\n<p><strong>Esclusioni e limitazioni di responsabilit\u00e0<\/strong><\/p>\n<ul>\n<li><span style=\"font-weight: 400;\">L&#8217;utilizzatore di questo sito \u00e8 consapevole che n\u00e9 Exit International n\u00e9 i suoi impiegati, agenti o collaboratori possono garantire l&#8217;assenza di errori del sito o del libro o i risultati ottenuti dall&#8217;uso di questo sito o dal prodotto venduto.<\/span><\/li>\n<\/ul>\n<p><strong>Privacy e protezione dei dati personali<\/strong><\/p>\n<ul>\n<li><span style=\"font-weight: 400;\">Exit International utilizzer\u00e0 i dati che l&#8217;acquirente invier\u00e0 tramite questo sito secondo <a href=\"https:\/\/www.peacefulpillhandbook.com\/italiano\/privacy\" target=\"_blank\" rel=\"noopener\">le condizioni sulla privacy di Exit International USA<\/a>. Rispettiamo la privacy dell&#8217;acquirente e non condivideremo o venderemo mai i dati personali a terzi. I dati raccolti su questo sito verranno utilizzati solo per la conclusione della transazione e per comunicazioni sulle attivit\u00e0 dell&#8217;organizzazione. E&#8217; possibile richiedere la modifica o la cancellazione dei propri dati personali in qualsiasi momento scrivendo a contact@exitinternational.net. Il trasferimento dei dati personali avviene in modo sicuro tramite il protocollo SSL. Trova le condizioni complete sulla privacy di Exit a <a href=\"https:\/\/www.peacefulpillhandbook.com\/italiano\/privacy\" target=\"_blank\" rel=\"noopener\">questo indirizzo<\/a>.<\/span><\/li>\n<\/ul>\n<p><strong>Spedizione e consegna<\/strong><\/p>\n<ul>\n<li><span style=\"font-weight: 400;\">La spedizione della versione stampata del libro La pillola della quiete avviene tramite pacco postale dai Paesi Bassi o dalla Germania. I tempi di spedizione possono essere di massimo 28 giorni.<\/span><\/li>\n<\/ul>\n","protected":false},"excerpt":{"rendered":"<p>Il proprietario e gestore di questo sito \u00e8 Exit International. I termini &#8220;Lei&#8221;, &#8220;Suo&#8221; nel testo sottostante si riferiscono a ogni cliente, visitatore o altro utilizzatore di questo sitoTermini di utilizzoPer utilizzare questo sito l&#8217;utilizzatore dichiara: Di essere consapevole del fatto che le informazioni presenti su questo sito sono da considerarsi a mero titolo informativo. [&hellip;]<\/p>\n","protected":false},"author":1,"featured_media":0,"parent":0,"menu_order":0,"comment_status":"closed","ping_status":"closed","template":"","meta":{"footnotes":""},"class_list":["post-835","page","type-page","status-publish","hentry"],"_links":{"self":[{"href":"https:\/\/www.peacefulpillhandbook.com\/store\/wp-json\/wp\/v2\/pages\/835","targetHints":{"allow":["GET"]}}],"collection":[{"href":"https:\/\/www.peacefulpillhandbook.com\/store\/wp-json\/wp\/v2\/pages"}],"about":[{"href":"https:\/\/www.peacefulpillhandbook.com\/store\/wp-json\/wp\/v2\/types\/page"}],"author":[{"embeddable":true,"href":"https:\/\/www.peacefulpillhandbook.com\/store\/wp-json\/wp\/v2\/users\/1"}],"replies":[{"embeddable":true,"href":"https:\/\/www.peacefulpillhandbook.com\/store\/wp-json\/wp\/v2\/comments?post=835"}],"version-history":[{"count":3,"href":"https:\/\/www.peacefulpillhandbook.com\/store\/wp-json\/wp\/v2\/pages\/835\/revisions"}],"predecessor-version":[{"id":1060,"href":"https:\/\/www.peacefulpillhandbook.com\/store\/wp-json\/wp\/v2\/pages\/835\/revisions\/1060"}],"wp:attachment":[{"href":"https:\/\/www.peacefulpillhandbook.com\/store\/wp-json\/wp\/v2\/media?parent=835"}],"curies":[{"name":"wp","href":"https:\/\/api.w.org\/{rel}","templated":true}]}}