{"id":837,"date":"2018-03-27T17:47:03","date_gmt":"2018-03-27T16:47:03","guid":{"rendered":"http:\/\/www.peacefulpillhandbook.com\/store\/?page_id=837"},"modified":"2018-08-30T08:29:03","modified_gmt":"2018-08-30T07:29:03","slug":"tos","status":"publish","type":"page","link":"https:\/\/www.peacefulpillhandbook.com\/store\/tos\/?lang=fr","title":{"rendered":"Conditions g\u00e9n\u00e9rales de vente"},"content":{"rendered":"<p><strong>Dispositions g\u00e9n\u00e9rales<\/strong><\/p>\n<p>Les pr\u00e9sentes Conditions G\u00e9n\u00e9rales de Vente d\u00e9terminent les droits et obligations des parties<\/p>\n<p>dans le cadre de la vente en ligne de Produits propos\u00e9s par le Vendeur.<\/p>\n<ul>\n<li><strong>L\u2019acheteur reconnait d&#8217;\u00eatre \u00e2g\u00e9 de plus de 50 ans (ou \u00e0 d\u00e9faut de disposer d&#8217;une raison valable de vouloir acc\u00e9der \u00e0 ces informations)<\/strong><\/li>\n<\/ul>\n<p>Les pr\u00e9sentes Conditions G\u00e9n\u00e9rales de Vente (CGV) s\u2019appliquent \u00e0 toutes les ventes de Produits,<\/p>\n<p>effectu\u00e9es au travers des sites Internet de Exit International qui sont partie int\u00e9grante du Contrat entre l\u2019Acheteur et le Vendeur. Le Vendeur se r\u00e9serve la possibilit\u00e9 de modifier les pr\u00e9sentes, \u00e0<\/p>\n<p>tout moment par la publication d\u2019une nouvelle version sur son site Internet. Les CGV applicables alors<\/p>\n<p>sont celles \u00e9tant en vigueur \u00e0 la date du paiement (ou du premier paiement en cas de paiements<\/p>\n<p>multiples) de la commande. La Soci\u00e9t\u00e9 s\u2019assure \u00e9galement que leur acceptation soit claire et sans<\/p>\n<p>r\u00e9serve en mettant en place une case \u00e0 cocher et un clic de validation. Le Client d\u00e9clare avoir pris<\/p>\n<p>connaissance de l\u2019ensemble des pr\u00e9sentes Conditions G\u00e9n\u00e9rales de Vente, et le cas \u00e9ch\u00e9ant des<\/p>\n<p>Conditions Particuli\u00e8res de Vente li\u00e9es \u00e0 un produit ou \u00e0 un service, et les accepter sans restriction<\/p>\n<p>ni r\u00e9serve. Le Client reconna\u00eet qu\u2019il a b\u00e9n\u00e9fici\u00e9 des conseils et informations n\u00e9cessaires afin de<\/p>\n<p>s\u2019assurer de l\u2019ad\u00e9quation de l\u2019offre \u00e0 ses besoins.<\/p>\n<p><strong>Prix<\/strong><\/p>\n<p>Les prix des livres vendus au travers des sites Internet sont indiqu\u00e9s en Euros hors taxes et<\/p>\n<p>pr\u00e9cis\u00e9ment d\u00e9termin\u00e9s sur les pages de descriptifs des Produits. Ils sont \u00e9galement indiqu\u00e9s en<\/p>\n<p>euros toutes taxes comprises (TVA + autres taxes \u00e9ventuelles) sur la page de commande des<\/p>\n<p>produits, et hors frais sp\u00e9cifiques d&#8217;exp\u00e9dition. Pour tous les produits exp\u00e9di\u00e9s hors Union<\/p>\n<p>europ\u00e9enne et\/ou DOM-TOM, le prix est calcul\u00e9 hors taxes automatiquement sur la facture. Des<\/p>\n<p>droits de douane ou autres taxes locales ou droits d&#8217;importation ou taxes d&#8217;\u00e9tat sont susceptibles<\/p>\n<p>d&#8217;\u00eatre exigibles dans certains cas. Ces droits et sommes ne rel\u00e8vent pas du ressort du Vendeur. Ils<\/p>\n<p>seront \u00e0 la charge de l&#8217;acheteur et rel\u00e8vent de sa responsabilit\u00e9 (d\u00e9clarations, paiement aux<\/p>\n<p>autorit\u00e9s comp\u00e9tentes, etc.). Le Vendeur invite \u00e0 ce titre l&#8217;acheteur \u00e0 se renseigner sur ces aspects<\/p>\n<p>aupr\u00e8s des autorit\u00e9s locales correspondantes.La Soci\u00e9t\u00e9 se r\u00e9serve la possibilit\u00e9 de modifier ses<\/p>\n<p>prix \u00e0 tout moment pour l\u2019avenir. Les frais de t\u00e9l\u00e9communication n\u00e9cessaires \u00e0 l\u2019acc\u00e8s aux sites<\/p>\n<p>Internet de la Soci\u00e9t\u00e9 sont \u00e0 la charge du Client. Le cas \u00e9ch\u00e9ant \u00e9galement, les frais de livraison.<\/p>\n<p><strong>Droits de propri\u00e9t\u00e9 intellectuelle<\/strong><\/p>\n<p>Les marques, noms de domaines, produits, logiciels, images, vid\u00e9os, textes ou plus g\u00e9n\u00e9ralement<\/p>\n<p>toute information objet de droits de propri\u00e9t\u00e9 intellectuelle sont et restent la propri\u00e9t\u00e9 exclusive du<\/p>\n<p>vendeur. Aucune cession de droits de propri\u00e9t\u00e9 intellectuelle n\u2019est r\u00e9alis\u00e9e au travers des<\/p>\n<p>pr\u00e9sentes CGV. Toute reproduction totale ou partielle, modification ou utilisation de ces biens pour<\/p>\n<p>quelque motif que ce soit est strictement interdite.<\/p>\n<p><strong>Protection des donn\u00e9es personnelles<\/strong><\/p>\n<p>Conform\u00e9ment \u00e0 la Loi, vous disposez des droits d\u2019interrogation, d\u2019acc\u00e8s, de modification, d\u2019opposition et de rectification sur les donn\u00e9es<\/p>\n<p>personnelles vous concernant. En adh\u00e9rant \u00e0 ces conditions g\u00e9n\u00e9rales de vente, vous consentez<\/p>\n<p>\u00e0 ce que nous collections et utilisions ces donn\u00e9es pour la r\u00e9alisation du pr\u00e9sent contrat. En<\/p>\n<p>saisissant votre adresse email sur l\u2019un des sites de notre r\u00e9seau, vous recevrez des emails<\/p>\n<p>contenant des informations et des offres promotionnelles concernant des produits \u00e9dit\u00e9s par la<\/p>\n<p>Soci\u00e9t\u00e9 et de ses partenaires. Vous pouvez vous d\u00e9sinscrire \u00e0 tout instant. Il vous suffit pour cela<\/p>\n<p>de cliquer sur le lien pr\u00e9sent \u00e0 la fin de nos emails ou de contacter le responsable du traitement (la<\/p>\n<p>Soci\u00e9t\u00e9) par e-mail. Nous effectuons sur l\u2019ensemble de nos sites un suivi de la fr\u00e9quentation.<\/p>\n<p><a href=\"https:\/\/www.peacefulpillhandbook.com\/francais\/privacy\" target=\"_blank\" rel=\"noopener\">Vous trouvez notre politique de confidentialit\u00e9 ici<\/a>.<\/p>\n<p><strong>Droit applicable<\/strong><\/p>\n<p>Toutes les clauses figurant dans les pr\u00e9sentes conditions g\u00e9n\u00e9rales de vente, ainsi que toutes les<\/p>\n<p>op\u00e9rations d\u2019achat et de vente qui y sont vis\u00e9es, seront soumises au droit des Pays-Bas.<\/p>\n","protected":false},"excerpt":{"rendered":"<p>Dispositions g\u00e9n\u00e9rales Les pr\u00e9sentes Conditions G\u00e9n\u00e9rales de Vente d\u00e9terminent les droits et obligations des parties dans le cadre de la vente en ligne de Produits propos\u00e9s par le Vendeur. L\u2019acheteur reconnait d&#8217;\u00eatre \u00e2g\u00e9 de plus de 50 ans (ou \u00e0 d\u00e9faut de disposer d&#8217;une raison valable de vouloir acc\u00e9der \u00e0 ces informations) Les pr\u00e9sentes Conditions [&hellip;]<\/p>\n","protected":false},"author":1,"featured_media":0,"parent":0,"menu_order":0,"comment_status":"closed","ping_status":"closed","template":"","meta":{"footnotes":""},"class_list":["post-837","page","type-page","status-publish","hentry"],"_links":{"self":[{"href":"https:\/\/www.peacefulpillhandbook.com\/store\/wp-json\/wp\/v2\/pages\/837","targetHints":{"allow":["GET"]}}],"collection":[{"href":"https:\/\/www.peacefulpillhandbook.com\/store\/wp-json\/wp\/v2\/pages"}],"about":[{"href":"https:\/\/www.peacefulpillhandbook.com\/store\/wp-json\/wp\/v2\/types\/page"}],"author":[{"embeddable":true,"href":"https:\/\/www.peacefulpillhandbook.com\/store\/wp-json\/wp\/v2\/users\/1"}],"replies":[{"embeddable":true,"href":"https:\/\/www.peacefulpillhandbook.com\/store\/wp-json\/wp\/v2\/comments?post=837"}],"version-history":[{"count":4,"href":"https:\/\/www.peacefulpillhandbook.com\/store\/wp-json\/wp\/v2\/pages\/837\/revisions"}],"predecessor-version":[{"id":3036,"href":"https:\/\/www.peacefulpillhandbook.com\/store\/wp-json\/wp\/v2\/pages\/837\/revisions\/3036"}],"wp:attachment":[{"href":"https:\/\/www.peacefulpillhandbook.com\/store\/wp-json\/wp\/v2\/media?parent=837"}],"curies":[{"name":"wp","href":"https:\/\/api.w.org\/{rel}","templated":true}]}}