{"id":3080,"date":"2018-08-31T22:40:21","date_gmt":"2018-08-31T21:40:21","guid":{"rendered":"https:\/\/www.peacefulpillhandbook.com\/store\/?post_type=product&#038;p=3080"},"modified":"2025-12-01T00:59:19","modified_gmt":"2025-11-30T23:59:19","slug":"elpa","status":"publish","type":"product","link":"https:\/\/www.peacefulpillhandbook.com\/store\/producto\/elpa\/?lang=es","title":{"rendered":"La p\u00edldora apacible <br>La Esencia <br><b>Edici\u00f3n digital<\/b>"},"content":{"rendered":"<p><span style=\"color: #222222;\"><span style=\"font-family: Arial, serif;\"><span lang=\"es-ES-u-co-trad\">El <strong>Manual electr\u00f3nico de la P\u00edldora Apacible<\/strong> se actualiza hasta seis veces al a\u00f1o, brindando a los suscriptores la mejor informaci\u00f3n disponible sobre las estrategias de elecci\u00f3n de una muerte digna.<\/span><\/span><\/span><\/p>\n<p><span style=\"color: #222222;\"><span style=\"font-family: Arial, serif;\"><span lang=\"es-ES-u-co-trad\">El <strong>Manual electr\u00f3nico de la P\u00edldora Apacible<\/strong> trata solo de estrategias fiables y apacibles.<\/span><\/span><\/span><\/p>\n<p><span style=\"color: #222222;\"><span style=\"font-family: Arial, serif;\"><span lang=\"es-ES-u-co-trad\">El <strong>Manual electr\u00f3nico de la P\u00edldora Apacible<\/strong> se publica para personas de 50 a\u00f1os o m\u00e1s (o que est\u00e1n gravemente enfermas o tienen otras razones v\u00e1lidas para desear esta informaci\u00f3n confidencial) as\u00ed como para sus amigos y familiares.<\/span><\/span><\/span><\/p>\n<p><span style=\"color: #222222;\"><span style=\"font-family: Arial, serif;\"><span lang=\"es-ES-u-co-trad\">Se requerir\u00e1 una identificaci\u00f3n con foto si no podemos identificarle online.<\/span><\/span><\/span><\/p>\n<p><strong><span style=\"color: #222222;\"><span style=\"font-family: Arial, serif;\"><span lang=\"es-ES-u-co-trad\">C\u00f3mo funciona El Manual electr\u00f3nico de la P\u00edldora Apacible<\/span><\/span><\/span><\/strong><\/p>\n<ul>\n<li><span style=\"color: #222222;\"><span style=\"font-family: Arial, serif;\"><span lang=\"es-ES-u-co-trad\">Los suscriptores reciben los datos personales de inicio de sesi\u00f3n por correo electr\u00f3nico<\/span><\/span><\/span><\/li>\n<li><span style=\"color: #222222;\"><span style=\"font-family: Arial, serif;\"><span lang=\"es-ES-u-co-trad\">Las suscripciones se crean unas pocas horas despu\u00e9s de la compra (m\u00e1ximo 48 horas)<\/span><\/span><\/span><\/li>\n<li><span style=\"color: #222222;\"><span style=\"font-family: Arial, serif;\"><span lang=\"es-ES-u-co-trad\">Se facilitan m\u00e1s de 6 actualizaciones en 12 meses con las \u00faltimas noticias \/ novedades<\/span><\/span><\/span><\/li>\n<li><span style=\"color: #222222;\"><span style=\"font-family: Arial, serif;\"><span lang=\"es-ES-u-co-trad\">Puede acceder por medio de Mac \/ PC, iPad \/ iPhone, Tablet y Android<\/span><\/span><\/span><\/li>\n<li><span style=\"color: #222222;\"><span style=\"font-family: Arial, serif;\"><span lang=\"es-ES-u-co-trad\">No se necesita software adicional de terceros<\/span><\/span><\/span><\/li>\n<li><span style=\"color: #222222;\"><span style=\"font-family: Arial, serif;\"><span lang=\"es-ES-u-co-trad\">Los textos y v\u00eddeos se pueden ampliar para una mejor lectura<\/span><\/span><\/span><\/li>\n<li><span style=\"color: #222222;\"><span style=\"font-family: Arial, serif;\"><span lang=\"es-ES-u-co-trad\">Afiliaci\u00f3n gratuita a los foros online de Exit (previa aprobaci\u00f3n, con identificaci\u00f3n con foto, despu\u00e9s de un per\u00edodo de espera de 1 mes)<\/span><\/span><\/span><\/li>\n<li><span style=\"color: #222222;\"><span style=\"font-family: Arial, serif;\"><span lang=\"es-ES-u-co-trad\">Opci\u00f3n de suscripci\u00f3n renovable con 50% de descuento<\/span><\/span><\/span><\/li>\n<\/ul>\n<p><span style=\"color: #222222;\"><span style=\"font-family: Arial, serif;\"><span lang=\"es-ES-u-co-trad\">El <strong>Manual electr\u00f3nico de la P\u00edldora Apacible<\/strong> clasifica las estrategias m\u00e1s importantes, eficaces y apacibles para una muerte digna de acuerdo con la prueba de fiabilidad y serenidad \u00fanica de Exit.<\/span><\/span><\/span><\/p>\n<p><span style=\"color: #222222;\"><span style=\"font-family: Arial, serif;\"><span lang=\"es-ES-u-co-trad\">El formato <\/span><\/span><\/span><span style=\"color: #222222;\"><span style=\"font-family: Arial, serif;\"><span lang=\"es-ES-u-co-trad\">digital online\u00a0<\/span><\/span><\/span><span style=\"color: #222222;\"><span style=\"font-family: Arial, serif;\"><span lang=\"es-ES-u-co-trad\">en directo permite que el libro se actualice peri\u00f3dicamente, garantizando la informaci\u00f3n m\u00e1s actualizada posible.<\/span><\/span><\/span><\/p>\n<p><strong><span style=\"color: #222222;\"><span style=\"font-family: Arial, serif;\"><span lang=\"es-ES-u-co-trad\">Acerca del Manual electr\u00f3nico de la P\u00edldora Apacible (recapitulaci\u00f3n)<\/span><\/span><\/span><\/strong><\/p>\n<ul>\n<li><span style=\"color: #222222;\"><span style=\"font-family: Arial, serif;\"><span lang=\"es-ES-u-co-trad\">Los suscriptores reciben un nombre de usuario y una contrase\u00f1a \u00fanicos<\/span><\/span><\/span><\/li>\n<li><span style=\"color: #222222;\"><span style=\"font-family: Arial, serif;\"><span lang=\"es-ES-u-co-trad\">El Manual electr\u00f3nico contiene texto, im\u00e1genes y v\u00eddeos con subt\u00edtulos en espa\u00f1ol<\/span><\/span><\/span><\/li>\n<li><span style=\"color: #222222;\"><span style=\"font-family: Arial, serif;\"><span lang=\"es-ES-u-co-trad\">El Manual electr\u00f3nico puede ampliarse para personas con discapacidad visual y puede solicitarse su impresi\u00f3n<\/span><\/span><\/span><\/li>\n<li><span style=\"color: #222222;\"><span style=\"font-family: Arial, serif;\"><span lang=\"es-ES-u-co-trad\">La suscripci\u00f3n al Manual electr\u00f3nico facilita acceso a los foros de la P\u00edldora Apacible previa aprobaci\u00f3n (se aplica un per\u00edodo de espera de 1 mes a los nuevos suscriptores, pero pueden eximirse de ella si existen motivos razonables)<\/span><\/span><\/span><\/li>\n<\/ul>\n<p><strong><span style=\"color: #222222;\"><span style=\"font-family: Arial, serif;\"><span lang=\"es-ES-u-co-trad\">Cuestiones t\u00e9cnicas, legales y fiscales<\/span><\/span><\/span><\/strong><\/p>\n<ul>\n<li><span style=\"font-family: Arial, serif; color: #222222;\">El Manual electr\u00f3nico se puede utilizar en todos los dispositivos, incluyendo iPad \/ iPhone y Android (no se necesita software de terceros)<\/span><span style=\"color: #222222;\"><span style=\"font-family: Arial, serif;\"><span lang=\"es-ES-u-co-trad\"><br \/>\n<\/span><\/span><\/span><\/li>\n<li><span style=\"color: #222222;\"><span style=\"font-family: Arial, serif;\"><span lang=\"es-ES-u-co-trad\">En el momento de la compra, su direcci\u00f3n de correo electr\u00f3nico ser\u00e1 utilizada como su nombre de usuario de inicio de sesi\u00f3n.<\/span><\/span><\/span><\/li>\n<li><span style=\"color: #222222;\"><span style=\"font-family: Arial, serif;\"><span lang=\"es-ES-u-co-trad\">La edici\u00f3n <\/span><\/span><\/span><span style=\"color: #222222;\"><span style=\"font-family: Arial, serif;\"><span lang=\"es-ES-u-co-trad\">online <\/span><\/span><\/span><span style=\"color: #222222;\"><span style=\"font-family: Arial, serif;\"><span lang=\"es-ES-u-co-trad\">se vende solo a personas de m\u00e1s de 50 a\u00f1os de edad que disfruten de lucidez mental o a personas gravemente enfermas.<\/span><\/span><\/span><\/li>\n<li><span style=\"color: #222222;\"><span style=\"font-family: Arial, serif;\"><span lang=\"es-ES-u-co-trad\">Se puede solicitar una identificaci\u00f3n con foto antes de crear una suscripci\u00f3n.<\/span><\/span><\/span><\/li>\n<li><span style=\"color: #222222;\"><span style=\"font-family: Arial, serif;\"><span lang=\"es-ES-u-co-trad\">Nota: el Manual electr\u00f3nico no est\u00e1 disponible para leer en Kindle a menos que utilice el navegador <\/span><\/span><\/span><span style=\"color: #222222;\"><span style=\"font-family: Arial, serif;\"><span lang=\"es-ES-u-co-trad\">Silk de <\/span><\/span><\/span><span style=\"color: #222222;\"><span style=\"font-family: Arial, serif;\"><span lang=\"es-ES-u-co-trad\">Kindle.<\/span><\/span><\/span><\/li>\n<li><span style=\"color: #222222;\"><span style=\"font-family: Arial, serif;\"><span lang=\"es-ES-u-co-trad\">Los pedidos se tramitan en un plazo de 48 horas despu\u00e9s de la compra<\/span><\/span><\/span><\/li>\n<li><span style=\"color: #222222;\"><span style=\"font-family: Arial, serif;\"><span lang=\"es-ES-u-co-trad\">El Manual electr\u00f3nico est\u00e1 sujeto al IVA en UE seg\u00fan el pa\u00eds de compra (los tipos del IVA de la UE oscilan entre el 17% y el 27% seg\u00fan el pa\u00eds).<\/span><\/span><\/span><\/li>\n<\/ul>\n<div id=\"gtx-trans\" style=\"position: absolute; left: 38px; top: 601px;\">\n<div class=\"gtx-trans-icon\"><\/div>\n<\/div>\n","protected":false},"excerpt":{"rendered":"<p><span style=\"color: #222222;\"><span style=\"font-family: Arial, serif;\"><span lang=\"es-ES-u-co-trad\">El <strong>Manual electr\u00f3nico de la P\u00edldora Apacible &#8211; La Esencia\u00a0<\/strong>es la t<\/span><\/span><\/span>raducci\u00f3n en espa\u00f1ol de<em> \u201cThe Peaceful Pill Handbook &#8211; The Essentials\u201d.<\/em><\/p>\n<p>La nueva edici\u00f3n <strong>&#8220;La Esencia&#8221;<\/strong> es la versi\u00f3n condensada del manual <span style=\"color: #222222;\"><span style=\"font-family: Arial, serif;\"><span lang=\"es-ES-u-co-trad\">de la P\u00edldora Apacibl<strong>e<\/strong><\/span><\/span><\/span>. Las informaciones de la versi\u00f3n anterior est\u00e1n disponibles como ap\u00e9ndice.<\/p>\n<p><b>S\u00f3lo para mayores de 50 a\u00f1os\u00a0o personas gravemente enfermas.<\/b><\/p>\n<p>La suscripci\u00f3n tiene una duraci\u00f3n de 12 meses con renovaci\u00f3n autom\u00e1tica. Se aplica un descuento del 50 % despu\u00e9s del primer a\u00f1o. Puedes cancelar tu suscripci\u00f3n en cualquier momento a trav\u00e9s del enlace \u00abMi cuenta\u00bb situado en la parte superior de esta p\u00e1gina.<\/p>\n<div id=\"gtx-trans\" style=\"position: absolute; left: -23px; top: 157px;\">\n<div class=\"gtx-trans-icon\"><\/div>\n<\/div>\n","protected":false},"featured_media":27412,"template":"","meta":[],"product_brand":[],"product_cat":[68],"product_tag":[],"class_list":{"0":"post-3080","1":"product","2":"type-product","3":"status-publish","4":"has-post-thumbnail","6":"product_cat-espanol-es","8":"first","9":"instock","10":"virtual","11":"sold-individually","12":"taxable","13":"purchasable","14":"product-type-subscription"},"_links":{"self":[{"href":"https:\/\/www.peacefulpillhandbook.com\/store\/wp-json\/wp\/v2\/product\/3080","targetHints":{"allow":["GET"]}}],"collection":[{"href":"https:\/\/www.peacefulpillhandbook.com\/store\/wp-json\/wp\/v2\/product"}],"about":[{"href":"https:\/\/www.peacefulpillhandbook.com\/store\/wp-json\/wp\/v2\/types\/product"}],"wp:featuredmedia":[{"embeddable":true,"href":"https:\/\/www.peacefulpillhandbook.com\/store\/wp-json\/wp\/v2\/media\/27412"}],"wp:attachment":[{"href":"https:\/\/www.peacefulpillhandbook.com\/store\/wp-json\/wp\/v2\/media?parent=3080"}],"wp:term":[{"taxonomy":"product_brand","embeddable":true,"href":"https:\/\/www.peacefulpillhandbook.com\/store\/wp-json\/wp\/v2\/product_brand?post=3080"},{"taxonomy":"product_cat","embeddable":true,"href":"https:\/\/www.peacefulpillhandbook.com\/store\/wp-json\/wp\/v2\/product_cat?post=3080"},{"taxonomy":"product_tag","embeddable":true,"href":"https:\/\/www.peacefulpillhandbook.com\/store\/wp-json\/wp\/v2\/product_tag?post=3080"}],"curies":[{"name":"wp","href":"https:\/\/api.w.org\/{rel}","templated":true}]}}