{"id":3096,"date":"2018-08-31T23:25:50","date_gmt":"2018-08-31T22:25:50","guid":{"rendered":"https:\/\/www.peacefulpillhandbook.com\/store\/?post_type=product&#038;p=3096"},"modified":"2025-12-18T15:42:44","modified_gmt":"2025-12-18T14:42:44","slug":"lpa","status":"publish","type":"product","link":"https:\/\/www.peacefulpillhandbook.com\/store\/producto\/lpa\/?lang=es","title":{"rendered":"La p\u00edldora apacible <b>Edici\u00f3n en papel<\/b>"},"content":{"rendered":"<p><span style=\"color: #222222\"><span style=\"font-family: Arial, serif\"><span lang=\"es-ES-u-co-trad\">El <strong>Manual de la P\u00edldora Apacible<\/strong>\u00a0contiene la mejor informaci\u00f3n disponible sobre las estrategias de elecci\u00f3n de una muerte digna.<\/span><\/span><\/span><\/p>\n<p><span style=\"color: #222222\"><span style=\"font-family: Arial, serif\"><span lang=\"es-ES-u-co-trad\">El <strong>Manual de la P\u00edldora Apacible<\/strong> trata solo de estrategias fiables y apacibles.<\/span><\/span><\/span><\/p>\n<p><span style=\"color: #222222\"><span style=\"font-family: Arial, serif\"><span lang=\"es-ES-u-co-trad\">El <strong>Manual de la P\u00edldora Apacible<\/strong> se publica para personas de 50 a\u00f1os o m\u00e1s (o que est\u00e1n gravemente enfermas o tienen otras razones v\u00e1lidas para desear esta informaci\u00f3n confidencial) as\u00ed como para sus amigos y familiares.<\/span><\/span><\/span><\/p>\n<p><span style=\"color: #222222\"><span style=\"font-family: Arial, serif\"><span lang=\"es-ES-u-co-trad\">Se requerir\u00e1 una identificaci\u00f3n con foto si no podemos identificarle online.<\/span><\/span><\/span><\/p>\n<p><span style=\"color: #222222\"><span style=\"font-family: Arial, serif\"><span lang=\"es-ES-u-co-trad\">El <strong>Manual\u00a0 de la P\u00edldora Apacible<\/strong> clasifica las estrategias m\u00e1s importantes, eficaces y apacibles para una muerte digna de acuerdo con la prueba de fiabilidad y serenidad \u00fanica de Exit.<\/span><\/span><\/span><\/p>\n<p><strong><span style=\"color: #222222\"><span style=\"font-family: Arial, serif\"><span lang=\"es-ES-u-co-trad\">Cuestiones t\u00e9cnicas, legales y fiscales<\/span><\/span><\/span><\/strong><\/p>\n<ul>\n<li><span style=\"color: #222222\"><span style=\"font-family: Arial, serif\"><span lang=\"es-ES-u-co-trad\">El manual\u00a0<\/span><\/span><\/span><span style=\"color: #222222\"><span style=\"font-family: Arial, serif\"><span lang=\"es-ES-u-co-trad\">se vende solo a personas de m\u00e1s de 50 a\u00f1os de edad que disfruten de lucidez mental o a personas gravemente enfermas.<\/span><\/span><\/span><\/li>\n<li><span style=\"color: #222222\"><span style=\"font-family: Arial, serif\"><span lang=\"es-ES-u-co-trad\">Se puede solicitar una identificaci\u00f3n con foto.<\/span><\/span><\/span><\/li>\n<li><span style=\"color: #222222\"><span style=\"font-family: Arial, serif\"><span lang=\"es-ES-u-co-trad\">Le rogamos esperar hasta 48 horas para la tramitaci\u00f3n y 8 semanas para el env\u00edo<\/span><\/span><\/span><\/li>\n<li><span style=\"color: #222222\"><span style=\"font-family: Arial, serif\"><span lang=\"es-ES-u-co-trad\">El Manual tiene un impuesto fijo del 6% para ventas en\u00a0la\u00a0Uni\u00f3n Europea.<\/span><\/span><\/span><\/li>\n<\/ul>\n","protected":false},"excerpt":{"rendered":"<p><span style=\"color: #222222\"><span style=\"font-family: Arial, serif\"><span lang=\"es-ES-u-co-trad\">El <strong>Manual de la P\u00edldora Apacible <\/strong>es la t<\/span><\/span><\/span>raducci\u00f3n en espa\u00f1ol de<em> \u201cThe Peaceful Pill Handbook\u201d.<\/em><\/p>\n<p>Esta es la\u00a0edici\u00f3n en papel. La edici\u00f3n\u00a0<span style=\"color: #222222\"><span style=\"font-family: Arial, serif\"><span lang=\"es-ES-u-co-trad\">electr\u00f3nica esta <a href=\"https:\/\/www.peacefulpillhandbook.com\/store\/producto\/elpa\/?lang=es\">aqui<\/a>.<\/span><\/span><\/span><\/p>\n","protected":false},"featured_media":3087,"template":"","meta":[],"product_brand":[],"product_cat":[68],"product_tag":[],"class_list":{"0":"post-3096","1":"product","2":"type-product","3":"status-publish","4":"has-post-thumbnail","6":"product_cat-espanol-es","8":"first","9":"outofstock","10":"taxable","11":"shipping-taxable","12":"purchasable","13":"product-type-simple"},"_links":{"self":[{"href":"https:\/\/www.peacefulpillhandbook.com\/store\/wp-json\/wp\/v2\/product\/3096","targetHints":{"allow":["GET"]}}],"collection":[{"href":"https:\/\/www.peacefulpillhandbook.com\/store\/wp-json\/wp\/v2\/product"}],"about":[{"href":"https:\/\/www.peacefulpillhandbook.com\/store\/wp-json\/wp\/v2\/types\/product"}],"wp:featuredmedia":[{"embeddable":true,"href":"https:\/\/www.peacefulpillhandbook.com\/store\/wp-json\/wp\/v2\/media\/3087"}],"wp:attachment":[{"href":"https:\/\/www.peacefulpillhandbook.com\/store\/wp-json\/wp\/v2\/media?parent=3096"}],"wp:term":[{"taxonomy":"product_brand","embeddable":true,"href":"https:\/\/www.peacefulpillhandbook.com\/store\/wp-json\/wp\/v2\/product_brand?post=3096"},{"taxonomy":"product_cat","embeddable":true,"href":"https:\/\/www.peacefulpillhandbook.com\/store\/wp-json\/wp\/v2\/product_cat?post=3096"},{"taxonomy":"product_tag","embeddable":true,"href":"https:\/\/www.peacefulpillhandbook.com\/store\/wp-json\/wp\/v2\/product_tag?post=3096"}],"curies":[{"name":"wp","href":"https:\/\/api.w.org\/{rel}","templated":true}]}}