{"id":642,"date":"2018-03-25T17:27:59","date_gmt":"2018-03-25T16:27:59","guid":{"rendered":"http:\/\/www.peacefulpillhandbook.com\/store\/en\/?post_type=product&#038;p=642"},"modified":"2024-12-19T18:58:41","modified_gmt":"2024-12-19T17:58:41","slug":"dfp","status":"publish","type":"product","link":"https:\/\/www.peacefulpillhandbook.com\/store\/produkt\/dfp\/?lang=de","title":{"rendered":"Die friedliche Pille <b>Druckausgabe<\/b>"},"content":{"rendered":"<p>Der Ratgeber\u00a0<em>Die Friedliche Pille<\/em>\u00a0(Druckausgabe 2017) ist das f\u00fchrende Nachschlagewerk f\u00fcr alle, die sich Gedanken \u00fcber verl\u00e4ssliche und friedliche Methoden f\u00fcr ein selbstbestimmtes Lebensende machen. Der Ratgeber wurde f\u00fcr alte und schwerkranke Menschen sowie deren Angeh\u00f6rige zusammengestellt.<\/p>\n<p>Er enth\u00e4lt die besten und aktuellsten Informationen zum Thema, um Menschen, die am Ende ihres Lebens stehen, aber im Vollbesitz ihrer Sinne sind, qualifiziert und vernunftgeleitet \u00fcber Zeitpunkt und Art ihres Ablebens selbst zu entscheiden.<\/p>\n<p>Auf den wissenschaftlichen Erkenntnissen des Arztes und promovierten Physikers Dr. Philip Nitschke aufbauend, ist dies der EINZIGE von einem Mediziner und Wissenschaftler verfasste Ratgeber zum Thema Sterbehilfe.<\/p>\n<p>Zudem verwendet der Ratgeber einen verst\u00e4ndlichen Verl\u00e4sslichkeits- und Sanftheits-Test (VS-Test) zur Analyse und Einstufung verschiedener Methoden des selbstbestimmten Lebensendes.<\/p>\n<p><strong>Die Kriterien des VS-Tests sind folgende:<\/strong><\/p>\n<ul>\n<li>Verl\u00e4sslichkeit<\/li>\n<li>Sanftheit<\/li>\n<li>Verf\u00fcgbarkeit<\/li>\n<li>Vorbereitung und Anwendung<\/li>\n<li>Nicht-Nachweisbarkeit<\/li>\n<li>Einwirkungszeit<\/li>\n<li>Sicherheit f\u00fcr Dritte<\/li>\n<li>Haltbarkeit<\/li>\n<\/ul>\n<p><strong>Folgende Bereiche werden vom Ratgeber Die Friedliche Pille mithilfe des VS-Tests bewertet:<\/strong><\/p>\n<ul>\n<li>Barbiturate: Beschaffung (Handel\/Internet), Analyse, Lagerung, Herstellung, Darreichung<\/li>\n<li>Hypoxie unter Verwendung z. B. von Helium, Nitrogen, Stickstoff und dem so genannten Exit Bag<\/li>\n<li>Verschreibungspflichtige Medikamente<\/li>\n<li>Gifte und Chemikalien \u2013 Warnungen, Risiken, Rechtsfragen<\/li>\n<li>Danach \u2013 Obduktion, Abschiedsbriefe und polizeiliche Ermittlungen<\/li>\n<\/ul>\n<p><strong>Diese Druckausgabe des Buches enth\u00e4lt:<\/strong><\/p>\n<p>\u2022 \u00a0 \u00a0Keine Aktualisierungen<br \/>\n\u2022\u00a0 \u00a0 keine Mitgliedschaft in den Exit\u00a0<a href=\"http:\/\/www.peacefulpillforums.com\/\" target=\"_blank\" rel=\"noopener\">Online Forums<\/a><\/p>\n<p><strong>Rechtliches<\/strong><\/p>\n<ul>\n<li>Das E-Buch wird nur an zurechnungsf\u00e4hige Menschen mit 50 Jahren oder mehr verkauft. Ausnahmen k\u00e4nnen Im Falle einer schwerwiegender Krankheit gemacht werden.<\/li>\n<li>Es k\u00f6nnte ein Bildausweis verlangt werden.<\/li>\n<\/ul>\n","protected":false},"excerpt":{"rendered":"<p>Der Ratgeber\u00a0<strong><em>Die Friedliche Pille<\/em><\/strong>\u00a0ist Pflichtlekt\u00fcre zum Thema Sterbehilfe f\u00fcr alte und schwerkranke Menschen.<\/p>\n<p><strong>Dies ist die Druckausgabe 2017.<\/strong><br \/>\n<strong>Die digitale Ausgabe des Handbuchs finden Sie <a href=\"https:\/\/www.peacefulpillhandbook.com\/store\/de\/?product=the-peaceful-pill-ehandbook\">hier<\/a><\/strong><\/p>\n","protected":false},"featured_media":554,"template":"","meta":[],"product_brand":[],"product_cat":[40],"product_tag":[],"class_list":{"0":"post-642","1":"product","2":"type-product","3":"status-publish","4":"has-post-thumbnail","6":"product_cat-deutsch-de","8":"first","9":"outofstock","10":"taxable","11":"shipping-taxable","12":"purchasable","13":"product-type-simple"},"_links":{"self":[{"href":"https:\/\/www.peacefulpillhandbook.com\/store\/wp-json\/wp\/v2\/product\/642","targetHints":{"allow":["GET"]}}],"collection":[{"href":"https:\/\/www.peacefulpillhandbook.com\/store\/wp-json\/wp\/v2\/product"}],"about":[{"href":"https:\/\/www.peacefulpillhandbook.com\/store\/wp-json\/wp\/v2\/types\/product"}],"wp:featuredmedia":[{"embeddable":true,"href":"https:\/\/www.peacefulpillhandbook.com\/store\/wp-json\/wp\/v2\/media\/554"}],"wp:attachment":[{"href":"https:\/\/www.peacefulpillhandbook.com\/store\/wp-json\/wp\/v2\/media?parent=642"}],"wp:term":[{"taxonomy":"product_brand","embeddable":true,"href":"https:\/\/www.peacefulpillhandbook.com\/store\/wp-json\/wp\/v2\/product_brand?post=642"},{"taxonomy":"product_cat","embeddable":true,"href":"https:\/\/www.peacefulpillhandbook.com\/store\/wp-json\/wp\/v2\/product_cat?post=642"},{"taxonomy":"product_tag","embeddable":true,"href":"https:\/\/www.peacefulpillhandbook.com\/store\/wp-json\/wp\/v2\/product_tag?post=642"}],"curies":[{"name":"wp","href":"https:\/\/api.w.org\/{rel}","templated":true}]}}