{"id":643,"date":"2018-03-25T17:30:18","date_gmt":"2018-03-25T16:30:18","guid":{"rendered":"http:\/\/www.peacefulpillhandbook.com\/store\/en\/?post_type=product&#038;p=643"},"modified":"2025-12-01T00:53:04","modified_gmt":"2025-11-30T23:53:04","slug":"edfp","status":"publish","type":"product","link":"https:\/\/www.peacefulpillhandbook.com\/store\/produkt\/edfp\/?lang=de","title":{"rendered":"Die friedliche Pille <br><b><i>The Essentials <\/i><\/b><br>Digitale Ausgabe"},"content":{"rendered":"<p>Diese Internetausgabe des\u00a0<strong><em>E-Buchs &#8220;Die friedliche Pille &#8211; The Essentials&#8221;<\/em><\/strong>\u00a0wird bis zu 6 Mal j\u00e4hrlich aktualisiert, damit Leser stets \u00fcber wichtige Informationen in Bezug auf Euthanasie und Sterbehilfe informiert sind.<\/p>\n<p>Das\u00a0<strong><em>E-Buch &#8220;Die friedliche Pille &#8211; The Essentials&#8221;<\/em><\/strong>\u00a0befasst sich nur mit Strategien die verl\u00e4sslich und sanft sind.<\/p>\n<p dir=\"ltr\">Die Druckausgabe und die Internetausgabe des Handbuchs Die friedliche Pille hat das Ziel Informationen \u00fcber Euthanasie, Sterbehilfe und assistierten Suizid f\u00fcr \u00e4ltere, schwer kranke Menschen (z. Beispiel an Krebs oder ALS erkrankt) und deren Familienangeh\u00f6rigen und Freunden zu liefern.<\/p>\n<p dir=\"ltr\"><strong>Das Mindestalter f\u00fcr Abonnenten des Handbuchs\u00a0 ist 50 Jahre<\/strong>. Im Zweifelsfall kann ein Bildausweis verlangt werden.<\/p>\n<p dir=\"ltr\"><strong>Wie das E-Buch funktioniert<\/strong><\/p>\n<ul>\n<li dir=\"ltr\">Abonnenten erhalten die pers\u00f6nlichen Zugangsdaten per Email<\/li>\n<li dir=\"ltr\">Abonnements werden wenige Stunden (max. 48 Stunden) nach dem Kauf aktiviert<\/li>\n<li dir=\"ltr\">Das E-Buch wird mehr als 6 Mal pro Jahr mit Neuigkeiten und Entwicklungen aktualisiert<\/li>\n<li dir=\"ltr\">Zugang mit PC, Mac, iPad, iPhone, Tablets und Android<\/li>\n<li dir=\"ltr\">Keine spezielle Software notwendig<\/li>\n<li dir=\"ltr\">Text und Videos k\u00f6nnen vergr\u00f6\u00dfert werden<\/li>\n<li dir=\"ltr\">Kostenlose Mitgliedschaft in den Forums von Exit International (nach Genehmigung, Bildausweis erforderlich, einmonatige Wartezeit)<\/li>\n<li dir=\"ltr\">50% Rabatt bei Erneuerung des Abonnements<\/li>\n<\/ul>\n<p dir=\"ltr\">Das\u00a0<strong><em>E-Buch Die friedliche Pille &#8211; The Essentials<\/em><\/strong>\u00a0listet die wichtigsten, wirkungsvolleren und sanftesten Strategien zum Lebensende dank Exits Test \u00fcber Sanftheit und Verl\u00e4sslichkeit.<\/p>\n<p dir=\"ltr\">Die digitale Version erm\u00f6glicht eine st\u00e4ndige Aktualisierung und somit Informationen stets auf dem neuesten Stand.<\/p>\n<p dir=\"ltr\"><strong>Zusammenfassend<\/strong><\/p>\n<ul>\n<li dir=\"ltr\">Abonnement dauert 24 Monate, danach kann das Abonnement des E-Buchs mit 50% Rabatt erneuert werden<\/li>\n<li dir=\"ltr\">Abonnenten erhalten pers\u00f6nliche Zugangsdaten (Username und Kennwort)<\/li>\n<li dir=\"ltr\">Das E-Buch enth\u00e4lt Text, Bilder und Videos mit Untertiteln auf Deutsch<\/li>\n<li dir=\"ltr\">Die Seiten des E-Buchs k\u00f6nnen f\u00fcr schwersichtige vergr\u00f6\u00dfert werden und k\u00f6nnen ausgedruckt werden.<\/li>\n<li dir=\"ltr\">Abonnement zum E-Buch beinhaltet die kostenlose Mitgliedschaft in den Forums von Exit International (nach Genehmigung, Bildausweis erforderlich, einmonatige Wartezeit, Ausnahmen m\u00f6glich)<\/li>\n<\/ul>\n<p dir=\"ltr\"><strong>Technisches und Rechtliches<\/strong><\/p>\n<ul>\n<li dir=\"ltr\">Das E-Buch kann auf verschiedenen Ger\u00e4ten verwendet werden, inkl. iPads\/iPhones &amp; Android (keine zus\u00e4tzliche Software erforderlich)<\/li>\n<li dir=\"ltr\">Beim Kauf wird Ihre Email als Username verwendet<\/li>\n<li dir=\"ltr\">Das E-Buch wird nur an zurechnungsf\u00e4hige Menschen mit 50 Jahren oder mehr verkauft. Ausnahmen k\u00e4nnen Im Falle einer schwerwiegender Krankheit gemacht werden.<\/li>\n<li dir=\"ltr\">Es k\u00f6nnte ein Bildausweis verlangt werden.<\/li>\n<li dir=\"ltr\">Anmerkung: das E-Buch eignet sich nicht f\u00fcr Kindle, es sei den man verwendet den Silk Browser.<\/li>\n<li dir=\"ltr\">Auftr\u00e4ge werden binnen 48 Stunden bearbeitet.<\/li>\n<\/ul>\n","protected":false},"excerpt":{"rendered":"<p>Das\u00a0<strong>E-Buch <em>Die friedliche Pille &#8211; The Essentials<\/em><\/strong>\u00a0ist die deutsche \u00dcbersetzung des bekannten &#8220;The Peaceful Pill Handbook &#8211; The Essentials&#8221;.<\/p>\n<p>Die neue Ausgabe <strong>&#8220;The Essentials&#8221;<\/strong> ist die kompakte Version des Handbuchs. Die Informationen aus der vorherigen Ausgabe sind als Anhang verf\u00fcgbar.<\/p>\n<p><strong><em>Videos jetzt mit deutschen Untertiteln!<\/em><\/strong><\/p>\n<p>Das Abonnement hat eine Laufzeit von 12 Monaten mit automatischer Verl\u00e4ngerung. Nach dem ersten Jahr gilt ein Rabatt von 50 %. Sie k\u00f6nnen Ihr Abonnement jederzeit \u00fcber den Link \u201eMein Konto\u201c oben auf dieser Seite k\u00fcndigen.<\/p>\n<div id=\"gtx-trans\" style=\"position: absolute; left: -36px; top: 158px;\">\n<div class=\"gtx-trans-icon\"><\/div>\n<\/div>\n","protected":false},"featured_media":27418,"template":"","meta":[],"product_brand":[],"product_cat":[40],"product_tag":[],"class_list":{"0":"post-643","1":"product","2":"type-product","3":"status-publish","4":"has-post-thumbnail","6":"product_cat-deutsch-de","8":"first","9":"instock","10":"virtual","11":"sold-individually","12":"taxable","13":"purchasable","14":"product-type-subscription"},"_links":{"self":[{"href":"https:\/\/www.peacefulpillhandbook.com\/store\/wp-json\/wp\/v2\/product\/643","targetHints":{"allow":["GET"]}}],"collection":[{"href":"https:\/\/www.peacefulpillhandbook.com\/store\/wp-json\/wp\/v2\/product"}],"about":[{"href":"https:\/\/www.peacefulpillhandbook.com\/store\/wp-json\/wp\/v2\/types\/product"}],"wp:featuredmedia":[{"embeddable":true,"href":"https:\/\/www.peacefulpillhandbook.com\/store\/wp-json\/wp\/v2\/media\/27418"}],"wp:attachment":[{"href":"https:\/\/www.peacefulpillhandbook.com\/store\/wp-json\/wp\/v2\/media?parent=643"}],"wp:term":[{"taxonomy":"product_brand","embeddable":true,"href":"https:\/\/www.peacefulpillhandbook.com\/store\/wp-json\/wp\/v2\/product_brand?post=643"},{"taxonomy":"product_cat","embeddable":true,"href":"https:\/\/www.peacefulpillhandbook.com\/store\/wp-json\/wp\/v2\/product_cat?post=643"},{"taxonomy":"product_tag","embeddable":true,"href":"https:\/\/www.peacefulpillhandbook.com\/store\/wp-json\/wp\/v2\/product_tag?post=643"}],"curies":[{"name":"wp","href":"https:\/\/api.w.org\/{rel}","templated":true}]}}