{"id":648,"date":"2018-03-25T17:38:51","date_gmt":"2018-03-25T16:38:51","guid":{"rendered":"http:\/\/www.peacefulpillhandbook.com\/store\/en\/?post_type=product&#038;p=648"},"modified":"2025-12-01T00:57:12","modified_gmt":"2025-11-30T23:57:12","slug":"elpq","status":"publish","type":"product","link":"https:\/\/www.peacefulpillhandbook.com\/store\/prodotto\/elpq\/?lang=it","title":{"rendered":"La pillola della quiete <br><b>Edizione &#8220;L&#8217;essenziale&#8221; <\/b><br><i>Versione digitale<\/i>"},"content":{"rendered":"<p dir=\"ltr\">Questa versione online del <em><strong>manuale<\/strong><\/em>\u00a0<em><strong>La pillola della quiete &#8211; L&#8217;essenziale\u00a0<\/strong><\/em>\u00a0viene aggiornata fino a 6 volte all\u2019anno, in modo che i lettori siano sempre informati sugli sviluppi in materia di eutanasia e suicidio assistito.<\/p>\n<p dir=\"ltr\"><em><strong>Il manuale La pillola della quiete &#8211; L&#8217;essenziale<\/strong><\/em>\u00a0descrive strategie pacifiche, tranquille e affidabili.<\/p>\n<p dir=\"ltr\">Sia la versione stampata che quella digitale del manuale ha lo scopo di fornire informazioni su eutanasia e assistenza al suicidio per persone anziane o gravemente malate (per esempio di cancro o SLA), per famigliari e amici.<\/p>\n<p dir=\"ltr\">L\u2019et\u00e0 minima per abbonarsi al manuale \u00e8 50 anni. In taluni casi pu\u00f2 essere richiesta copia di un documento d\u2019identit\u00e0.<\/p>\n<p dir=\"ltr\"><strong>Come funziona l\u2019ebook <em>La pillola della quiete<\/em>:<\/strong><\/p>\n<ul>\n<li dir=\"ltr\">Gli abbonati ottengono i dati di accesso per email<\/li>\n<li dir=\"ltr\">Gli abbonamenti vengono attivati poche ore (massimo 48) dopo l\u2019acquisto<\/li>\n<li dir=\"ltr\">L\u2019ebook viene aggiornato pi\u00f9 di 6 volta all\u2019anno con novit\u00e0 e sviluppi<\/li>\n<li dir=\"ltr\">L\u2019intero libro o singole pagine possono essere stampate<\/li>\n<li dir=\"ltr\">Accesso possibile da PC, Mac, iPhone, iPad, Tablet o dispositivi Android<\/li>\n<li dir=\"ltr\">Non necessita di installazioni o software particolari<\/li>\n<li dir=\"ltr\">Testo e video ingrandibile<\/li>\n<li dir=\"ltr\">Accesso gratuito ai forum di Exit International (salvo approvazione dopo un periodo di attesa di un mese &#8211; \u00e8 richiesta copia di un documento di identit\u00e0)<\/li>\n<li dir=\"ltr\">50% di sconto sui successivi rinnovi dell\u2019abbonamento<\/li>\n<\/ul>\n<p dir=\"ltr\">L\u2019ebook\u00a0<em><strong>La pillola della quiete<\/strong><\/em>\u00a0elenca le strategie pi\u00f9 importanti, efficaci e pacifiche per il proprio fine vita, grazie al test di Exit su tranquillit\u00e0 e affidabilit\u00e0.<\/p>\n<p dir=\"ltr\">La versione digitale online permette un costante aggiornamento dei contenuti.<\/p>\n<p dir=\"ltr\"><strong>Riassumendo<\/strong><\/p>\n<ul>\n<li dir=\"ltr\">L&#8217;abbonamento ha una durata di 24 mesi, rinnovabile prima della scadenza con uno sconto del 50%.<\/li>\n<li dir=\"ltr\">Gli abbonati ottengono i dati di accesso (username e password) per email entro 48 ore<\/li>\n<li dir=\"ltr\">L\u2019ebook contiene testo, immagini e video sottotitolati in italiano<\/li>\n<li dir=\"ltr\">L\u2019abbonamento comprende l\u2019accesso gratuito ai forum online di Exit International (salvo approvazione e dopo un periodo di attesa di un mese dall\u2019acquisto &#8211; \u00e8 richiesta copia di un documento di identit\u00e0)<\/li>\n<\/ul>\n<p dir=\"ltr\"><strong>Aspetti tecnici e legali<\/strong><\/p>\n<ul>\n<li dir=\"ltr\">L\u2019e-book pu\u00f2 essere visualizzato su diversi dispositivi, compresi iPad\/iPhone e smartphone Android (non sono necessari software addizionali)<\/li>\n<li dir=\"ltr\">L\u2019email utilizzata per l\u2019acquisto funger\u00e0 da username<\/li>\n<li dir=\"ltr\">L\u2019e-book viene venduto solo a persone capaci di intendere e di volere con un\u2019et\u00e0 minima di 50 anni. In caso di malattie gravi o motivazioni fondate si possono fare delle eccezioni.<\/li>\n<li dir=\"ltr\">Pu\u00f2 essere richiesta una verifica dell&#8217;et\u00e0.<\/li>\n<li dir=\"ltr\">Nota: l\u2019e-book \u00e8 leggibile su Kindle solo utilizzando il Silk Browser<\/li>\n<li dir=\"ltr\">Gli ordini vengono elaborati entro 48 ore<\/li>\n<\/ul>\n<p dir=\"ltr\">Trovate maggiori informazioni sul nostro\u00a0<a href=\"https:\/\/www.peacefulpillhandbook.com\/italiano\/\">sito Internet<\/a>.<\/p>\n<div id=\"gtx-trans\" style=\"position: absolute; left: 40px; top: 600px;\">\n<div class=\"gtx-trans-icon\"><\/div>\n<\/div>\n","protected":false},"excerpt":{"rendered":"<p>Il <strong><em>manuale digitale\u00a0La pillola della quiete<\/em><\/strong>\u00a0\u00e8 la traduzione in italiano del famoso \u201cThe Peaceful Pill Handbook\u201d.<\/p>\n<p>La nuova edizione<strong><em> &#8220;L&#8217;essenziale&#8221; <\/em><\/strong>\u00e8 la versione condensata del manuale <em>La pillola della quiete<\/em>.\u00a0Le informazioni della versione precedente sono disponibili come appendice.<\/p>\n<p><strong>Si ricorda che il manuale \u00e8 indirizzato a\u00a0\u00a0persone gravemente malate e\/o con pi\u00f9 di 50 anni. Prima dell&#8217;attivazione dell&#8217;abbonamento pu\u00f2 essere richiesta relativa documentazione.<\/strong><\/p>\n<p>L&#8217;abbonamento ha una durata di 12 mesi con rinnovo automatico. Dopo il primo anno \u00e8 previsto uno sconto del 50%. \u00c8 possibile annullare l&#8217;abbonamento in qualsiasi momento tramite il link \u201cIl mio account\u201d nella parte superiore di questa pagina.<\/p>\n<div id=\"gtx-trans\" style=\"position: absolute; left: -2px; top: 134px;\">\n<div class=\"gtx-trans-icon\"><\/div>\n<\/div>\n","protected":false},"featured_media":27384,"template":"","meta":[],"product_brand":[],"product_cat":[42],"product_tag":[],"class_list":{"0":"post-648","1":"product","2":"type-product","3":"status-publish","4":"has-post-thumbnail","6":"product_cat-italiano-it","8":"first","9":"instock","10":"virtual","11":"sold-individually","12":"taxable","13":"purchasable","14":"product-type-subscription"},"_links":{"self":[{"href":"https:\/\/www.peacefulpillhandbook.com\/store\/wp-json\/wp\/v2\/product\/648","targetHints":{"allow":["GET"]}}],"collection":[{"href":"https:\/\/www.peacefulpillhandbook.com\/store\/wp-json\/wp\/v2\/product"}],"about":[{"href":"https:\/\/www.peacefulpillhandbook.com\/store\/wp-json\/wp\/v2\/types\/product"}],"wp:featuredmedia":[{"embeddable":true,"href":"https:\/\/www.peacefulpillhandbook.com\/store\/wp-json\/wp\/v2\/media\/27384"}],"wp:attachment":[{"href":"https:\/\/www.peacefulpillhandbook.com\/store\/wp-json\/wp\/v2\/media?parent=648"}],"wp:term":[{"taxonomy":"product_brand","embeddable":true,"href":"https:\/\/www.peacefulpillhandbook.com\/store\/wp-json\/wp\/v2\/product_brand?post=648"},{"taxonomy":"product_cat","embeddable":true,"href":"https:\/\/www.peacefulpillhandbook.com\/store\/wp-json\/wp\/v2\/product_cat?post=648"},{"taxonomy":"product_tag","embeddable":true,"href":"https:\/\/www.peacefulpillhandbook.com\/store\/wp-json\/wp\/v2\/product_tag?post=648"}],"curies":[{"name":"wp","href":"https:\/\/api.w.org\/{rel}","templated":true}]}}