{"id":657,"date":"2018-03-25T20:27:08","date_gmt":"2018-03-25T19:27:08","guid":{"rendered":"http:\/\/www.peacefulpillhandbook.com\/store\/en\/?post_type=product&#038;p=657"},"modified":"2025-12-01T00:49:51","modified_gmt":"2025-11-30T23:49:51","slug":"elpd","status":"publish","type":"product","link":"https:\/\/www.peacefulpillhandbook.com\/store\/produit\/elpd\/?lang=fr","title":{"rendered":"Pilule Douce <br><i>L&#8217;Essentiel <\/i><br><b>Version en ligne<\/b>"},"content":{"rendered":"<p style=\"font-weight: 400;\"><em><strong>Pilule Douce &#8211; L&#8217;Essentiel\u00a0<\/strong><\/em> donne des informations pr\u00e9cises, et mises \u00e0 jour r\u00e9guli\u00e8rement, afin que les personnes en fin de vie et en pleine possession de leurs facult\u00e9s mentales puissent d\u00e9cider librement quand et comment elles vont mourir.<\/p>\n<p style=\"font-weight: 400;\"><em><strong>Pilule Douce &#8211; L&#8217;Essentiel<\/strong><\/em>, qui s\u2019appuie sur les connaissances scientifiques du docteur Philip Nischke , m\u00e9decin et docteur en physique, est le SEUL manuel sur l\u2019aide \u00e0 mourir \u00a0r\u00e9dig\u00e9 par un m\u00e9decin et scientifique.<\/p>\n<p style=\"font-weight: 400;\">De plus, <em><strong>Pilule Douce &#8211; L&#8217;Essentiel<\/strong><\/em> analyse et classe les diff\u00e9rentes m\u00e9thodes selon plusieurs crit\u00e8res comme la fiabilit\u00e9 et la s\u00e9r\u00e9nit\u00e9, c\u2019est le test F\/S.<\/p>\n<p style=\"font-weight: 400;\">Pilule Douce teste \u00a0ainsi les m\u00e9thodes suivantes\u00a0:<\/p>\n<ul>\n<li style=\"font-weight: 400;\">Les barbituriques, o\u00f9 les trouver\u00a0?\u00a0L\u2019analyse. Le stockage. La fabrication.<\/li>\n<li style=\"font-weight: 400;\">L\u2019hypoxie avec l\u2019azote et le sac Exit<\/li>\n<li>Le sels<\/li>\n<li style=\"font-weight: 400;\">Les m\u00e9dicaments sur ordonnance.<\/li>\n<li style=\"font-weight: 400;\">Les poisons et les produits chimiques. Les mises en garde. Les risques. Les questions juridiques.<\/li>\n<\/ul>\n<p style=\"font-weight: 400;\"><em><strong>Pilule Douce<\/strong><\/em> consid\u00e8re aussi l\u2019apr\u00e8s mort\u00a0: L\u2019autopsie. Les lettres d\u2019adieu. Les enqu\u00eates polici\u00e8res.<\/p>\n<ul>\n<li>Vous devez avoir au moins 50 ans et \u00eatre en pleine possession de vos facult\u00e9s mentales, sans ant\u00e9c\u00e9dents psychiatriques. Bien entendu, une exception peut \u00eatre accord\u00e9e en cas de grave maladie ou pour tout autre raison valable.<\/li>\n<li>Une vid\u00e9o\u00a0 et\/ou une pi\u00e8ce d\u2019identit\u00e9 avec photo peut\u00a0\u00eatre demand\u00e9e avant l&#8217;activation du abonnement.<\/li>\n<li>Vous pourrez lire\u00a0<i>Pilule Douce<\/i>\u00a0sur un ordinateur de bureau, un ordinateur portable, une tablette Android, un iPad, un iPhone ou un smartphone Android<\/li>\n<\/ul>\n","protected":false},"excerpt":{"rendered":"<p>Le manuel <em><strong>Pilule Douce<\/strong><\/em>\u00a0<strong>&#8211; L&#8217;Essentiel<\/strong> est l\u2019ouvrage de r\u00e9f\u00e9rence pour tous ceux qui cherchent une m\u00e9thode fiable et sereine pour une fin de vie autog\u00e9r\u00e9e. Ce manuel s\u2019adresse aux personnes \u00e2g\u00e9es et gravement malades ainsi qu\u2019\u00e0 leurs proches.<\/p>\n<p>La nouvelle \u00e9dition &#8220;<strong>L&#8217;Essentiel<\/strong>&#8221; est la version condens\u00e9e de Pilule Douce. Les informations de la version pr\u00e9c\u00e9dente restent disponibles en annexe.<\/p>\n<p>Ce manuel est destin\u00e9 aux personnes \u00e2g\u00e9es de 50 ans et plus.<\/p>\n<p>L&#8217;abonnement a une dur\u00e9e de 12 mois avec renouvellement automatique. Une r\u00e9duction de 50 % s&#8217;applique apr\u00e8s la premi\u00e8re ann\u00e9e. Vous pouvez annuler votre abonnement \u00e0 tout moment via le lien \u00ab Mon compte \u00bb en haut de cette page.<\/p>\n<div id=\"gtx-trans\" style=\"position: absolute; left: -81px; top: 182px;\">\n<div class=\"gtx-trans-icon\"><\/div>\n<\/div>\n","protected":false},"featured_media":32559,"template":"","meta":[],"product_brand":[],"product_cat":[41],"product_tag":[],"class_list":{"0":"post-657","1":"product","2":"type-product","3":"status-publish","4":"has-post-thumbnail","6":"product_cat-francais-fr","8":"first","9":"instock","10":"virtual","11":"sold-individually","12":"taxable","13":"purchasable","14":"product-type-subscription"},"_links":{"self":[{"href":"https:\/\/www.peacefulpillhandbook.com\/store\/wp-json\/wp\/v2\/product\/657","targetHints":{"allow":["GET"]}}],"collection":[{"href":"https:\/\/www.peacefulpillhandbook.com\/store\/wp-json\/wp\/v2\/product"}],"about":[{"href":"https:\/\/www.peacefulpillhandbook.com\/store\/wp-json\/wp\/v2\/types\/product"}],"wp:featuredmedia":[{"embeddable":true,"href":"https:\/\/www.peacefulpillhandbook.com\/store\/wp-json\/wp\/v2\/media\/32559"}],"wp:attachment":[{"href":"https:\/\/www.peacefulpillhandbook.com\/store\/wp-json\/wp\/v2\/media?parent=657"}],"wp:term":[{"taxonomy":"product_brand","embeddable":true,"href":"https:\/\/www.peacefulpillhandbook.com\/store\/wp-json\/wp\/v2\/product_brand?post=657"},{"taxonomy":"product_cat","embeddable":true,"href":"https:\/\/www.peacefulpillhandbook.com\/store\/wp-json\/wp\/v2\/product_cat?post=657"},{"taxonomy":"product_tag","embeddable":true,"href":"https:\/\/www.peacefulpillhandbook.com\/store\/wp-json\/wp\/v2\/product_tag?post=657"}],"curies":[{"name":"wp","href":"https:\/\/api.w.org\/{rel}","templated":true}]}}